{"id":20180,"date":"2022-06-28T09:52:30","date_gmt":"2022-06-28T07:52:30","guid":{"rendered":"https:\/\/shop.lattebusche.com\/?page_id=20180"},"modified":"2022-06-28T09:52:32","modified_gmt":"2022-06-28T07:52:32","slug":"termini-e-condizioni-duso","status":"publish","type":"page","link":"https:\/\/shop.lattebusche.com\/it\/termini-e-condizioni-duso\/","title":{"rendered":"Termini e condizioni d&#8217;uso"},"content":{"rendered":"<h2 class=\"wp-block-heading\">Condizioni generali di vendita on line<\/h2><h3 class=\"wp-block-heading\"><strong>Disposizioni generali<\/strong><\/h3><p>Le presenti condizioni sono valide esclusivamente tra la Lattebusche SCA e qualsiasi persona che effettua acquisti online sul sito internet www.lattebusche.com di seguito denominata &#8221;CLIENTE&#8221;. Queste condizioni possono essere oggetto di modifiche; la data di messa in linea equivale alla data di entrata in vigore.<\/p><p>Le presenti condizioni generali disciplinano gli acquisti effettuati sul sito www.lattebusche.com, conformemente agli articoli 50 e seguenti del D.Lgs n. 206 del 6 settembre 2005, Codice del consumo, sezione II del capo I del Titolo terzo della Parte terza, ai quali si rimanda come previsto dall&#8217;art. 60 del Codice del consumo.<\/p><h3 class=\"wp-block-heading\"><strong>ARTICOLO 1 &#8211; Oggetto del contratto<\/strong><\/h3><p>Con le presenti condizioni generali di vendita, LATTEBUSCHE vende e il CLIENTE acquista a distanza i beni mobili materiali indicati ed offerti in vendita sul sito www.lattebusche.com. Il contratto si conclude esclusivamente attraverso la rete internet, mediante l&#8217;accesso del CLIENTE all&#8217;indirizzo www.lattebusche.com e la realizzazione di un ordine di acquisto secondo la procedura prevista dal sito stesso.<\/p><h3 class=\"wp-block-heading\"><strong>ARTICOLO 2 &#8211; Conclusione ed efficacia del contratto<\/strong><\/h3><ol class=\"wp-block-list\"><li>La vendita sar\u00e0 considerata conclusa con l&#8217;invio da parte di LATTEBUSCHE al CLIENTE di un&#8217;e-mail di conferma dell&#8217;ordine. L&#8217;e-mail contiene gli estremi del CLIENTE e dell&#8217;ordine, il prezzo della merce acquistata, le spese di trasporto e l&#8217;indirizzo di spedizione al quale sar\u00e0 inviata la merce. Il CLIENTE si impegna a verificare la correttezza dei dati in essa contenuti e a comunicare tempestivamente eventuali correzioni.<\/li><li>LATTEBUSCHE si impegna a descrivere e presentare gli articoli venduti sul sito nel miglior modo possibile. Ciononostante potrebbero evidenziarsi alcuni errori, imprecisioni o piccole differenze tra il sito e il prodotto reale. Inoltre le fotografie dei prodotti presentate su www.lattebusche.com non costituiscono elemento contrattuale, in quanto solo rappresentative.<\/li><li>LATTEBUSCHE si impegna a consegnare la merce entro 30 giorni decorrenti dal giorno successivo a quello della conferma d&#8217;ordine da parte del CLIENTE.<\/li><li>Se per qualsiasi motivo LATTEBUSCHE non fosse in grado di adempiere nei termini della data di consegna, il CLIENTE sar\u00e0 prontamente avvisato e potr\u00e0 portare avanti l&#8217;acquisto fissando una nuova data di consegna, oppure annullare l&#8217;ordine con il conseguente rimborso dell&#8217;intero versato.<\/li><\/ol><h3 class=\"wp-block-heading\"><strong>ARTICOLO 3 &#8211; Disponibilit\u00e0 dei prodotti<\/strong><\/h3><ol class=\"wp-block-list\"><li>La disponibilit\u00e0 dei prodotti si riferisce a quella presente nel momento in cui il CLIENTE consulta le schede del prodotto; questa deve comunque essere considerata puramente indicativa perch\u00e9, per effetto della contemporanea presenza sul sito di pi\u00f9 utenti, i prodotti potrebbero essere venduti ad altri prima della conferma dell&#8217;ordine.<\/li><li>Anche in seguito all&#8217;invio dell&#8217;e-mail di conferma dell&#8217;ordine da parte di LATTEBUSCHE, potrebbero verificarsi casi di indisponibilit\u00e0 parziale o totale della merce. In questa eventualit\u00e0, il CLIENTE verr\u00e0 tempestivamente informato e potr\u00e0 decidere se accettare la consegna dei soli prodotti disponibili o richiedere l&#8217;annullamento dell&#8217;ordine comunicandolo via e-mail al servizio clienti.<\/li><\/ol><h3 class=\"wp-block-heading\"><strong>ARTICOLO 4 &#8211; Modalit\u00e0 di pagamento<\/strong><\/h3><ol class=\"wp-block-list\"><li>Ogni pagamento da parte del CLIENTE potr\u00e0 avvenire unicamente per mezzo di Pay Pal, con bonifico bancario o in contrassegno.<br>Accettiamo solo pagamenti da conti PayPal verificati. La merce partir\u00e0 una volta ricevuto il pagamento.<br>Per i pagamenti effettuati a mezzo carta di credito, se l&#8217;indisponibilit\u00e0 di un prodotto viene rilevata dopo la registrazione dell&#8217;ordine e la prenotazione del montante sulla carta, LATTEBUSCHE intraprender\u00e0 le misure necessarie con l&#8217;operatore dei pagamenti per stornare la transazione relativa alla merce non disponibile. L&#8217;effettivo addebito dell&#8217;importo dell&#8217;ordine avverr\u00e0 soltanto nel momento in cui questo sar\u00e0 completo e pronto per la spedizione.<br>Le comunicazioni relative al pagamento e i dati comunicati dal CLIENTE nel momento in cui questo viene effettuato avvengono su apposite linee protette e con tutte le garanzie assicurate dall&#8217;utilizzo dei protocolli di sicurezza previsti dai circuiti di pagamento.<br>Per gli ordini con consegna all\u2019estero non \u00e8 possibile utilizzare il pagamento alla consegna.<\/li><\/ol><h3 class=\"wp-block-heading\"><strong>ARTICOLO 5 &#8211; Prezzi<\/strong><\/h3><ol class=\"wp-block-list\"><li>Tutti i prezzi di vendita dei prodotti esposti ed indicati sul sito www.lattebusche.com sono espressi in Euro e sono comprensivi di IVA.<\/li><li>I costi di spedizione non sono compresi nel prezzo d&#8217;acquisto, ma sono indicati e calcolati al momento della conclusione del processo di acquisto prima dell&#8217;effettuazione del pagamento.<\/li><li>Il CLIENTE accetta la facolt\u00e0 di LATTEBUSCHE di modificare i suoi prezzi in qualsiasi momento, tuttavia la merce sar\u00e0 fatturata sulla base dei prezzi indicati sul sito al momento dell&#8217;ordine e confermati nell&#8217;e-mail inviata da LATTEBUSCHE come conferma dell&#8217;acquisizione dell&#8217;ordine.<\/li><\/ol><h3 class=\"wp-block-heading\"><strong>ARTICOLO 6 \u2013 Reclami &#8211; Vizi e difetti<\/strong><\/h3><ol class=\"wp-block-list\"><li>In caso di ricezione di prodotti non conformi agli ordini e\/o difettosi, il CLIENTE dovr\u00e0 comunicarlo, entro due giorni dalla ricezione, al servizio clienti LATTEBUSCHE, specificando se desidera la sostituzione dell&#8217;articolo o se desidera avere il rimborso. LATTEBUSCHE provveder\u00e0 a contattare il corriere che, compatibilmente con la sua disponibilit\u00e0, ritirer\u00e0 la merce. LATTEBUSCHE si riserva la facolt\u00e0 di verificare la non conformit\u00e0 contestata ed in caso di conferma provveder\u00e0 alla spedizione della merce sostitutiva o al rimborso con riaccredito sulla carta utilizzata dal cliente per l&#8217;acquisto.<\/li><li>Eventuali reclami cos\u00ec come eventuali commenti e suggerimenti potranno essere inoltrati a LATTEBUSCHE per iscritto via mail all\u2019indirizzo shop@lattebusche.it o attraverso il modulo di contatto presente all\u2019interno del sito.<\/li><\/ol><h3 class=\"wp-block-heading\"><strong>ARTICOLO 7 &#8211; Diritto di recesso<\/strong><\/h3><ol class=\"wp-block-list\"><li>In virt\u00f9 della normativa in vigore, il CLIENTE potr\u00e0 recedere dal contratto senza alcuna penalit\u00e0 e senza specificarne il motivo entro il termine di dieci giorni lavorativi dalla data di ricezione della conferma d&#8217;ordine da parte di LATTEBUSCHE.<br>Potr\u00e0 esercitare il diritto di recesso nel termine sopra indicato, inviando a LATTEBUSCHE presso la sede di Busche (BL) via Nazionale 59 una racc. a.r. con avviso di ricevimento.<br>In caso di valido recesso, LATTEBUSCHE provveder\u00e0 alla restituzione di eventuali somme versate dal consumatore nel pi\u00f9 breve tempo possibile.Se il CLIENTE avesse nel frattempo ricevuto la merce dovr\u00e0 provvedere alla sua immediata restituzione.<\/li><\/ol><h3 class=\"wp-block-heading\"><strong>ARTICOLO 8 &#8211; Modalit\u00e0 di consegna<\/strong><\/h3><ol class=\"wp-block-list\"><li>I prodotti saranno consegnati tramite corriere espresso all&#8217;indirizzo indicato dal CLIENTE al momento dell&#8217;ordine. LATTEBUSCHE si riserva il diritto di non accettare gli ordini con consegna all\u2019estero.<\/li><li>Per ogni ordine effettuato sul sito www.lattebusche.com, LATTEBUSCHE emette fattura, la quale viene allegata alla merce.<\/li><li>Se il CLIENTE non sar\u00e0 presente alla consegna all&#8217;ora stabilita, il corriere fornir\u00e0 una nota che indica il passaggio; il CLIENTE dovr\u00e0 contattare LATTEBUSCHE per fissare la consegna in un&#8217;altra data. Per il ritiro dell&#8217;ordine il CLIENTE avr\u00e0 a disposizione 3 giorni a partire dalla data in cui verr\u00e0 a conoscenza della disponibilit\u00e0 dell&#8217;ordine effettuato. Una volta superato tale termine e qualora non avesse ancora ritirato il pacco, LATTEBUSCHE interpreter\u00e0 tali circostanze come rinuncia al contratto che sar\u00e0 ritenuto risolto. Nessun indennizzo verr\u00e0 corrisposto da LATTEBUSCHE in caso di mancato ritiro del prodotto da parte del CLIENTE.<\/li><\/ol><h3 class=\"wp-block-heading\"><strong>ARTICOLO 9 &#8211; Responsabilit\u00e0<\/strong><\/h3><ol class=\"wp-block-list\"><li>LATTEBUSCHE non assume alcuna responsabilit\u00e0 per disservizi imputabili a causa di forza maggiore o caso fortuito, anche ove dipendenti da malfunzionamenti e disservizi della rete internet, nel caso in cui non riesca a dare esecuzione all&#8217;ordine nei tempi previsti dal contratto.<\/li><li>La disponibilit\u00e0 di ogni articolo \u00e8 solo a titolo indicativo, non ha carattere contrattuale e non potranno essere attribuite al venditore responsabilit\u00e0 in caso d&#8217;indisponibilit\u00e0 di uno o pi\u00f9 prodotti.<\/li><li>I rischi relativi ai prodotti passeranno a carico del CLIENTE a partire dal momento della loro consegna. Il CLIENTE acquister\u00e0 la propriet\u00e0 dei prodotti non appena LATTEBUSCHE ricever\u00e0 l&#8217;importo completo relativo agli stessi, incluse le spese di spedizione oppure al momento della consegna se questa avvenisse in un secondo momento.<\/li><\/ol><h3 class=\"wp-block-heading\"><strong>ARTICOLO 10 &#8211; Accesso al sito<\/strong><\/h3><p>Il CLIENTE ha diritto di accedere al sito per la consultazione e l&#8217;effettuazione degli acquisti. Non \u00e8 consentito alcun altro utilizzo, in particolare commerciale, del sito o del suo contenuto. L&#8217;integrit\u00e0 degli elementi di questo sito, che siano sonori o visivi, e la relativa tecnologia utilizzata rimangono di propriet\u00e0 di LATTEBUSCHE e sono protetti dal diritto di propriet\u00e0 intellettuale.<\/p><p>Il CLIENTE dovr\u00e0 evitare qualsivoglia uso indebito del sito nonch\u00e9 evitare l&#8217;introduzione di virus, troyan horses, worm, bombe logiche o altri programmi o materiali che possano arrecare danni tecnologici.<\/p><h3 class=\"wp-block-heading\"><strong>ARTICOLO 11 &#8211; Cookies<\/strong><\/h3><p>Il sito web www.lattebusche.com utilizza i &#8221;cookies&#8221;. I cookies sono file elettronici che registrano informazioni relative alla navigazione del CLIENTE nel sito (pagine consultate, data ed ora della consultazione &#8230;) e che permettono a LATTEBUSCHE di offrire un servizio sempre pi\u00f9 personalizzato ai propri clienti.<\/p><h3 class=\"wp-block-heading\"><strong>ARTICOLO 12 &#8211; Diritto applicabile e giurisdizione competente<\/strong><\/h3><p>Le presenti Condizioni Generali di Vendita sono sottoposte alla legge italiana. Ogni controversia che non trova soluzione amichevole sar\u00e0 sottoposta alla competenza esclusiva del Tribunale del luogo di residenza o di domicilio del CLIENTE, se ubicati nel territorio dello Stato.<\/p><div style=\"height:70px\" aria-hidden=\"true\" class=\"wp-block-spacer\"><\/div>","protected":false},"excerpt":{"rendered":"<p>Condizioni generali di vendita on line Disposizioni generali Le presenti condizioni sono valide esclusivamente tra la Lattebusche SCA e qualsiasi persona che effettua acquisti online sul sito internet www.lattebusche.com di seguito denominata &#8221;CLIENTE&#8221;. Queste condizioni possono essere oggetto di modifiche; la data di messa in linea equivale alla data di&hellip; <\/p>\n","protected":false},"author":2,"featured_media":19583,"parent":0,"menu_order":0,"comment_status":"closed","ping_status":"closed","template":"","meta":{"_acf_changed":false,"advgb_blocks_editor_width":"","advgb_blocks_columns_visual_guide":"","footnotes":""},"class_list":["post-20180","page","type-page","status-publish","has-post-thumbnail","hentry"],"acf":[],"yoast_head":"<!-- This site is optimized with the Yoast SEO plugin v25.3.1 - https:\/\/yoast.com\/wordpress\/plugins\/seo\/ -->\n<title>Termini e condizioni d&#039;uso - Lattebusche shop online<\/title>\n<meta name=\"robots\" content=\"index, follow, max-snippet:-1, max-image-preview:large, max-video-preview:-1\" \/>\n<link rel=\"canonical\" href=\"https:\/\/shop.lattebusche.com\/it\/termini-e-condizioni-duso\/\" \/>\n<meta property=\"og:locale\" content=\"it_IT\" \/>\n<meta property=\"og:type\" content=\"article\" \/>\n<meta property=\"og:title\" content=\"Termini e condizioni d&#039;uso - Lattebusche shop online\" \/>\n<meta property=\"og:description\" content=\"Condizioni generali di vendita on line Disposizioni generali Le presenti condizioni sono valide esclusivamente tra la Lattebusche SCA e qualsiasi persona che effettua acquisti online sul sito internet www.lattebusche.com di seguito denominata &#8221;CLIENTE&#8221;. Queste condizioni possono essere oggetto di modifiche; la data di messa in linea equivale alla data di&hellip;\" \/>\n<meta property=\"og:url\" content=\"https:\/\/shop.lattebusche.com\/it\/termini-e-condizioni-duso\/\" \/>\n<meta property=\"og:site_name\" content=\"Lattebusche shop online\" \/>\n<meta property=\"article:modified_time\" content=\"2022-06-28T07:52:32+00:00\" \/>\n<meta property=\"og:image\" content=\"https:\/\/shop.lattebusche.com\/wp-content\/uploads\/2022\/04\/boschi-scaled.jpg\" \/>\n\t<meta property=\"og:image:width\" content=\"2560\" \/>\n\t<meta property=\"og:image:height\" content=\"1211\" \/>\n\t<meta property=\"og:image:type\" content=\"image\/jpeg\" \/>\n<meta name=\"twitter:card\" content=\"summary_large_image\" \/>\n<meta name=\"twitter:label1\" content=\"Tempo di lettura stimato\" \/>\n\t<meta name=\"twitter:data1\" content=\"8 minuti\" \/>\n<script type=\"application\/ld+json\" class=\"yoast-schema-graph\">{\"@context\":\"https:\/\/schema.org\",\"@graph\":[{\"@type\":\"WebPage\",\"@id\":\"https:\/\/shop.lattebusche.com\/it\/termini-e-condizioni-duso\/\",\"url\":\"https:\/\/shop.lattebusche.com\/it\/termini-e-condizioni-duso\/\",\"name\":\"Termini e condizioni d'uso - Lattebusche shop online\",\"isPartOf\":{\"@id\":\"https:\/\/shop.lattebusche.com\/it\/#website\"},\"primaryImageOfPage\":{\"@id\":\"https:\/\/shop.lattebusche.com\/it\/termini-e-condizioni-duso\/#primaryimage\"},\"image\":{\"@id\":\"https:\/\/shop.lattebusche.com\/it\/termini-e-condizioni-duso\/#primaryimage\"},\"thumbnailUrl\":\"https:\/\/shop.lattebusche.com\/wp-content\/uploads\/2022\/04\/boschi-scaled.jpg\",\"datePublished\":\"2022-06-28T07:52:30+00:00\",\"dateModified\":\"2022-06-28T07:52:32+00:00\",\"breadcrumb\":{\"@id\":\"https:\/\/shop.lattebusche.com\/it\/termini-e-condizioni-duso\/#breadcrumb\"},\"inLanguage\":\"it-IT\",\"potentialAction\":[{\"@type\":\"ReadAction\",\"target\":[\"https:\/\/shop.lattebusche.com\/it\/termini-e-condizioni-duso\/\"]}]},{\"@type\":\"ImageObject\",\"inLanguage\":\"it-IT\",\"@id\":\"https:\/\/shop.lattebusche.com\/it\/termini-e-condizioni-duso\/#primaryimage\",\"url\":\"https:\/\/shop.lattebusche.com\/wp-content\/uploads\/2022\/04\/boschi-scaled.jpg\",\"contentUrl\":\"https:\/\/shop.lattebusche.com\/wp-content\/uploads\/2022\/04\/boschi-scaled.jpg\",\"width\":2560,\"height\":1211},{\"@type\":\"BreadcrumbList\",\"@id\":\"https:\/\/shop.lattebusche.com\/it\/termini-e-condizioni-duso\/#breadcrumb\",\"itemListElement\":[{\"@type\":\"ListItem\",\"position\":1,\"name\":\"Home\",\"item\":\"https:\/\/shop.lattebusche.com\/it\/\"},{\"@type\":\"ListItem\",\"position\":2,\"name\":\"Termini e condizioni d&#8217;uso\"}]},{\"@type\":\"WebSite\",\"@id\":\"https:\/\/shop.lattebusche.com\/it\/#website\",\"url\":\"https:\/\/shop.lattebusche.com\/it\/\",\"name\":\"Lattebusche shop online\",\"description\":\"Latteria della Vallata Feltrina\",\"publisher\":{\"@id\":\"https:\/\/shop.lattebusche.com\/it\/#organization\"},\"potentialAction\":[{\"@type\":\"SearchAction\",\"target\":{\"@type\":\"EntryPoint\",\"urlTemplate\":\"https:\/\/shop.lattebusche.com\/it\/?s={search_term_string}\"},\"query-input\":{\"@type\":\"PropertyValueSpecification\",\"valueRequired\":true,\"valueName\":\"search_term_string\"}}],\"inLanguage\":\"it-IT\"},{\"@type\":\"Organization\",\"@id\":\"https:\/\/shop.lattebusche.com\/it\/#organization\",\"name\":\"Lattebusche\",\"url\":\"https:\/\/shop.lattebusche.com\/it\/\",\"logo\":{\"@type\":\"ImageObject\",\"inLanguage\":\"it-IT\",\"@id\":\"https:\/\/shop.lattebusche.com\/it\/#\/schema\/logo\/image\/\",\"url\":\"https:\/\/shop.lattebusche.com\/wp-content\/uploads\/2022\/06\/cropped-Logo_shop-online.jpg\",\"contentUrl\":\"https:\/\/shop.lattebusche.com\/wp-content\/uploads\/2022\/06\/cropped-Logo_shop-online.jpg\",\"width\":834,\"height\":306,\"caption\":\"Lattebusche\"},\"image\":{\"@id\":\"https:\/\/shop.lattebusche.com\/it\/#\/schema\/logo\/image\/\"}}]}<\/script>\n<!-- \/ Yoast SEO plugin. -->","yoast_head_json":{"title":"Termini e condizioni d'uso - Lattebusche shop online","robots":{"index":"index","follow":"follow","max-snippet":"max-snippet:-1","max-image-preview":"max-image-preview:large","max-video-preview":"max-video-preview:-1"},"canonical":"https:\/\/shop.lattebusche.com\/it\/termini-e-condizioni-duso\/","og_locale":"it_IT","og_type":"article","og_title":"Termini e condizioni d'uso - Lattebusche shop online","og_description":"Condizioni generali di vendita on line Disposizioni generali Le presenti condizioni sono valide esclusivamente tra la Lattebusche SCA e qualsiasi persona che effettua acquisti online sul sito internet www.lattebusche.com di seguito denominata &#8221;CLIENTE&#8221;. Queste condizioni possono essere oggetto di modifiche; la data di messa in linea equivale alla data di&hellip;","og_url":"https:\/\/shop.lattebusche.com\/it\/termini-e-condizioni-duso\/","og_site_name":"Lattebusche shop online","article_modified_time":"2022-06-28T07:52:32+00:00","og_image":[{"width":2560,"height":1211,"url":"https:\/\/shop.lattebusche.com\/wp-content\/uploads\/2022\/04\/boschi-scaled.jpg","type":"image\/jpeg"}],"twitter_card":"summary_large_image","twitter_misc":{"Tempo di lettura stimato":"8 minuti"},"schema":{"@context":"https:\/\/schema.org","@graph":[{"@type":"WebPage","@id":"https:\/\/shop.lattebusche.com\/it\/termini-e-condizioni-duso\/","url":"https:\/\/shop.lattebusche.com\/it\/termini-e-condizioni-duso\/","name":"Termini e condizioni d'uso - Lattebusche shop online","isPartOf":{"@id":"https:\/\/shop.lattebusche.com\/it\/#website"},"primaryImageOfPage":{"@id":"https:\/\/shop.lattebusche.com\/it\/termini-e-condizioni-duso\/#primaryimage"},"image":{"@id":"https:\/\/shop.lattebusche.com\/it\/termini-e-condizioni-duso\/#primaryimage"},"thumbnailUrl":"https:\/\/shop.lattebusche.com\/wp-content\/uploads\/2022\/04\/boschi-scaled.jpg","datePublished":"2022-06-28T07:52:30+00:00","dateModified":"2022-06-28T07:52:32+00:00","breadcrumb":{"@id":"https:\/\/shop.lattebusche.com\/it\/termini-e-condizioni-duso\/#breadcrumb"},"inLanguage":"it-IT","potentialAction":[{"@type":"ReadAction","target":["https:\/\/shop.lattebusche.com\/it\/termini-e-condizioni-duso\/"]}]},{"@type":"ImageObject","inLanguage":"it-IT","@id":"https:\/\/shop.lattebusche.com\/it\/termini-e-condizioni-duso\/#primaryimage","url":"https:\/\/shop.lattebusche.com\/wp-content\/uploads\/2022\/04\/boschi-scaled.jpg","contentUrl":"https:\/\/shop.lattebusche.com\/wp-content\/uploads\/2022\/04\/boschi-scaled.jpg","width":2560,"height":1211},{"@type":"BreadcrumbList","@id":"https:\/\/shop.lattebusche.com\/it\/termini-e-condizioni-duso\/#breadcrumb","itemListElement":[{"@type":"ListItem","position":1,"name":"Home","item":"https:\/\/shop.lattebusche.com\/it\/"},{"@type":"ListItem","position":2,"name":"Termini e condizioni d&#8217;uso"}]},{"@type":"WebSite","@id":"https:\/\/shop.lattebusche.com\/it\/#website","url":"https:\/\/shop.lattebusche.com\/it\/","name":"Lattebusche shop online","description":"Latteria della Vallata Feltrina","publisher":{"@id":"https:\/\/shop.lattebusche.com\/it\/#organization"},"potentialAction":[{"@type":"SearchAction","target":{"@type":"EntryPoint","urlTemplate":"https:\/\/shop.lattebusche.com\/it\/?s={search_term_string}"},"query-input":{"@type":"PropertyValueSpecification","valueRequired":true,"valueName":"search_term_string"}}],"inLanguage":"it-IT"},{"@type":"Organization","@id":"https:\/\/shop.lattebusche.com\/it\/#organization","name":"Lattebusche","url":"https:\/\/shop.lattebusche.com\/it\/","logo":{"@type":"ImageObject","inLanguage":"it-IT","@id":"https:\/\/shop.lattebusche.com\/it\/#\/schema\/logo\/image\/","url":"https:\/\/shop.lattebusche.com\/wp-content\/uploads\/2022\/06\/cropped-Logo_shop-online.jpg","contentUrl":"https:\/\/shop.lattebusche.com\/wp-content\/uploads\/2022\/06\/cropped-Logo_shop-online.jpg","width":834,"height":306,"caption":"Lattebusche"},"image":{"@id":"https:\/\/shop.lattebusche.com\/it\/#\/schema\/logo\/image\/"}}]}},"coauthors":[],"author_meta":{"author_link":"https:\/\/shop.lattebusche.com\/it\/author\/promoservice\/","display_name":"Promoservice"},"relative_dates":{"created":"Pubblicato 4 anni fa","modified":"Aggiornato 4 anni fa"},"absolute_dates":{"created":"Pubblicato il 28 Giugno 2022","modified":"Aggiornato il 28 Giugno 2022"},"absolute_dates_time":{"created":"Pubblicato il 28 Giugno 2022 9:52","modified":"Aggiornato il 28 Giugno 2022 9:52"},"featured_img_caption":"","featured_img":"https:\/\/shop.lattebusche.com\/wp-content\/uploads\/2022\/04\/boschi-scaled.jpg","series_order":"","_links":{"self":[{"href":"https:\/\/shop.lattebusche.com\/it\/wp-json\/wp\/v2\/pages\/20180","targetHints":{"allow":["GET"]}}],"collection":[{"href":"https:\/\/shop.lattebusche.com\/it\/wp-json\/wp\/v2\/pages"}],"about":[{"href":"https:\/\/shop.lattebusche.com\/it\/wp-json\/wp\/v2\/types\/page"}],"author":[{"embeddable":true,"href":"https:\/\/shop.lattebusche.com\/it\/wp-json\/wp\/v2\/users\/2"}],"replies":[{"embeddable":true,"href":"https:\/\/shop.lattebusche.com\/it\/wp-json\/wp\/v2\/comments?post=20180"}],"version-history":[{"count":0,"href":"https:\/\/shop.lattebusche.com\/it\/wp-json\/wp\/v2\/pages\/20180\/revisions"}],"wp:featuredmedia":[{"embeddable":true,"href":"https:\/\/shop.lattebusche.com\/it\/wp-json\/wp\/v2\/media\/19583"}],"wp:attachment":[{"href":"https:\/\/shop.lattebusche.com\/it\/wp-json\/wp\/v2\/media?parent=20180"}],"curies":[{"name":"wp","href":"https:\/\/api.w.org\/{rel}","templated":true}]}}