{"id":31683,"date":"2024-08-21T10:21:54","date_gmt":"2024-08-21T08:21:54","guid":{"rendered":"https:\/\/shop.lattebusche.com\/?page_id=31683"},"modified":"2025-07-23T09:25:49","modified_gmt":"2025-07-23T07:25:49","slug":"privacy-policy-newsletter","status":"publish","type":"page","link":"https:\/\/shop.lattebusche.com\/it\/privacy-policy-newsletter\/","title":{"rendered":"Privacy Policy Newsletter"},"content":{"rendered":"<p><strong>Informativa sul Trattamento dei Dati Personali ai sensi del Regolamento UE n. 679\/2016 (GDPR) e delle ulteriori normative vigenti per la Newsletter<\/strong><br>In osservanza di quanto previsto dal Regolamento UE 2016\/679 e relativa normativa nazionale di adeguamento, forniamo all\u2019Interessato le dovute informazioni in ordine alle finalit\u00e0 e modalit\u00e0 del trattamento dei propri dati personali per ci\u00f2 che concerne i dati rilasciati per l\u2019iscrizione alla Newsletter di questo sito, nonch\u00e9 l\u2019ambito di comunicazione e diffusione degli stessi.<br>Il trattamento dei dati sar\u00e0 improntato ai principi di correttezza, liceit\u00e0 e trasparenza, limitazione delle finalit\u00e0 e della conservazione, minimizzazione, esattezza, tutela con ogni mezzo legittimo dell\u2019integrit\u00e0, riservatezza e dei diritti previsti.<br><br><strong>Titolare del Trattamento (Responsabile e Incaricati)<\/strong><br>Il Titolare del Trattamento dati \u00e8 Titolare del trattamento dei dati \u00e8 Lattebusche S.C.A (in breve \u201cLattebusche\u201d) , con sede legale in Via Nazionale, 59 \u2013 32030 BUSCHE DI CESIOMAGGIORE (BL) contattabile all\u2019indirizzo email info@lattebusche.it .<br>Le operazioni di trattamento saranno effettuate da Incaricati designati dal Titolare del trattamento, i quali opereranno sotto la sua diretta autorit\u00e0 nel rispetto delle istruzioni ricevute.<\/p><p><br><strong>Finalit\u00e0<\/strong><br>Informiamo l\u2019Interessato che i dati personali volontariamente forniti e necessari all\u2019iscrizione alla Newsletter di questo sito saranno trattati dal Titolare esclusivamente per l\u2019attivit\u00e0 d\u2019invio di e-mail con finalit\u00e0 informative e commerciali concernenti le novit\u00e0 e i servizi offerti da Lattebusche s.c.a. e, quando normativamente previsto, con finalit\u00e0 di legittimo interesse del Titolare del Trattamento.<br>Trattamenti dei dati per finalit\u00e0 diverse da quelle qui specificate non saranno effettuati se non previo consenso esplicito dell\u2019Interessato dopo la consegna della relativa informativa.<\/p><p><br><strong>Natura del conferimento dei dati<\/strong><br>Il conferimento dei dati \u00e8 facoltativo. Tuttavia il rifiuto dell&#8217;interessato a fornire i propri dati personali (nome, indirizzo email, giorno e mese di nascita) , immettendoli nel form e autorizzando il trattamento, determiner\u00e0 per il Titolare del trattamento l\u2019impossibilit\u00e0 di inviare le e-mail della newsletter.<\/p><p><br><strong>Modalit\u00e0 del Trattamento<\/strong><br>I dati verranno trattati con strumenti informatici nel rispetto delle misure di sicurezza previste dalla normativa vigente.<br>I dati personali volontariamente forniti dall\u2019Interessato mediante la compilazione del form on-line, in occasione della richiesta di iscrizione alla newsletter, saranno conservati nelle banche dati del Titolare per gli scopi sopra indicati.<br>Ai fini del presente paragrafo, il Titolare si impegna a osservare specifiche misure di sicurezza per prevenire la perdita dei dati, usi illeciti o non corretti e accessi non autorizzati, nel pieno rispetto delle norme di legge e dei regolamenti.<br>Il trattamento dei dati avviene con la piattaforma MailChimp, il cui servizio \u00e8 localizzato EXTRA EU negli USA.<\/p><p><br><strong>Liceit\u00e0<\/strong><br>L\u2019Interessato premendo il tasto di iscrizione esprimere il proprio consenso al Trattamento dei propri dati personali per le finalit\u00e0 previste alla iscrizione del servizio newsletter.<\/p><p><br><strong>Comunicazione dei dati a terzi<\/strong><br>I dati personali raccolti mediante il form online non verranno trasmessi a soggetti terzi .<\/p><p><br><strong>Tempi della conservazione<\/strong><br>I dati saranno archiviati e trattati per le finalit\u00e0 previste finch\u00e9 l\u2019Interessato non negher\u00e0 il consenso cancellandosi dalla newsletter, attivando il link preposto indicato in calce in ogni comunicazione inviatagli.<\/p><p><br><strong>Diritti dell\u2019Interessato<\/strong><br>L&#8217;interessato ha diritto, mediante richiesta da inviare al Titolare al Trattamento di:<\/p><ul class=\"wp-block-list\"><li>Ottenere conferma dell\u2019esistenza, contenuto e provenienza di dati personali che lo riguardano, anche se non ancora registrati, e la loro comunicazione senza ritardo in forma intelligibile.<\/li>\n\n<li>Richiedere informazioni, per iscritto, sui suoi dati personali da noi memorizzati (es: origine, finalit\u00e0, modalit\u00e0, categorie, logica applicata, periodo di conservazione, diritti, dati identificativi del Titolare del Trattamento, soggetti o categorie a cui possono essere comunicati i dati).<\/li>\n\n<li>Revocare il consenso al trattamento dei suoi dati mediante link presente in ogni comunicazione.<\/li>\n\n<li>Cancellare i suoi dati.<\/li>\n\n<li>Trasformare e\/o limitare o bloccare i dati trattati in violazione di legge.<\/li>\n\n<li>Aggiornare, rettificare o integrare i suoi dati.<\/li>\n\n<li>Ottenere i suoi dati personali, forniti al Titolare del Trattamento, in modo da poterli trasmettere ad altro Titolare del Trattamento.<\/li>\n\n<li>Opporsi, in tutto o in parte, per motivi legittimi, al trattamento dei dati personali che lo riguardano, ancorch\u00e9 pertinenti allo scopo della raccolta.<\/li><\/ul><p>Proporre reclamo all\u2019Autorit\u00e0 Garante per la Privacy ( <a href=\"http:\/\/www.garanteprivacy.it\">www.garanteprivacy.it<\/a> ).<br>Per ulteriori informazioni sui diritti sulla privacy invitiamo l\u2019Interessato a visitare il sito web dell\u2019Autorit\u00e0 Garante: <a href=\"http:\/\/www.garanteprivacy.it\">www.garanteprivacy.it<\/a> .<\/p>","protected":false},"excerpt":{"rendered":"<p>Informativa sul Trattamento dei Dati Personali ai sensi del Regolamento UE n. 679\/2016 (GDPR) e delle ulteriori normative vigenti per la NewsletterIn osservanza di quanto previsto dal Regolamento UE 2016\/679 e relativa normativa nazionale di adeguamento, forniamo all\u2019Interessato le dovute informazioni in ordine alle finalit\u00e0 e modalit\u00e0 del trattamento dei&hellip; <\/p>\n","protected":false},"author":5395,"featured_media":0,"parent":0,"menu_order":0,"comment_status":"closed","ping_status":"closed","template":"","meta":{"_acf_changed":false,"advgb_blocks_editor_width":"","advgb_blocks_columns_visual_guide":"","footnotes":""},"class_list":["post-31683","page","type-page","status-publish","hentry"],"acf":[],"yoast_head":"<!-- This site is optimized with the Yoast SEO plugin v25.3.1 - https:\/\/yoast.com\/wordpress\/plugins\/seo\/ -->\n<title>Privacy Policy Newsletter - Lattebusche shop online<\/title>\n<meta name=\"robots\" content=\"index, follow, max-snippet:-1, max-image-preview:large, max-video-preview:-1\" \/>\n<link rel=\"canonical\" href=\"https:\/\/shop.lattebusche.com\/it\/privacy-policy-newsletter\/\" \/>\n<meta property=\"og:locale\" content=\"it_IT\" \/>\n<meta property=\"og:type\" content=\"article\" \/>\n<meta property=\"og:title\" content=\"Privacy Policy Newsletter - Lattebusche shop online\" \/>\n<meta property=\"og:description\" content=\"Informativa sul Trattamento dei Dati Personali ai sensi del Regolamento UE n. 679\/2016 (GDPR) e delle ulteriori normative vigenti per la NewsletterIn osservanza di quanto previsto dal Regolamento UE 2016\/679 e relativa normativa nazionale di adeguamento, forniamo all\u2019Interessato le dovute informazioni in ordine alle finalit\u00e0 e modalit\u00e0 del trattamento dei&hellip;\" \/>\n<meta property=\"og:url\" content=\"https:\/\/shop.lattebusche.com\/it\/privacy-policy-newsletter\/\" \/>\n<meta property=\"og:site_name\" content=\"Lattebusche shop online\" \/>\n<meta property=\"article:modified_time\" content=\"2025-07-23T07:25:49+00:00\" \/>\n<meta name=\"twitter:card\" content=\"summary_large_image\" \/>\n<meta name=\"twitter:label1\" content=\"Tempo di lettura stimato\" \/>\n\t<meta name=\"twitter:data1\" content=\"3 minuti\" \/>\n<script type=\"application\/ld+json\" class=\"yoast-schema-graph\">{\"@context\":\"https:\/\/schema.org\",\"@graph\":[{\"@type\":\"WebPage\",\"@id\":\"https:\/\/shop.lattebusche.com\/it\/privacy-policy-newsletter\/\",\"url\":\"https:\/\/shop.lattebusche.com\/it\/privacy-policy-newsletter\/\",\"name\":\"Privacy Policy Newsletter - Lattebusche shop online\",\"isPartOf\":{\"@id\":\"https:\/\/shop.lattebusche.com\/it\/#website\"},\"datePublished\":\"2024-08-21T08:21:54+00:00\",\"dateModified\":\"2025-07-23T07:25:49+00:00\",\"breadcrumb\":{\"@id\":\"https:\/\/shop.lattebusche.com\/it\/privacy-policy-newsletter\/#breadcrumb\"},\"inLanguage\":\"it-IT\",\"potentialAction\":[{\"@type\":\"ReadAction\",\"target\":[\"https:\/\/shop.lattebusche.com\/it\/privacy-policy-newsletter\/\"]}]},{\"@type\":\"BreadcrumbList\",\"@id\":\"https:\/\/shop.lattebusche.com\/it\/privacy-policy-newsletter\/#breadcrumb\",\"itemListElement\":[{\"@type\":\"ListItem\",\"position\":1,\"name\":\"Home\",\"item\":\"https:\/\/shop.lattebusche.com\/it\/\"},{\"@type\":\"ListItem\",\"position\":2,\"name\":\"Privacy Policy Newsletter\"}]},{\"@type\":\"WebSite\",\"@id\":\"https:\/\/shop.lattebusche.com\/it\/#website\",\"url\":\"https:\/\/shop.lattebusche.com\/it\/\",\"name\":\"Lattebusche shop online\",\"description\":\"Latteria della Vallata Feltrina\",\"publisher\":{\"@id\":\"https:\/\/shop.lattebusche.com\/it\/#organization\"},\"potentialAction\":[{\"@type\":\"SearchAction\",\"target\":{\"@type\":\"EntryPoint\",\"urlTemplate\":\"https:\/\/shop.lattebusche.com\/it\/?s={search_term_string}\"},\"query-input\":{\"@type\":\"PropertyValueSpecification\",\"valueRequired\":true,\"valueName\":\"search_term_string\"}}],\"inLanguage\":\"it-IT\"},{\"@type\":\"Organization\",\"@id\":\"https:\/\/shop.lattebusche.com\/it\/#organization\",\"name\":\"Lattebusche\",\"url\":\"https:\/\/shop.lattebusche.com\/it\/\",\"logo\":{\"@type\":\"ImageObject\",\"inLanguage\":\"it-IT\",\"@id\":\"https:\/\/shop.lattebusche.com\/it\/#\/schema\/logo\/image\/\",\"url\":\"https:\/\/shop.lattebusche.com\/wp-content\/uploads\/2022\/06\/cropped-Logo_shop-online.jpg\",\"contentUrl\":\"https:\/\/shop.lattebusche.com\/wp-content\/uploads\/2022\/06\/cropped-Logo_shop-online.jpg\",\"width\":834,\"height\":306,\"caption\":\"Lattebusche\"},\"image\":{\"@id\":\"https:\/\/shop.lattebusche.com\/it\/#\/schema\/logo\/image\/\"}}]}<\/script>\n<!-- \/ Yoast SEO plugin. -->","yoast_head_json":{"title":"Privacy Policy Newsletter - Lattebusche shop online","robots":{"index":"index","follow":"follow","max-snippet":"max-snippet:-1","max-image-preview":"max-image-preview:large","max-video-preview":"max-video-preview:-1"},"canonical":"https:\/\/shop.lattebusche.com\/it\/privacy-policy-newsletter\/","og_locale":"it_IT","og_type":"article","og_title":"Privacy Policy Newsletter - Lattebusche shop online","og_description":"Informativa sul Trattamento dei Dati Personali ai sensi del Regolamento UE n. 679\/2016 (GDPR) e delle ulteriori normative vigenti per la NewsletterIn osservanza di quanto previsto dal Regolamento UE 2016\/679 e relativa normativa nazionale di adeguamento, forniamo all\u2019Interessato le dovute informazioni in ordine alle finalit\u00e0 e modalit\u00e0 del trattamento dei&hellip;","og_url":"https:\/\/shop.lattebusche.com\/it\/privacy-policy-newsletter\/","og_site_name":"Lattebusche shop online","article_modified_time":"2025-07-23T07:25:49+00:00","twitter_card":"summary_large_image","twitter_misc":{"Tempo di lettura stimato":"3 minuti"},"schema":{"@context":"https:\/\/schema.org","@graph":[{"@type":"WebPage","@id":"https:\/\/shop.lattebusche.com\/it\/privacy-policy-newsletter\/","url":"https:\/\/shop.lattebusche.com\/it\/privacy-policy-newsletter\/","name":"Privacy Policy Newsletter - Lattebusche shop online","isPartOf":{"@id":"https:\/\/shop.lattebusche.com\/it\/#website"},"datePublished":"2024-08-21T08:21:54+00:00","dateModified":"2025-07-23T07:25:49+00:00","breadcrumb":{"@id":"https:\/\/shop.lattebusche.com\/it\/privacy-policy-newsletter\/#breadcrumb"},"inLanguage":"it-IT","potentialAction":[{"@type":"ReadAction","target":["https:\/\/shop.lattebusche.com\/it\/privacy-policy-newsletter\/"]}]},{"@type":"BreadcrumbList","@id":"https:\/\/shop.lattebusche.com\/it\/privacy-policy-newsletter\/#breadcrumb","itemListElement":[{"@type":"ListItem","position":1,"name":"Home","item":"https:\/\/shop.lattebusche.com\/it\/"},{"@type":"ListItem","position":2,"name":"Privacy Policy Newsletter"}]},{"@type":"WebSite","@id":"https:\/\/shop.lattebusche.com\/it\/#website","url":"https:\/\/shop.lattebusche.com\/it\/","name":"Lattebusche shop online","description":"Latteria della Vallata Feltrina","publisher":{"@id":"https:\/\/shop.lattebusche.com\/it\/#organization"},"potentialAction":[{"@type":"SearchAction","target":{"@type":"EntryPoint","urlTemplate":"https:\/\/shop.lattebusche.com\/it\/?s={search_term_string}"},"query-input":{"@type":"PropertyValueSpecification","valueRequired":true,"valueName":"search_term_string"}}],"inLanguage":"it-IT"},{"@type":"Organization","@id":"https:\/\/shop.lattebusche.com\/it\/#organization","name":"Lattebusche","url":"https:\/\/shop.lattebusche.com\/it\/","logo":{"@type":"ImageObject","inLanguage":"it-IT","@id":"https:\/\/shop.lattebusche.com\/it\/#\/schema\/logo\/image\/","url":"https:\/\/shop.lattebusche.com\/wp-content\/uploads\/2022\/06\/cropped-Logo_shop-online.jpg","contentUrl":"https:\/\/shop.lattebusche.com\/wp-content\/uploads\/2022\/06\/cropped-Logo_shop-online.jpg","width":834,"height":306,"caption":"Lattebusche"},"image":{"@id":"https:\/\/shop.lattebusche.com\/it\/#\/schema\/logo\/image\/"}}]}},"coauthors":[],"author_meta":{"author_link":"https:\/\/shop.lattebusche.com\/it\/author\/francescogemin\/","display_name":"FrancescoGemin"},"relative_dates":{"created":"Pubblicato 2 anni fa","modified":"Aggiornato 9 mesi fa"},"absolute_dates":{"created":"Pubblicato il 21 Agosto 2024","modified":"Aggiornato il 23 Luglio 2025"},"absolute_dates_time":{"created":"Pubblicato il 21 Agosto 2024 10:21","modified":"Aggiornato il 23 Luglio 2025 9:25"},"featured_img_caption":"","featured_img":false,"series_order":"","_links":{"self":[{"href":"https:\/\/shop.lattebusche.com\/it\/wp-json\/wp\/v2\/pages\/31683","targetHints":{"allow":["GET"]}}],"collection":[{"href":"https:\/\/shop.lattebusche.com\/it\/wp-json\/wp\/v2\/pages"}],"about":[{"href":"https:\/\/shop.lattebusche.com\/it\/wp-json\/wp\/v2\/types\/page"}],"author":[{"embeddable":true,"href":"https:\/\/shop.lattebusche.com\/it\/wp-json\/wp\/v2\/users\/5395"}],"replies":[{"embeddable":true,"href":"https:\/\/shop.lattebusche.com\/it\/wp-json\/wp\/v2\/comments?post=31683"}],"version-history":[{"count":5,"href":"https:\/\/shop.lattebusche.com\/it\/wp-json\/wp\/v2\/pages\/31683\/revisions"}],"predecessor-version":[{"id":37382,"href":"https:\/\/shop.lattebusche.com\/it\/wp-json\/wp\/v2\/pages\/31683\/revisions\/37382"}],"wp:attachment":[{"href":"https:\/\/shop.lattebusche.com\/it\/wp-json\/wp\/v2\/media?parent=31683"}],"curies":[{"name":"wp","href":"https:\/\/api.w.org\/{rel}","templated":true}]}}