{"id":32955,"date":"2024-11-11T16:04:23","date_gmt":"2024-11-11T15:04:23","guid":{"rendered":"https:\/\/shop.lattebusche.com\/?page_id=32955"},"modified":"2025-06-05T12:09:34","modified_gmt":"2025-06-05T10:09:34","slug":"invita-un-amico-old","status":"publish","type":"page","link":"https:\/\/shop.lattebusche.com\/it\/invita-un-amico-old\/","title":{"rendered":"Invita un amico old"},"content":{"rendered":"<div  class=\"grids-section grids-is-advanced\" style=\"--_gs-gap-desktop:0px 0px;--_gs-m-desktop:0 0 0 0;--_gs-p-desktop:0 0 0 0;--_gs-bg-desktop:transparent none;--_gs-bg-xp-desktop:0px;--_gs-zi-desktop:auto;--_gs-d-desktop:block;--_gs-mw-desktop:calc(100% - 0 - 0);--_gs-gap-tablet:0px 0px;--_gs-m-tablet:0 0 0 0;--_gs-p-tablet:0 0 0 0;--_gs-bg-tablet:transparent none;--_gs-bg-xp-tablet:0px;--_gs-zi-tablet:auto;--_gs-d-tablet:block;--_gs-mw-tablet:calc(100% - 0 - 0);--_gs-gap-mobile:0px 0px;--_gs-m-mobile:0 0 0 0;--_gs-p-mobile:0 0 0 0;--_gs-bg-mobile:transparent none;--_gs-bg-xp-mobile:0px;--_gs-zi-mobile:auto;--_gs-d-mobile:block;--_gs-mw-mobile:calc(100% - 0 - 0);--_gs-columns:12;--_gs-rows:6\"><div class=\"grids-s-w_i\">\n<div class=\"grids-area cta-refer-a-friend\" style=\"--_ga-column:8\/12;--_ga-row:2\/6;--_ga-m-desktop:0 0 0 0;--_ga-p-desktop:0 0 0 0;--_ga-bg-desktop:transparent none;--_ga-zi-desktop:auto;--_ga-d-desktop:flex;--_ga-mw-desktop:calc(100% - 0 - 0);--_ga-m-tablet:0 0 0 0;--_ga-p-tablet:0 0 0 0;--_ga-bg-tablet:transparent none;--_ga-zi-tablet:auto;--_ga-d-tablet:flex;--_ga-mw-tablet:calc(100% - 0 - 0);--_ga-m-mobile:0 0 0 0;--_ga-p-mobile:0 0 0 0;--_ga-bg-mobile:transparent none;--_ga-zi-mobile:auto;--_ga-d-mobile:flex;--_ga-mw-mobile:calc(100% - 0 - 0)\">\n<div class=\"gens-refer-a-friend gens-raf-modern-template gens-refer-a-friend--generate guest_cookie_false\" data-link=\"https:\/\/shop.lattebusche.com\/it\/\">\n            \n<div class=\"gens-raf-text\">\n\t<h2>Il gusto di Lattebusche \u00e8 ancora pi\u00f9 buono quando si condivide!<\/h2>\nQuando <b>inviti un amico a scoprire Lattebusche<\/b>, entrambi riceverete un <b>codice sconto esclusivo<\/b> per il prossimo acquisto (valido su prodotti non in promozione).\u2028Ogni nuova iscrizione grazie a te \u00e8 un'occasione per <b>risparmiare<\/b> e goderti ancora di pi\u00f9 i <b>prodotti che ami.<\/b>\nPi\u00f9 amici inviti, pi\u00f9 vantaggi ottieni: \u00e8 semplice, veloce e conveniente.\u2028\nEffettua il login o registrati per ricevere il tuo link d\u2019invito: <b>Lattebusche premia chi condivide la bont\u00e0! <\/b><\/div>                    \t<div class=\"gens-raf-message\"><a href=\"https:\/\/shop.lattebusche.com\/it\/mio-account\/\" style=\"font-weight:600\"> \ud83d\udc49 Effettua il login o registrati qui per accedere al tuo link di invito.<\/a><\/div>\n                    <\/div>\n<div class=\"gens-refer-a-friend--guest guest_cookie_false\">\n    <div class=\"gens-refer-a-friend gens-raf-modern-template\" data-link=\"https:\/\/shop.lattebusche.com\/it\/\">\n            \n<div class=\"gens-raf-text\">\n\t<h2>Il gusto di Lattebusche \u00e8 ancora pi\u00f9 buono quando si condivide!<\/h2>\nQuando <b>inviti un amico a scoprire Lattebusche<\/b>, entrambi riceverete un <b>codice sconto esclusivo<\/b> per il prossimo acquisto (valido su prodotti non in promozione).\u2028Ogni nuova iscrizione grazie a te \u00e8 un'occasione per <b>risparmiare<\/b> e goderti ancora di pi\u00f9 i <b>prodotti che ami.<\/b>\nPi\u00f9 amici inviti, pi\u00f9 vantaggi ottieni: \u00e8 semplice, veloce e conveniente.\u2028\nEffettua il login o registrati per ricevere il tuo link d\u2019invito: <b>Lattebusche premia chi condivide la bont\u00e0! <\/b><\/div>                    \n<div class=\"gens-raf-reward\">\n\t<div>Tu ricevi<span>25%<\/span><\/div>\n\t<span><\/span>\n\t<div>Il tuo amico riceve<span>10%<\/span><\/div>\n<\/div>            <div class=\"gens-raf-field gens-raf-field--input\">\n\t<label for=\"raf_link\">Link di Invito<\/label>\n\t<div class=\"gens-copy\">\n\t\t<input type=\"text\" class=\"gens-raf-field--link\" disabled value=\"https:\/\/shop.lattebusche.com\/it\/\" \/>\n\t\t<span class=\"gens-ctc-modern\">\n\t\t\t<svg class=\"gens-copy-icon\" xmlns=\"http:\/\/www.w3.org\/2000\/svg\" width=\"24\" height=\"24\" viewBox=\"0 0 24 24\" fill=\"none\" stroke=\"currentColor\" stroke-width=\"2\" stroke-linecap=\"round\" stroke-linejoin=\"round\"><rect width=\"14\" height=\"14\" x=\"8\" y=\"8\" rx=\"2\" ry=\"2\"\/><path d=\"M4 16c-1.1 0-2-.9-2-2V4c0-1.1.9-2 2-2h10c1.1 0 2 .9 2 2\"\/><\/svg>\n\t\t\t<svg class=\"gens-copied-icon\" xmlns=\"http:\/\/www.w3.org\/2000\/svg\" width=\"24\" height=\"24\" viewBox=\"0 0 24 24\" fill=\"none\" stroke=\"#73c050\" stroke-width=\"2\" stroke-linecap=\"round\" stroke-linejoin=\"round\"><path d=\"M18 6 7 17l-5-5\"\/><path d=\"m22 10-7.5 7.5L13 16\"\/><\/svg>\t\t\t\n\t\t<\/span>\n\t<\/div>\n<\/div>\n            <div class=\"gens-raf-field gens-raf-field--social\">\n\t<label for=\"raf_link\">Condivisione Social<\/label>\n\t<div class=\"gens-referral_share\">\n\t\t\n\t\t\t\t\t\t\t\t\t\t\t\t\t\t\t\t<a href=\"https:\/\/shop.lattebusche.com\/it\/\" class=\"gens-referral_share__wa\" data-title=\"\">\n\t\t\t<svg height=\"100%\" version=\"1.1\" viewBox=\"0 0 512 512\" width=\"100%\" xml:space=\"preserve\" xmlns=\"http:\/\/www.w3.org\/2000\/svg\"><path d=\"M373.295,307.064c-6.37,-3.188 -37.687,-18.596 -43.526,-20.724c-5.838,-2.126 -10.084,-3.187 -14.331,3.188c-4.246,6.376 -16.454,20.725 -20.17,24.976c-3.715,4.251 -7.431,4.785 -13.8,1.594c-6.37,-3.187 -26.895,-9.913 -51.225,-31.616c-18.935,-16.89 -31.72,-37.749 -35.435,-44.126c-3.716,-6.377 -0.397,-9.824 2.792,-13c2.867,-2.854 6.371,-7.44 9.555,-11.16c3.186,-3.718 4.247,-6.377 6.37,-10.626c2.123,-4.252 1.062,-7.971 -0.532,-11.159c-1.591,-3.188 -14.33,-34.542 -19.638,-47.298c-5.171,-12.419 -10.422,-10.737 -14.332,-10.934c-3.711,-0.184 -7.963,-0.223 -12.208,-0.223c-4.246,0 -11.148,1.594 -16.987,7.969c-5.838,6.377 -22.293,21.789 -22.293,53.14c0,31.355 22.824,61.642 26.009,65.894c3.185,4.252 44.916,68.59 108.816,96.181c15.196,6.564 27.062,10.483 36.312,13.418c15.259,4.849 29.145,4.165 40.121,2.524c12.238,-1.827 37.686,-15.408 42.995,-30.286c5.307,-14.882 5.307,-27.635 3.715,-30.292c-1.592,-2.657 -5.838,-4.251 -12.208,-7.44m-116.224,158.693l-0.086,0c-38.022,-0.015 -75.313,-10.23 -107.845,-29.535l-7.738,-4.592l-80.194,21.037l21.405,-78.19l-5.037,-8.017c-21.211,-33.735 -32.414,-72.726 -32.397,-112.763c0.047,-116.825 95.1,-211.87 211.976,-211.87c56.595,0.019 109.795,22.088 149.801,62.139c40.005,40.05 62.023,93.286 62.001,149.902c-0.048,116.834 -95.1,211.889 -211.886,211.889m180.332,-392.224c-48.131,-48.186 -112.138,-74.735 -180.335,-74.763c-140.514,0 -254.875,114.354 -254.932,254.911c-0.018,44.932 11.72,88.786 34.03,127.448l-36.166,132.102l135.141,-35.45c37.236,20.31 79.159,31.015 121.826,31.029l0.105,0c140.499,0 254.87,-114.366 254.928,-254.925c0.026,-68.117 -26.467,-132.166 -74.597,-180.352\" \/><\/svg>\n\t\t<\/a>\n\t<\/div>\n<\/div>            <\/div><\/div>\n<\/div>\n\n<div class=\"grids-area\" style=\"--_ga-column:2\/6;--_ga-row:2\/6;--_ga-m-desktop:0 0 0 0;--_ga-p-desktop:0 0 0 0;--_ga-bg-desktop:transparent none;--_ga-zi-desktop:auto;--_ga-d-desktop:flex;--_ga-mw-desktop:calc(100% - 0 - 0);--_ga-m-tablet:0 0 0 0;--_ga-p-tablet:0 0 0 0;--_ga-bg-tablet:transparent none;--_ga-zi-tablet:auto;--_ga-d-tablet:flex;--_ga-mw-tablet:calc(100% - 0 - 0);--_ga-m-mobile:0 0 0 0;--_ga-p-mobile:0 0 0 0;--_ga-bg-mobile:transparent none;--_ga-zi-mobile:auto;--_ga-d-mobile:flex;--_ga-mw-mobile:calc(100% - 0 - 0)\">\n<figure class=\"wp-block-image size-large\"><a href=\"https:\/\/shop.lattebusche.com\/wp-content\/uploads\/2024\/11\/Porta-un-amico.jpg\"><img loading=\"lazy\" decoding=\"async\" width=\"1024\" height=\"1024\" src=\"https:\/\/shop.lattebusche.com\/wp-content\/uploads\/2024\/11\/Porta-un-amico-1024x1024.jpg\" alt=\"\" class=\"wp-image-33182\" srcset=\"https:\/\/shop.lattebusche.com\/wp-content\/uploads\/2024\/11\/Porta-un-amico-1024x1024.jpg 1024w, https:\/\/shop.lattebusche.com\/wp-content\/uploads\/2024\/11\/Porta-un-amico-300x300.jpg 300w, https:\/\/shop.lattebusche.com\/wp-content\/uploads\/2024\/11\/Porta-un-amico-150x150.jpg 150w, https:\/\/shop.lattebusche.com\/wp-content\/uploads\/2024\/11\/Porta-un-amico-768x768.jpg 768w, https:\/\/shop.lattebusche.com\/wp-content\/uploads\/2024\/11\/Porta-un-amico-512x512.jpg 512w, https:\/\/shop.lattebusche.com\/wp-content\/uploads\/2024\/11\/Porta-un-amico-420x420.jpg 420w, https:\/\/shop.lattebusche.com\/wp-content\/uploads\/2024\/11\/Porta-un-amico-75x75.jpg 75w, https:\/\/shop.lattebusche.com\/wp-content\/uploads\/2024\/11\/Porta-un-amico-600x600.jpg 600w, https:\/\/shop.lattebusche.com\/wp-content\/uploads\/2024\/11\/Porta-un-amico-100x100.jpg 100w, https:\/\/shop.lattebusche.com\/wp-content\/uploads\/2024\/11\/Porta-un-amico.jpg 1080w\" sizes=\"auto, (max-width: 1024px) 100vw, 1024px\" \/><\/a><\/figure>\n<\/div>\n<\/div><\/div><div  class=\"grids-section grids-is-advanced\" style=\"--_gs-gap-desktop:0px 0px;--_gs-m-desktop:0 0 0 0;--_gs-p-desktop:0 0 0 0;--_gs-bg-desktop:transparent none;--_gs-bg-xp-desktop:0px;--_gs-zi-desktop:auto;--_gs-d-desktop:block;--_gs-mw-desktop:calc(100% - 0 - 0);--_gs-gap-tablet:0px 0px;--_gs-m-tablet:0 0 0 0;--_gs-p-tablet:0 0 0 0;--_gs-bg-tablet:transparent none;--_gs-bg-xp-tablet:0px;--_gs-zi-tablet:auto;--_gs-d-tablet:block;--_gs-mw-tablet:calc(100% - 0 - 0);--_gs-gap-mobile:0px 0px;--_gs-m-mobile:0 0 0 0;--_gs-p-mobile:0 0 0 0;--_gs-bg-mobile:transparent none;--_gs-bg-xp-mobile:0px;--_gs-zi-mobile:auto;--_gs-d-mobile:block;--_gs-mw-mobile:calc(100% - 0 - 0);--_gs-columns:12;--_gs-rows:6\"><div class=\"grids-s-w_i\">\n<div class=\"grids-area\" style=\"--_ga-column:3\/11;--_ga-row:2\/6;--_ga-m-desktop:0 0 0 0;--_ga-p-desktop:0 0 0 0;--_ga-bg-desktop:transparent none;--_ga-zi-desktop:auto;--_ga-d-desktop:flex;--_ga-mw-desktop:calc(100% - 0 - 0);--_ga-m-tablet:0 0 0 0;--_ga-p-tablet:0 0 0 0;--_ga-bg-tablet:transparent none;--_ga-zi-tablet:auto;--_ga-d-tablet:flex;--_ga-mw-tablet:calc(100% - 0 - 0);--_ga-m-mobile:0 0 0 0;--_ga-p-mobile:0 0 0 0;--_ga-bg-mobile:transparent none;--_ga-zi-mobile:auto;--_ga-d-mobile:flex;--_ga-mw-mobile:calc(100% - 0 - 0)\">\n<h2 class=\"wp-block-heading\">FAQ<\/h2>\n\n<div class=\"wp-block-advgb-accordions advgb-accordions-626d3a15-2ffb-4fd5-a36e-0c0fb3d3b729 advgb-accordion-wrapper\"><div class=\"wp-block-advgb-accordion-item advgb-accordion-item\" style=\"margin-bottom:15px\"><div class=\"advgb-accordion-header\" style=\"background-color:#000;color:#eee;border-style:solid;border-width:1px;border-radius:2px\"><span class=\"advgb-accordion-header-icon\"><svg fill=\"#fff\" xmlns=\"http:\/\/www.w3.org\/2000\/svg\" width=\"24\" height=\"24\" viewBox=\"0 0 24 24\"><path fill=\"none\" d=\"M0,0h24v24H0V0z\"><\/path><path d=\"M12,5.83L15.17,9l1.41-1.41L12,3L7.41,7.59L8.83,9L12,5.83z M12,18.17L8.83,15l-1.41,1.41L12,21l4.59-4.59L15.17,15 L12,18.17z\"><\/path><\/svg><\/span><h4 class=\"advgb-accordion-header-title\" style=\"color:inherit\">Come funziona<\/h4><\/div><div class=\"advgb-accordion-body\" style=\"border-style:solid !important;border-width:1px !important;border-color:undefined !important;border-top:none !important;border-radius:2px !important\"><p>Quando l\u2019amico invitato clicca sul link d\u2019invito, completa il suo primo ordine e riceve la merce, otterr\u00e0 un codice <strong>sconto del 10%<\/strong> sul prossimo acquisto (esclusi i prodotti gi\u00e0 in offerta). A quel punto, anche chi ha inviato l\u2019invito ricever\u00e0 <strong>uno sconto del<\/strong> <strong>25%<\/strong> sul prossimo acquisto (esclusi i prodotti gi\u00e0 in offerta).<\/p><\/div><\/div>\n\n<div class=\"wp-block-advgb-accordion-item advgb-accordion-item\" style=\"margin-bottom:15px\"><div class=\"advgb-accordion-header\" style=\"background-color:#000;color:#eee;border-style:solid;border-width:1px;border-radius:2px\"><span class=\"advgb-accordion-header-icon\"><svg fill=\"#fff\" xmlns=\"http:\/\/www.w3.org\/2000\/svg\" width=\"24\" height=\"24\" viewBox=\"0 0 24 24\"><path fill=\"none\" d=\"M0,0h24v24H0V0z\"><\/path><path d=\"M12,5.83L15.17,9l1.41-1.41L12,3L7.41,7.59L8.83,9L12,5.83z M12,18.17L8.83,15l-1.41,1.41L12,21l4.59-4.59L15.17,15 L12,18.17z\"><\/path><\/svg><\/span><h4 class=\"advgb-accordion-header-title\" style=\"color:inherit\">A chi \u00e8 rivolto<\/h4><\/div><div class=\"advgb-accordion-body\" style=\"border-style:solid !important;border-width:1px !important;border-color:undefined !important;border-top:none !important;border-radius:2px !important\"><p>Il programma \u00e8 rivolto a tutti gli utenti gi\u00e0 iscritti al sito Lattebusche e ai loro amici (non appartenenti allo stesso nucleo abitativo). Invita chi vuoi far scoprire la qualit\u00e0 dei nostri prodotti!<\/p><\/div><\/div>\n\n<div class=\"wp-block-advgb-accordion-item advgb-accordion-item\" style=\"margin-bottom:15px\"><div class=\"advgb-accordion-header\" style=\"background-color:#000;color:#eee;border-style:solid;border-width:1px;border-radius:2px\"><span class=\"advgb-accordion-header-icon\"><svg fill=\"#fff\" xmlns=\"http:\/\/www.w3.org\/2000\/svg\" width=\"24\" height=\"24\" viewBox=\"0 0 24 24\"><path fill=\"none\" d=\"M0,0h24v24H0V0z\"><\/path><path d=\"M12,5.83L15.17,9l1.41-1.41L12,3L7.41,7.59L8.83,9L12,5.83z M12,18.17L8.83,15l-1.41,1.41L12,21l4.59-4.59L15.17,15 L12,18.17z\"><\/path><\/svg><\/span><h4 class=\"advgb-accordion-header-title\" style=\"color:inherit\">Quando e come ricevo lo sconto<\/h4><\/div><div class=\"advgb-accordion-body\" style=\"border-style:solid !important;border-width:1px !important;border-color:undefined !important;border-top:none !important;border-radius:2px !important\"><p>Dopo che l\u2019amico invitato avr\u00e0 ricevuto la merce del suo primo acquisto, il codice sconto verr\u00e0 inviato via email e sar\u00e0 visibile anche nella sezione dedicata nella pagina del proprio account.<\/p><\/div><\/div><\/div>\n<\/div>\n<\/div><\/div>","protected":false},"excerpt":{"rendered":"","protected":false},"author":5395,"featured_media":0,"parent":0,"menu_order":0,"comment_status":"closed","ping_status":"closed","template":"","meta":{"_acf_changed":false,"advgb_blocks_editor_width":"","advgb_blocks_columns_visual_guide":"","footnotes":""},"class_list":["post-32955","page","type-page","status-publish","hentry"],"acf":[],"yoast_head":"<!-- This site is optimized with the Yoast SEO plugin v25.3.1 - https:\/\/yoast.com\/wordpress\/plugins\/seo\/ -->\n<title>Invita un amico old - Lattebusche shop online<\/title>\n<meta name=\"robots\" content=\"index, follow, max-snippet:-1, max-image-preview:large, max-video-preview:-1\" \/>\n<link rel=\"canonical\" href=\"https:\/\/shop.lattebusche.com\/it\/invita-un-amico-old\/\" \/>\n<meta property=\"og:locale\" content=\"it_IT\" \/>\n<meta property=\"og:type\" content=\"article\" \/>\n<meta property=\"og:title\" content=\"Invita un amico old - Lattebusche shop online\" \/>\n<meta property=\"og:url\" content=\"https:\/\/shop.lattebusche.com\/it\/invita-un-amico-old\/\" \/>\n<meta property=\"og:site_name\" content=\"Lattebusche shop online\" \/>\n<meta property=\"article:modified_time\" content=\"2025-06-05T10:09:34+00:00\" \/>\n<meta property=\"og:image\" content=\"https:\/\/shop.lattebusche.com\/wp-content\/uploads\/2024\/11\/Porta-un-amico.jpg\" \/>\n\t<meta property=\"og:image:width\" content=\"1080\" \/>\n\t<meta property=\"og:image:height\" content=\"1080\" \/>\n\t<meta property=\"og:image:type\" content=\"image\/jpeg\" \/>\n<meta name=\"twitter:card\" content=\"summary_large_image\" \/>\n<meta name=\"twitter:label1\" content=\"Tempo di lettura stimato\" \/>\n\t<meta name=\"twitter:data1\" content=\"1 minuto\" \/>\n<script type=\"application\/ld+json\" class=\"yoast-schema-graph\">{\"@context\":\"https:\/\/schema.org\",\"@graph\":[{\"@type\":\"WebPage\",\"@id\":\"https:\/\/shop.lattebusche.com\/it\/invita-un-amico-old\/\",\"url\":\"https:\/\/shop.lattebusche.com\/it\/invita-un-amico-old\/\",\"name\":\"Invita un amico old - Lattebusche shop online\",\"isPartOf\":{\"@id\":\"https:\/\/shop.lattebusche.com\/it\/#website\"},\"primaryImageOfPage\":{\"@id\":\"https:\/\/shop.lattebusche.com\/it\/invita-un-amico-old\/#primaryimage\"},\"image\":{\"@id\":\"https:\/\/shop.lattebusche.com\/it\/invita-un-amico-old\/#primaryimage\"},\"thumbnailUrl\":\"https:\/\/shop.lattebusche.com\/wp-content\/uploads\/2024\/11\/Porta-un-amico-1024x1024.jpg\",\"datePublished\":\"2024-11-11T15:04:23+00:00\",\"dateModified\":\"2025-06-05T10:09:34+00:00\",\"breadcrumb\":{\"@id\":\"https:\/\/shop.lattebusche.com\/it\/invita-un-amico-old\/#breadcrumb\"},\"inLanguage\":\"it-IT\",\"potentialAction\":[{\"@type\":\"ReadAction\",\"target\":[\"https:\/\/shop.lattebusche.com\/it\/invita-un-amico-old\/\"]}]},{\"@type\":\"ImageObject\",\"inLanguage\":\"it-IT\",\"@id\":\"https:\/\/shop.lattebusche.com\/it\/invita-un-amico-old\/#primaryimage\",\"url\":\"https:\/\/shop.lattebusche.com\/wp-content\/uploads\/2024\/11\/Porta-un-amico-1024x1024.jpg\",\"contentUrl\":\"https:\/\/shop.lattebusche.com\/wp-content\/uploads\/2024\/11\/Porta-un-amico-1024x1024.jpg\"},{\"@type\":\"BreadcrumbList\",\"@id\":\"https:\/\/shop.lattebusche.com\/it\/invita-un-amico-old\/#breadcrumb\",\"itemListElement\":[{\"@type\":\"ListItem\",\"position\":1,\"name\":\"Home\",\"item\":\"https:\/\/shop.lattebusche.com\/it\/\"},{\"@type\":\"ListItem\",\"position\":2,\"name\":\"Invita un amico old\"}]},{\"@type\":\"WebSite\",\"@id\":\"https:\/\/shop.lattebusche.com\/it\/#website\",\"url\":\"https:\/\/shop.lattebusche.com\/it\/\",\"name\":\"Lattebusche shop online\",\"description\":\"Latteria della Vallata Feltrina\",\"publisher\":{\"@id\":\"https:\/\/shop.lattebusche.com\/it\/#organization\"},\"potentialAction\":[{\"@type\":\"SearchAction\",\"target\":{\"@type\":\"EntryPoint\",\"urlTemplate\":\"https:\/\/shop.lattebusche.com\/it\/?s={search_term_string}\"},\"query-input\":{\"@type\":\"PropertyValueSpecification\",\"valueRequired\":true,\"valueName\":\"search_term_string\"}}],\"inLanguage\":\"it-IT\"},{\"@type\":\"Organization\",\"@id\":\"https:\/\/shop.lattebusche.com\/it\/#organization\",\"name\":\"Lattebusche\",\"url\":\"https:\/\/shop.lattebusche.com\/it\/\",\"logo\":{\"@type\":\"ImageObject\",\"inLanguage\":\"it-IT\",\"@id\":\"https:\/\/shop.lattebusche.com\/it\/#\/schema\/logo\/image\/\",\"url\":\"https:\/\/shop.lattebusche.com\/wp-content\/uploads\/2022\/06\/cropped-Logo_shop-online.jpg\",\"contentUrl\":\"https:\/\/shop.lattebusche.com\/wp-content\/uploads\/2022\/06\/cropped-Logo_shop-online.jpg\",\"width\":834,\"height\":306,\"caption\":\"Lattebusche\"},\"image\":{\"@id\":\"https:\/\/shop.lattebusche.com\/it\/#\/schema\/logo\/image\/\"}}]}<\/script>\n<!-- \/ Yoast SEO plugin. -->","yoast_head_json":{"title":"Invita un amico old - Lattebusche shop online","robots":{"index":"index","follow":"follow","max-snippet":"max-snippet:-1","max-image-preview":"max-image-preview:large","max-video-preview":"max-video-preview:-1"},"canonical":"https:\/\/shop.lattebusche.com\/it\/invita-un-amico-old\/","og_locale":"it_IT","og_type":"article","og_title":"Invita un amico old - Lattebusche shop online","og_url":"https:\/\/shop.lattebusche.com\/it\/invita-un-amico-old\/","og_site_name":"Lattebusche shop online","article_modified_time":"2025-06-05T10:09:34+00:00","og_image":[{"width":1080,"height":1080,"url":"https:\/\/shop.lattebusche.com\/wp-content\/uploads\/2024\/11\/Porta-un-amico.jpg","type":"image\/jpeg"}],"twitter_card":"summary_large_image","twitter_misc":{"Tempo di lettura stimato":"1 minuto"},"schema":{"@context":"https:\/\/schema.org","@graph":[{"@type":"WebPage","@id":"https:\/\/shop.lattebusche.com\/it\/invita-un-amico-old\/","url":"https:\/\/shop.lattebusche.com\/it\/invita-un-amico-old\/","name":"Invita un amico old - Lattebusche shop online","isPartOf":{"@id":"https:\/\/shop.lattebusche.com\/it\/#website"},"primaryImageOfPage":{"@id":"https:\/\/shop.lattebusche.com\/it\/invita-un-amico-old\/#primaryimage"},"image":{"@id":"https:\/\/shop.lattebusche.com\/it\/invita-un-amico-old\/#primaryimage"},"thumbnailUrl":"https:\/\/shop.lattebusche.com\/wp-content\/uploads\/2024\/11\/Porta-un-amico-1024x1024.jpg","datePublished":"2024-11-11T15:04:23+00:00","dateModified":"2025-06-05T10:09:34+00:00","breadcrumb":{"@id":"https:\/\/shop.lattebusche.com\/it\/invita-un-amico-old\/#breadcrumb"},"inLanguage":"it-IT","potentialAction":[{"@type":"ReadAction","target":["https:\/\/shop.lattebusche.com\/it\/invita-un-amico-old\/"]}]},{"@type":"ImageObject","inLanguage":"it-IT","@id":"https:\/\/shop.lattebusche.com\/it\/invita-un-amico-old\/#primaryimage","url":"https:\/\/shop.lattebusche.com\/wp-content\/uploads\/2024\/11\/Porta-un-amico-1024x1024.jpg","contentUrl":"https:\/\/shop.lattebusche.com\/wp-content\/uploads\/2024\/11\/Porta-un-amico-1024x1024.jpg"},{"@type":"BreadcrumbList","@id":"https:\/\/shop.lattebusche.com\/it\/invita-un-amico-old\/#breadcrumb","itemListElement":[{"@type":"ListItem","position":1,"name":"Home","item":"https:\/\/shop.lattebusche.com\/it\/"},{"@type":"ListItem","position":2,"name":"Invita un amico old"}]},{"@type":"WebSite","@id":"https:\/\/shop.lattebusche.com\/it\/#website","url":"https:\/\/shop.lattebusche.com\/it\/","name":"Lattebusche shop online","description":"Latteria della Vallata Feltrina","publisher":{"@id":"https:\/\/shop.lattebusche.com\/it\/#organization"},"potentialAction":[{"@type":"SearchAction","target":{"@type":"EntryPoint","urlTemplate":"https:\/\/shop.lattebusche.com\/it\/?s={search_term_string}"},"query-input":{"@type":"PropertyValueSpecification","valueRequired":true,"valueName":"search_term_string"}}],"inLanguage":"it-IT"},{"@type":"Organization","@id":"https:\/\/shop.lattebusche.com\/it\/#organization","name":"Lattebusche","url":"https:\/\/shop.lattebusche.com\/it\/","logo":{"@type":"ImageObject","inLanguage":"it-IT","@id":"https:\/\/shop.lattebusche.com\/it\/#\/schema\/logo\/image\/","url":"https:\/\/shop.lattebusche.com\/wp-content\/uploads\/2022\/06\/cropped-Logo_shop-online.jpg","contentUrl":"https:\/\/shop.lattebusche.com\/wp-content\/uploads\/2022\/06\/cropped-Logo_shop-online.jpg","width":834,"height":306,"caption":"Lattebusche"},"image":{"@id":"https:\/\/shop.lattebusche.com\/it\/#\/schema\/logo\/image\/"}}]}},"coauthors":[],"author_meta":{"author_link":"https:\/\/shop.lattebusche.com\/it\/author\/francescogemin\/","display_name":"FrancescoGemin"},"relative_dates":{"created":"Pubblicato 1 anno fa","modified":"Aggiornato 11 mesi fa"},"absolute_dates":{"created":"Pubblicato il 11 Novembre 2024","modified":"Aggiornato il 5 Giugno 2025"},"absolute_dates_time":{"created":"Pubblicato il 11 Novembre 2024 16:04","modified":"Aggiornato il 5 Giugno 2025 12:09"},"featured_img_caption":"","featured_img":false,"series_order":"","_links":{"self":[{"href":"https:\/\/shop.lattebusche.com\/it\/wp-json\/wp\/v2\/pages\/32955","targetHints":{"allow":["GET"]}}],"collection":[{"href":"https:\/\/shop.lattebusche.com\/it\/wp-json\/wp\/v2\/pages"}],"about":[{"href":"https:\/\/shop.lattebusche.com\/it\/wp-json\/wp\/v2\/types\/page"}],"author":[{"embeddable":true,"href":"https:\/\/shop.lattebusche.com\/it\/wp-json\/wp\/v2\/users\/5395"}],"replies":[{"embeddable":true,"href":"https:\/\/shop.lattebusche.com\/it\/wp-json\/wp\/v2\/comments?post=32955"}],"version-history":[{"count":21,"href":"https:\/\/shop.lattebusche.com\/it\/wp-json\/wp\/v2\/pages\/32955\/revisions"}],"predecessor-version":[{"id":36891,"href":"https:\/\/shop.lattebusche.com\/it\/wp-json\/wp\/v2\/pages\/32955\/revisions\/36891"}],"wp:attachment":[{"href":"https:\/\/shop.lattebusche.com\/it\/wp-json\/wp\/v2\/media?parent=32955"}],"curies":[{"name":"wp","href":"https:\/\/api.w.org\/{rel}","templated":true}]}}