{"id":35489,"date":"2025-03-21T17:48:12","date_gmt":"2025-03-21T16:48:12","guid":{"rendered":"https:\/\/shop.lattebusche.com\/?page_id=35489"},"modified":"2025-07-25T11:46:07","modified_gmt":"2025-07-25T09:46:07","slug":"iscrizione-newsletter","status":"publish","type":"page","link":"https:\/\/shop.lattebusche.com\/it\/iscrizione-newsletter\/","title":{"rendered":"ISCRIVITI ALLA NEWSLETTER"},"content":{"rendered":"<div  class=\"grids-section grids-is-advanced alignfull\" style=\"--_gs-gap-desktop:30px 0px;--_gs-m-desktop:0 0 0 0;--_gs-p-desktop:50px 0 100px 0;--_gs-bg-desktop:#f3f3f3 none;--_gs-bg-xp-desktop:0px;--_gs-zi-desktop:auto;--_gs-d-desktop:none;--_gs-mw-desktop:calc(100% - 0 - 0);--_gs-gap-tablet:30px 0px;--_gs-m-tablet:0 0 0 0;--_gs-p-tablet:50px 0 100px 0;--_gs-bg-tablet:#f3f3f3 none;--_gs-bg-xp-tablet:0px;--_gs-zi-tablet:auto;--_gs-d-tablet:none;--_gs-mw-tablet:calc(100% - 0 - 0);--_gs-gap-mobile:30px 0px;--_gs-m-mobile:0 0 0 0;--_gs-p-mobile:50px 0 100px 0;--_gs-bg-mobile:#f3f3f3 none;--_gs-bg-xp-mobile:0px;--_gs-zi-mobile:auto;--_gs-d-mobile:none;--_gs-mw-mobile:calc(100% - 0 - 0);--_gs-columns:12;--_gs-rows:6\"><div class=\"grids-s-w_i\">\n<div class=\"grids-area testo-privacy\" style=\"--_ga-column:1\/6;--_ga-row:1\/7;--_ga-m-desktop:0 0 0 0;--_ga-p-desktop:0 0 0 0;--_ga-bg-desktop:transparent none;--_ga-zi-desktop:auto;--_ga-d-desktop:flex;--_ga-mw-desktop:calc(100% - 0 - 0);--_ga-m-tablet:0 0 0 0;--_ga-p-tablet:0 0 0 0;--_ga-bg-tablet:transparent none;--_ga-zi-tablet:auto;--_ga-d-tablet:flex;--_ga-mw-tablet:calc(100% - 0 - 0);--_ga-m-mobile:0 0 0 0;--_ga-p-mobile:0 0 0 0;--_ga-bg-mobile:transparent none;--_ga-zi-mobile:auto;--_ga-d-mobile:flex;--_ga-mw-mobile:calc(100% - 0 - 0)\">\n<h1 class=\"wp-block-heading\">Privacy Policy Newsletter<\/h1>\n\n<p><strong>Informativa sul Trattamento dei Dati Personali ai sensi del Regolamento UE n. 679\/2016 (GDPR) e delle ulteriori normative vigenti per la Newsletter<\/strong><br>In osservanza di quanto previsto dal Regolamento UE 2016\/679 e relativa normativa nazionale di adeguamento, forniamo all\u2019Interessato le dovute informazioni in ordine alle finalit\u00e0 e modalit\u00e0 del trattamento dei propri dati personali per ci\u00f2 che concerne i dati rilasciati per l\u2019iscrizione alla Newsletter di questo sito, nonch\u00e9 l\u2019ambito di comunicazione e diffusione degli stessi.<br>Il trattamento dei dati sar\u00e0 improntato ai principi di correttezza, liceit\u00e0 e trasparenza, limitazione delle finalit\u00e0 e della conservazione, minimizzazione, esattezza, tutela con ogni mezzo legittimo dell\u2019integrit\u00e0, riservatezza e dei diritti previsti.<br><br><strong>Titolare del Trattamento (Responsabile e Incaricati)<\/strong><br>Il Titolare del Trattamento dati \u00e8 Titolare del trattamento dei dati \u00e8 Lattebusche S.C.A (in breve \u201cLattebusche\u201d) , con sede legale in Via Nazionale, 59 \u2013 32030 BUSCHE DI CESIOMAGGIORE (BL) contattabile all\u2019indirizzo email info@lattebusche.it .<br>Le operazioni di trattamento saranno effettuate da Incaricati designati dal Titolare del trattamento, i quali opereranno sotto la sua diretta autorit\u00e0 nel rispetto delle istruzioni ricevute.<\/p>\n\n<p><br><strong>Finalit\u00e0<\/strong><br>Informiamo l\u2019Interessato che i dati personali volontariamente forniti e necessari all\u2019iscrizione alla Newsletter di questo sito saranno trattati dal Titolare esclusivamente per l\u2019attivit\u00e0 d\u2019invio di e-mail con finalit\u00e0 informative e commerciali concernenti le novit\u00e0 e i servizi offerti da Lattebusche s.c.a. e, quando normativamente previsto, con finalit\u00e0 di legittimo interesse del Titolare del Trattamento.<br>Trattamenti dei dati per finalit\u00e0 diverse da quelle qui specificate non saranno effettuati se non previo consenso esplicito dell\u2019Interessato dopo la consegna della relativa informativa.<\/p>\n\n<p><br><strong>Natura del conferimento dei dati<\/strong><br>Il conferimento dei dati \u00e8 facoltativo. Tuttavia il rifiuto dell&#8217;interessato a fornire i propri dati personali (indirizzo email, giorno e mese di nascita) , immettendoli nel form e autorizzando il trattamento, determiner\u00e0 per il Titolare del trattamento l\u2019impossibilit\u00e0 di inviare le e-mail della newsletter.<\/p>\n\n<p><br><strong>Modalit\u00e0 del Trattamento<\/strong><br>I dati verranno trattati con strumenti informatici nel rispetto delle misure di sicurezza previste dalla normativa vigente.<br>I dati personali volontariamente forniti dall\u2019Interessato mediante la compilazione del form on-line, in occasione della richiesta di iscrizione alla newsletter, saranno conservati nelle banche dati del Titolare per gli scopi sopra indicati.<br>Ai fini del presente paragrafo, il Titolare si impegna a osservare specifiche misure di sicurezza per prevenire la perdita dei dati, usi illeciti o non corretti e accessi non autorizzati, nel pieno rispetto delle norme di legge e dei regolamenti.<br>Il trattamento dei dati avviene con la piattaforma MailChimp, il cui servizio \u00e8 localizzato EXTRA EU negli USA. Per questa ragione viene richiesto esplicito consento al trattamento Extra UE e il titolare del trattamento ha adottato apposite procedure per garantire che il trattamento avvenga nel rispetto della UE 2016\/679.<\/p>\n\n<p><br><strong>Liceit\u00e0<\/strong><br>L\u2019Interessato deve esprimere il consenso al Trattamento dei propri dati personali per le finalit\u00e0 previste per poter ricevere la newsletter.<\/p>\n\n<p><br><strong>Comunicazione dei dati a terzi<\/strong><br>I dati personali raccolti mediante il form online non verranno trasmessi a soggetti terzi .<\/p>\n\n<p><br><strong>Tempi della conservazione<\/strong><br>I dati saranno archiviati e trattati per le finalit\u00e0 previste finch\u00e9 l\u2019Interessato non negher\u00e0 il consenso cancellandosi dalla newsletter, attivando il link preposto indicato in calce in ogni comunicazione inviatagli.<\/p>\n\n<p><br><strong>Diritti dell\u2019Interessato<\/strong><br>L&#8217;interessato ha diritto, mediante richiesta da inviare al Titolare al Trattamento di:<\/p>\n\n<ul class=\"wp-block-list\"><li>Ottenere conferma dell\u2019esistenza, contenuto e provenienza di dati personali che lo riguardano, anche se non ancora registrati, e la loro comunicazione senza ritardo in forma intelligibile.<\/li>\n\n<li>Richiedere informazioni, per iscritto, sui suoi dati personali da noi memorizzati (es: origine, finalit\u00e0, modalit\u00e0, categorie, logica applicata, periodo di conservazione, diritti, dati identificativi del Titolare del Trattamento, soggetti o categorie a cui possono essere comunicati i dati).<\/li>\n\n<li>Revocare il consenso al trattamento dei suoi dati mediante link presente in ogni comunicazione.<\/li>\n\n<li>Cancellare i suoi dati.<\/li>\n\n<li>Trasformare e\/o limitare o bloccare i dati trattati in violazione di legge.<\/li>\n\n<li>Aggiornare, rettificare o integrare i suoi dati.<\/li>\n\n<li>Ottenere i suoi dati personali, forniti al Titolare del Trattamento, in modo da poterli trasmettere ad altro Titolare del Trattamento.<\/li>\n\n<li>Opporsi, in tutto o in parte, per motivi legittimi, al trattamento dei dati personali che lo riguardano, ancorch\u00e9 pertinenti allo scopo della raccolta.<\/li><\/ul>\n\n<p>Proporre reclamo all\u2019Autorit\u00e0 Garante per la Privacy ( <a href=\"http:\/\/www.garanteprivacy.it\">www.garanteprivacy.it<\/a> ).<br>Per ulteriori informazioni sui diritti sulla privacy invitiamo l\u2019Interessato a visitare il sito web dell\u2019Autorit\u00e0 Garante: <a href=\"http:\/\/www.garanteprivacy.it\">www.garanteprivacy.it<\/a> .<\/p>\n<\/div>\n\n<div class=\"grids-area\" style=\"--_ga-column:7\/14;--_ga-row:1\/7;--_ga-m-desktop:0 0 0 0;--_ga-p-desktop:5% 5% 5% 5%;--_ga-bg-desktop:#00b2e3 none;--_ga-zi-desktop:auto;--_ga-d-desktop:flex;--_ga-mw-desktop:calc(100% - 0 - 0);--_ga-m-tablet:0 0 0 0;--_ga-p-tablet:5% 5% 5% 5%;--_ga-bg-tablet:#00b2e3 none;--_ga-zi-tablet:auto;--_ga-d-tablet:flex;--_ga-mw-tablet:calc(100% - 0 - 0);--_ga-m-mobile:0 0 0 0;--_ga-p-mobile:5% 5% 5% 5%;--_ga-bg-mobile:#00b2e3 none;--_ga-zi-mobile:auto;--_ga-d-mobile:flex;--_ga-mw-mobile:calc(100% - 0 - 0)\">\n<div  class=\"grids-section grids-is-advanced alignfull\" style=\"--_gs-gap-desktop:0px 0px;--_gs-m-desktop:0 0 0 0;--_gs-p-desktop:0 0 0 0;--_gs-bg-desktop:transparent none;--_gs-bg-xp-desktop:0px;--_gs-zi-desktop:auto;--_gs-d-desktop:block;--_gs-mw-desktop:calc(100% - 0 - 0);--_gs-gap-tablet:0px 0px;--_gs-m-tablet:0 0 0 0;--_gs-p-tablet:0 0 0 0;--_gs-bg-tablet:transparent none;--_gs-bg-xp-tablet:0px;--_gs-zi-tablet:auto;--_gs-d-tablet:block;--_gs-mw-tablet:calc(100% - 0 - 0);--_gs-gap-mobile:0px 0px;--_gs-m-mobile:0 0 0 0;--_gs-p-mobile:0 0 0 0;--_gs-bg-mobile:transparent none;--_gs-bg-xp-mobile:0px;--_gs-zi-mobile:auto;--_gs-d-mobile:block;--_gs-mw-mobile:calc(100% - 0 - 0);--_gs-columns:12;--_gs-rows:6\"><div class=\"grids-s-w_i\">\n<div class=\"grids-area\" style=\"--_ga-column:1\/13;--_ga-row:1\/4;--_ga-m-desktop:0 0 0 0;--_ga-p-desktop:0 0 0 0;--_ga-bg-desktop:#00b2e3 none;--_ga-zi-desktop:auto;--_ga-d-desktop:flex;--_ga-mw-desktop:calc(100% - 0 - 0);--_ga-m-tablet:0 0 0 0;--_ga-p-tablet:0 0 0 0;--_ga-bg-tablet:#00b2e3 none;--_ga-zi-tablet:auto;--_ga-d-tablet:flex;--_ga-mw-tablet:calc(100% - 0 - 0);--_ga-m-mobile:0 0 0 0;--_ga-p-mobile:0 0 0 0;--_ga-bg-mobile:#00b2e3 none;--_ga-zi-mobile:auto;--_ga-d-mobile:flex;--_ga-mw-mobile:calc(100% - 0 - 0)\">\n<h2 class=\"wp-block-heading has-text-align-center titolo-box-newsletter has-white-color has-text-color\">ISCRIVITI ALLA NOSTRA NEWSLETTER<\/h2>\n\n<div class=\"footer-newsletter\">\n\t\t\t\t\t\t\t\t<span class=\"titolo-promo-newsl\">Ricevi il 10% di sconto sul prossimo ordine<\/span>\n\n\t\t\t\t\t\t\t\t<!-- Start Mailchimp Form -->\n\n\t\t\t\t\t\t\t\t\t\t<div id=\"mc_embed_shell\">\n\t\t\t\t\t\t\t\t\t\t<link href=\"\/\/cdn-images.mailchimp.com\/embedcode\/classic-061523.css\" rel=\"stylesheet\" type=\"text\/css\">\n\t\t\t\t\t\t\t\t\t\t\n\t\t\t\t\t\t\t\t\t\t<div class=\"newletter-footer-subscribe\">\n\t\t\t\t\t\t\t\t\t\t\t<div id=\"mc_embed_signup\">\n\t\t\t\t\t\t\t\t\t\t\t\t<form action=\"https:\/\/lattebusche.us12.list-manage.com\/subscribe\/post?u=cee498c88928a7f14af8277fc&amp;id=3c17cec961&amp;f_id=00cde2e1f0\" method=\"post\" id=\"mc-embedded-subscribe-form\" name=\"mc-embedded-subscribe-form\" class=\"validate\" target=\"_blank\">\n\t\t\t\t\t\t\t\t\t\t\t\t\t<div id=\"mc_embed_signup_scroll\">\n\t\t\t\t\t\t\t\t\t\t\t\t\t\t<div class=\"indicates-required\"><span class=\"asterisk\">*<\/span> indica requisiti obbligatori<\/div>\n\t\t\t\t\t\t\t\t\t\t\t\t\t\t<div class=\"mc-field-group\"><label for=\"mce-EMAIL\">Email <span class=\"asterisk\">*<\/span><\/label><input type=\"email\" name=\"EMAIL\" class=\"required email\" id=\"mce-EMAIL\" required=\"\" value=\"\"><\/div><div class=\"mc-field-group\"><label for=\"mce-DOB-month\"><strong>Compleanno<\/strong><br>Inserendo la data del tuo compleanno riceverai uno sconto personale per festeggiare con noi <\/label><div class=\"datefield\"><span class=\"subfield dayfield\"><input class=\"birthday REQ_CSS\" type=\"text\" pattern=\"[0-9]*\" placeholder=\"GG\" size=\"2\" maxlength=\"2\" name=\"DOB[day]\" id=\"mce-DOB-day\" value=\"\"><\/span> \/ <span class=\"subfield monthfield\"><input class=\"birthday REQ_CSS\" type=\"text\" pattern=\"[0-9]*\" placeholder=\"MM\" size=\"2\" maxlength=\"2\" name=\"DOB[month]\" id=\"mce-DOB-month\" value=\"\"><\/span><span class=\"small-meta nowrap\">( gg \/ mm )<\/span><\/div><\/div><br><div class=\"tdd-text\"><strong>Trattamento dei dati <\/strong><\/div><div class=\"mc-field-group input-group trattamento-dati-landing\" style=\" width: fit-content;\"><input type=\"radio\" name=\"MMERGE19\" id=\"mce-MMERGE190\" style=\"text-align:left; width: fit-content;\" value=\"Autorizzo il trattamento dei miei dati personali per le finalit\u00e0 esposte nella informativa di cui ho preso visione.\" required> <label for=\"mce-MMERGE190\"> Confermo di aver preso visione dell\u2019informativa in questa pagina.<span class=\"asterisk\">*<\/span><br><\/label><\/div>\n\t\t\t\t\t\t\t\t\t\t\t\t\t\t<div hidden=\"\"><input type=\"hidden\" name=\"tags\" value=\"42998,43078\"><\/div>\n\t\t\t\t\t\t\t\t\t\t\t\t\t\t<div id=\"mce-responses\" class=\"clear\">\n\t\t\t\t\t\t\t\t\t\t\t\t\t\t\t<div class=\"response\" id=\"mce-error-response\" style=\"display: none;\"><\/div>\n\t\t\t\t\t\t\t\t\t\t\t\t\t\t\t<div class=\"response\" id=\"mce-success-response\" style=\"display: none;\"><\/div>\n\t\t\t\t\t\t\t\t\t\t\t\t\t\t<\/div><div aria-hidden=\"true\" style=\"position: absolute; left: -5000px;\"><input type=\"text\" name=\"b_cee498c88928a7f14af8277fc_3c17cec961\" tabindex=\"-1\" value=\"\"><\/div><br><br><div class=\"clear\" style=\"margin:auto\"><input type=\"submit\" name=\"subscribe\" id=\"mc-embedded-subscribe\" class=\"button\" style=\"margin:auto\" value=\"ISCRIVIMI\"><\/div>\n\t\t\t\t\t\t\t\t\t\t\t\t\t<\/div>\n\t\t\t\t\t\t\t\t\t\t\t\t<\/form>\n\t\t\t\t\t\t\t\t\t\t\t<\/div>\n\t\t\t\t\t\t\t\t\t\t<\/div>\n\t\t\t\t\t\t\t\t\t\t<script type=\"text\/javascript\" src=\"\/\/s3.amazonaws.com\/downloads.mailchimp.com\/js\/mc-validate.js\"><\/script><script type=\"text\/javascript\">(function($) {window.fnames = new Array(); window.ftypes = new Array();fnames[0]='EMAIL';ftypes[0]='email';fnames[11]='DOB';ftypes[11]='birthday';fnames[19]='MMERGE19';ftypes[19]='radio';fnames[16]='CREATEDAT';ftypes[16]='text';fnames[14]='LINGUA';ftypes[14]='radio';fnames[7]='DOP';ftypes[7]='date';fnames[13]='MMERGE13';ftypes[13]='radio';fnames[12]='MMERGE12';ftypes[12]='radio';fnames[18]='DISGRPCHG';ftypes[18]='text';fnames[17]='GENDER';ftypes[17]='text';fnames[2]='LNAME';ftypes[2]='text';fnames[3]='SCONTO';ftypes[3]='text';fnames[1]='FNAME';ftypes[1]='text';fnames[10]='CGROUP';ftypes[10]='text';fnames[9]='SUFFIX';ftypes[9]='text';fnames[8]='MNAME';ftypes[8]='text';fnames[6]='STORECODE';ftypes[6]='text';fnames[5]='STOREID';ftypes[5]='text';fnames[4]='WEBSITE';ftypes[4]='text';fnames[15]='CONFIRMED';ftypes[15]='text';\/*\n\t\t\t\t\t\t\t\t\t\t* Translated default messages for the $ validation plugin.\n\t\t\t\t\t\t\t\t\t\t* Locale: IT\n\t\t\t\t\t\t\t\t\t\t*\/\n\t\t\t\t\t\t\t\t\t\t$.extend($.validator.messages, {\n\t\t\t\t\t\t\t\t\t\t\trequired: \"Campo obbligatorio.\",\n\t\t\t\t\t\t\t\t\t\t\tremote: \"Controlla questo campo.\",\n\t\t\t\t\t\t\t\t\t\t\temail: \"Inserisci un indirizzo email valido.\",\n\t\t\t\t\t\t\t\t\t\t\turl: \"Inserisci un indirizzo web valido.\",\n\t\t\t\t\t\t\t\t\t\t\tdate: \"Inserisci una data valida.\",\n\t\t\t\t\t\t\t\t\t\t\tdateISO: \"Inserisci una data valida (ISO).\",\n\t\t\t\t\t\t\t\t\t\t\tnumber: \"Inserisci un numero valido.\",\n\t\t\t\t\t\t\t\t\t\t\tdigits: \"Inserisci solo numeri.\",\n\t\t\t\t\t\t\t\t\t\t\tcreditcard: \"Inserisci un numero di carta di credito valido.\",\n\t\t\t\t\t\t\t\t\t\t\tequalTo: \"Il valore non corrisponde.\",\n\t\t\t\t\t\t\t\t\t\t\taccept: \"Inserisci un valore con un&apos;estensione valida.\",\n\t\t\t\t\t\t\t\t\t\t\tmaxlength: $.validator.format(\"Non inserire pi&ugrave; di {0} caratteri.\"),\n\t\t\t\t\t\t\t\t\t\t\tminlength: $.validator.format(\"Inserisci almeno {0} caratteri.\"),\n\t\t\t\t\t\t\t\t\t\t\trangelength: $.validator.format(\"Inserisci un valore compreso tra {0} e {1} caratteri.\"),\n\t\t\t\t\t\t\t\t\t\t\trange: $.validator.format(\"Inserisci un valore compreso tra {0} e {1}.\"),\n\t\t\t\t\t\t\t\t\t\t\tmax: $.validator.format(\"Inserisci un valore minore o uguale a {0}.\"),\n\t\t\t\t\t\t\t\t\t\t\tmin: $.validator.format(\"Inserisci un valore maggiore o uguale a {0}.\")\n\t\t\t\t\t\t\t\t\t\t});}(jQuery));var $mcj = jQuery.noConflict(true);<\/script><\/div>\n\t\t\t\t\t\t\t\t\t\t\t\t\t\t\t\t\t\t\n\t\t\t\t\t\t\t\t<!-- End Mailchimp Form -->\n\t\t\t\t\t\t\t\t<?php \/\/echo do_shortcode('[yikes-mailchimp form=\"4\"]'); ?>\n\t\t\t\t\t\t\t<\/div>\n<\/div>\n<\/div><\/div>\n<\/div>\n<\/div><\/div><style class=\"advgb-styles-renderer\">\n\t\t\t\t\t\t\t\t\t\t\t\t#mc_embed_signup{background:#fff; false;clear:left; font:14px Helvetica,Arial,sans-serif;}\n\t\t\t\t\t\t\t\t\t\t\t\t\/* Add your own Mailchimp form style overrides in your site stylesheet or in this style block.\n\t\t\t\t\t\t\t\t\t\t\t\tWe recommend moving this block and the preceding CSS link to the HEAD of your HTML file. *\/\n\t\t\t\t\t\t\t\t\t\t\t\t.trattamento-dati-landing{\n\t\t\t\t\t\t\t\t\t\t\t\t\tdisplay:flow !important;\n\t\t\t\t\t\t\t\t\t\t\t\t}\n\t\t\t\t\t\t\t\t\t\t\t\tbody a.newsletter-policy-landing, body a.newsletter-policy-landing:active , body a.newsletter-policy-landing:focus, body a.newsletter-policy-landing:visited {\n\t\t\t\t\t\t\t\t\t\t\t\t\ttext-decoration: underline !important;\n\t\t\t\t\t\t\t\t\t\t\t\t}\n\t\t\t\t\t\t\t\t\t\t\t\t\n\t\t\t\t\t\t\t\t\t\t\t\t.newletter-footer-subscribe #mc-embedded-subscribe[disabled]{\n\t\t\t\t\t\t\t\t\t\t\t\t\tcursor:default !important;\nbackground-color:#525252 !important;\t\t\t\t\t\t\t\t\t\t\t\t\t\n\t\t\t\t\t\t\t\t\t\t\t\t}\n\t\t\t\t\t\t\t\t\t\t<\/style>","protected":false},"excerpt":{"rendered":"","protected":false},"author":5395,"featured_media":0,"parent":0,"menu_order":0,"comment_status":"closed","ping_status":"closed","template":"","meta":{"_acf_changed":false,"advgb_blocks_editor_width":"","advgb_blocks_columns_visual_guide":"","footnotes":""},"class_list":["post-35489","page","type-page","status-publish","hentry"],"acf":[],"yoast_head":"<!-- This site is optimized with the Yoast SEO plugin v25.3.1 - https:\/\/yoast.com\/wordpress\/plugins\/seo\/ -->\n<title>ISCRIVITI ALLA NEWSLETTER - Lattebusche shop online<\/title>\n<meta name=\"robots\" content=\"index, follow, max-snippet:-1, max-image-preview:large, max-video-preview:-1\" \/>\n<link rel=\"canonical\" href=\"https:\/\/shop.lattebusche.com\/it\/iscrizione-newsletter\/\" \/>\n<meta property=\"og:locale\" content=\"it_IT\" \/>\n<meta property=\"og:type\" content=\"article\" \/>\n<meta property=\"og:title\" content=\"ISCRIVITI ALLA NEWSLETTER - Lattebusche shop online\" \/>\n<meta property=\"og:url\" content=\"https:\/\/shop.lattebusche.com\/it\/iscrizione-newsletter\/\" \/>\n<meta property=\"og:site_name\" content=\"Lattebusche shop online\" \/>\n<meta property=\"article:modified_time\" content=\"2025-07-25T09:46:07+00:00\" \/>\n<meta name=\"twitter:card\" content=\"summary_large_image\" \/>\n<meta name=\"twitter:label1\" content=\"Tempo di lettura stimato\" \/>\n\t<meta name=\"twitter:data1\" content=\"4 minuti\" \/>\n<script type=\"application\/ld+json\" class=\"yoast-schema-graph\">{\"@context\":\"https:\/\/schema.org\",\"@graph\":[{\"@type\":\"WebPage\",\"@id\":\"https:\/\/shop.lattebusche.com\/it\/iscrizione-newsletter\/\",\"url\":\"https:\/\/shop.lattebusche.com\/it\/iscrizione-newsletter\/\",\"name\":\"ISCRIVITI ALLA NEWSLETTER - Lattebusche shop online\",\"isPartOf\":{\"@id\":\"https:\/\/shop.lattebusche.com\/it\/#website\"},\"datePublished\":\"2025-03-21T16:48:12+00:00\",\"dateModified\":\"2025-07-25T09:46:07+00:00\",\"breadcrumb\":{\"@id\":\"https:\/\/shop.lattebusche.com\/it\/iscrizione-newsletter\/#breadcrumb\"},\"inLanguage\":\"it-IT\",\"potentialAction\":[{\"@type\":\"ReadAction\",\"target\":[\"https:\/\/shop.lattebusche.com\/it\/iscrizione-newsletter\/\"]}]},{\"@type\":\"BreadcrumbList\",\"@id\":\"https:\/\/shop.lattebusche.com\/it\/iscrizione-newsletter\/#breadcrumb\",\"itemListElement\":[{\"@type\":\"ListItem\",\"position\":1,\"name\":\"Home\",\"item\":\"https:\/\/shop.lattebusche.com\/it\/\"},{\"@type\":\"ListItem\",\"position\":2,\"name\":\"ISCRIVITI ALLA NEWSLETTER\"}]},{\"@type\":\"WebSite\",\"@id\":\"https:\/\/shop.lattebusche.com\/it\/#website\",\"url\":\"https:\/\/shop.lattebusche.com\/it\/\",\"name\":\"Lattebusche shop online\",\"description\":\"Latteria della Vallata Feltrina\",\"publisher\":{\"@id\":\"https:\/\/shop.lattebusche.com\/it\/#organization\"},\"potentialAction\":[{\"@type\":\"SearchAction\",\"target\":{\"@type\":\"EntryPoint\",\"urlTemplate\":\"https:\/\/shop.lattebusche.com\/it\/?s={search_term_string}\"},\"query-input\":{\"@type\":\"PropertyValueSpecification\",\"valueRequired\":true,\"valueName\":\"search_term_string\"}}],\"inLanguage\":\"it-IT\"},{\"@type\":\"Organization\",\"@id\":\"https:\/\/shop.lattebusche.com\/it\/#organization\",\"name\":\"Lattebusche\",\"url\":\"https:\/\/shop.lattebusche.com\/it\/\",\"logo\":{\"@type\":\"ImageObject\",\"inLanguage\":\"it-IT\",\"@id\":\"https:\/\/shop.lattebusche.com\/it\/#\/schema\/logo\/image\/\",\"url\":\"https:\/\/shop.lattebusche.com\/wp-content\/uploads\/2022\/06\/cropped-Logo_shop-online.jpg\",\"contentUrl\":\"https:\/\/shop.lattebusche.com\/wp-content\/uploads\/2022\/06\/cropped-Logo_shop-online.jpg\",\"width\":834,\"height\":306,\"caption\":\"Lattebusche\"},\"image\":{\"@id\":\"https:\/\/shop.lattebusche.com\/it\/#\/schema\/logo\/image\/\"}}]}<\/script>\n<!-- \/ Yoast SEO plugin. -->","yoast_head_json":{"title":"ISCRIVITI ALLA NEWSLETTER - Lattebusche shop online","robots":{"index":"index","follow":"follow","max-snippet":"max-snippet:-1","max-image-preview":"max-image-preview:large","max-video-preview":"max-video-preview:-1"},"canonical":"https:\/\/shop.lattebusche.com\/it\/iscrizione-newsletter\/","og_locale":"it_IT","og_type":"article","og_title":"ISCRIVITI ALLA NEWSLETTER - Lattebusche shop online","og_url":"https:\/\/shop.lattebusche.com\/it\/iscrizione-newsletter\/","og_site_name":"Lattebusche shop online","article_modified_time":"2025-07-25T09:46:07+00:00","twitter_card":"summary_large_image","twitter_misc":{"Tempo di lettura stimato":"4 minuti"},"schema":{"@context":"https:\/\/schema.org","@graph":[{"@type":"WebPage","@id":"https:\/\/shop.lattebusche.com\/it\/iscrizione-newsletter\/","url":"https:\/\/shop.lattebusche.com\/it\/iscrizione-newsletter\/","name":"ISCRIVITI ALLA NEWSLETTER - Lattebusche shop online","isPartOf":{"@id":"https:\/\/shop.lattebusche.com\/it\/#website"},"datePublished":"2025-03-21T16:48:12+00:00","dateModified":"2025-07-25T09:46:07+00:00","breadcrumb":{"@id":"https:\/\/shop.lattebusche.com\/it\/iscrizione-newsletter\/#breadcrumb"},"inLanguage":"it-IT","potentialAction":[{"@type":"ReadAction","target":["https:\/\/shop.lattebusche.com\/it\/iscrizione-newsletter\/"]}]},{"@type":"BreadcrumbList","@id":"https:\/\/shop.lattebusche.com\/it\/iscrizione-newsletter\/#breadcrumb","itemListElement":[{"@type":"ListItem","position":1,"name":"Home","item":"https:\/\/shop.lattebusche.com\/it\/"},{"@type":"ListItem","position":2,"name":"ISCRIVITI ALLA NEWSLETTER"}]},{"@type":"WebSite","@id":"https:\/\/shop.lattebusche.com\/it\/#website","url":"https:\/\/shop.lattebusche.com\/it\/","name":"Lattebusche shop online","description":"Latteria della Vallata Feltrina","publisher":{"@id":"https:\/\/shop.lattebusche.com\/it\/#organization"},"potentialAction":[{"@type":"SearchAction","target":{"@type":"EntryPoint","urlTemplate":"https:\/\/shop.lattebusche.com\/it\/?s={search_term_string}"},"query-input":{"@type":"PropertyValueSpecification","valueRequired":true,"valueName":"search_term_string"}}],"inLanguage":"it-IT"},{"@type":"Organization","@id":"https:\/\/shop.lattebusche.com\/it\/#organization","name":"Lattebusche","url":"https:\/\/shop.lattebusche.com\/it\/","logo":{"@type":"ImageObject","inLanguage":"it-IT","@id":"https:\/\/shop.lattebusche.com\/it\/#\/schema\/logo\/image\/","url":"https:\/\/shop.lattebusche.com\/wp-content\/uploads\/2022\/06\/cropped-Logo_shop-online.jpg","contentUrl":"https:\/\/shop.lattebusche.com\/wp-content\/uploads\/2022\/06\/cropped-Logo_shop-online.jpg","width":834,"height":306,"caption":"Lattebusche"},"image":{"@id":"https:\/\/shop.lattebusche.com\/it\/#\/schema\/logo\/image\/"}}]}},"coauthors":[],"author_meta":{"author_link":"https:\/\/shop.lattebusche.com\/it\/author\/francescogemin\/","display_name":"FrancescoGemin"},"relative_dates":{"created":"Pubblicato 1 anno fa","modified":"Aggiornato 9 mesi fa"},"absolute_dates":{"created":"Pubblicato il 21 Marzo 2025","modified":"Aggiornato il 25 Luglio 2025"},"absolute_dates_time":{"created":"Pubblicato il 21 Marzo 2025 17:48","modified":"Aggiornato il 25 Luglio 2025 11:46"},"featured_img_caption":"","featured_img":false,"series_order":"","_links":{"self":[{"href":"https:\/\/shop.lattebusche.com\/it\/wp-json\/wp\/v2\/pages\/35489","targetHints":{"allow":["GET"]}}],"collection":[{"href":"https:\/\/shop.lattebusche.com\/it\/wp-json\/wp\/v2\/pages"}],"about":[{"href":"https:\/\/shop.lattebusche.com\/it\/wp-json\/wp\/v2\/types\/page"}],"author":[{"embeddable":true,"href":"https:\/\/shop.lattebusche.com\/it\/wp-json\/wp\/v2\/users\/5395"}],"replies":[{"embeddable":true,"href":"https:\/\/shop.lattebusche.com\/it\/wp-json\/wp\/v2\/comments?post=35489"}],"version-history":[{"count":46,"href":"https:\/\/shop.lattebusche.com\/it\/wp-json\/wp\/v2\/pages\/35489\/revisions"}],"predecessor-version":[{"id":37406,"href":"https:\/\/shop.lattebusche.com\/it\/wp-json\/wp\/v2\/pages\/35489\/revisions\/37406"}],"wp:attachment":[{"href":"https:\/\/shop.lattebusche.com\/it\/wp-json\/wp\/v2\/media?parent=35489"}],"curies":[{"name":"wp","href":"https:\/\/api.w.org\/{rel}","templated":true}]}}