{"id":18938,"date":"2020-04-10T07:53:02","date_gmt":"2020-04-10T05:53:02","guid":{"rendered":"https:\/\/shop.lattebusche.com\/prodotto\/yogurt-magro-alle-albicocche\/"},"modified":"2026-03-09T09:03:43","modified_gmt":"2026-03-09T08:03:43","slug":"yogurt-magro-alle-albicocche","status":"publish","type":"product","link":"https:\/\/shop.lattebusche.com\/it\/prodotto\/yogurt-magro-alle-albicocche\/","title":{"rendered":"Yogurt Magro alle albicocche"},"content":{"rendered":"<p><strong>Lo Yogurt magro alle Albicocche Lattebusche\u00a0<\/strong>\u00e8 un prodotto fresco e versatile, ideale in ogni momento della giornata, a cominciare da una sana colazione ad un pasto leggero e veloce oppure al termine della giornata come goloso dessert. Grazie al ridotto tenore di grassi \u00e8 dedicato a tutti coloro che non vogliono rinunciare ai benefici e al piacere dello yogurt, contenendo per\u00f2 le calorie.<\/p>\n<p><strong><i>Inserito nel Prontuario AIC degli alimenti senza glutine ed. 2022-2023<\/i><\/strong><\/p>\n","protected":false},"excerpt":{"rendered":"<p>Lo Yogurt magro Lattebusche, bianco o ai gusti, \u00e8 un prodotto fresco e versatile, ideale in ogni momento della giornata.<\/p>\n<p><b>Privo di conservanti, coloranti e glutine.<\/b><\/p>\n","protected":false},"author":2,"featured_media":18793,"template":"","meta":{"_acf_changed":false,"advgb_blocks_editor_width":"","advgb_blocks_columns_visual_guide":""},"product_brand":[],"product_cat":[404,415,412],"product_tag":[],"berocket_brand":[],"class_list":{"0":"post-18938","1":"product","2":"type-product","3":"status-publish","4":"has-post-thumbnail","6":"product_cat-freschi","7":"product_cat-yogurt","8":"product_cat-yogurt-magro","9":"pa_caratteristica-senza-glutine","10":"pa_composizione_distinta_base-128","11":"pa_country_of_manufacture-it","12":"pa_descrizione_stampaa_ft-84-yogurtmagroallealbicocche2","13":"pa_gtin-487","15":"first","16":"instock","17":"taxable","18":"shipping-taxable","19":"purchasable","20":"product-type-simple"},"acf":[],"yoast_head":"<!-- This site is optimized with the Yoast SEO plugin v25.3.1 - https:\/\/yoast.com\/wordpress\/plugins\/seo\/ -->\n<title>Yogurt Magro alle albicocche - Lattebusche shop online<\/title>\n<meta name=\"description\" content=\"Yogurt Magro alle albicocche Lattebusche: fresco e versatile, con meno grassi. Disponibile in pi\u00f9 gusti. Bont\u00e0 e qualit\u00e0 dalle Dolomiti. Acquista ora!\" \/>\n<meta name=\"robots\" content=\"index, follow, max-snippet:-1, max-image-preview:large, max-video-preview:-1\" \/>\n<link rel=\"canonical\" href=\"https:\/\/shop.lattebusche.com\/it\/prodotto\/yogurt-magro-alle-albicocche\/\" \/>\n<meta property=\"og:locale\" content=\"it_IT\" \/>\n<meta property=\"og:type\" content=\"article\" \/>\n<meta property=\"og:title\" content=\"Yogurt Magro alle albicocche - Lattebusche shop online\" \/>\n<meta property=\"og:description\" content=\"Yogurt Magro alle albicocche Lattebusche: fresco e versatile, con meno grassi. Disponibile in pi\u00f9 gusti. Bont\u00e0 e qualit\u00e0 dalle Dolomiti. Acquista ora!\" \/>\n<meta property=\"og:url\" content=\"https:\/\/shop.lattebusche.com\/it\/prodotto\/yogurt-magro-alle-albicocche\/\" \/>\n<meta property=\"og:site_name\" content=\"Lattebusche shop online\" \/>\n<meta property=\"article:modified_time\" content=\"2026-03-09T08:03:43+00:00\" \/>\n<meta property=\"og:image\" content=\"https:\/\/shop.lattebusche.com\/wp-content\/uploads\/2020\/04\/yogurt-magro-albicocca-1000x1000.jpg\" \/>\n\t<meta property=\"og:image:width\" content=\"1000\" \/>\n\t<meta property=\"og:image:height\" content=\"1000\" \/>\n\t<meta property=\"og:image:type\" content=\"image\/jpeg\" \/>\n<meta name=\"twitter:card\" content=\"summary_large_image\" \/>\n<script type=\"application\/ld+json\" class=\"yoast-schema-graph\">{\"@context\":\"https:\/\/schema.org\",\"@graph\":[{\"@type\":\"WebPage\",\"@id\":\"https:\/\/shop.lattebusche.com\/it\/prodotto\/yogurt-magro-alle-albicocche\/\",\"url\":\"https:\/\/shop.lattebusche.com\/it\/prodotto\/yogurt-magro-alle-albicocche\/\",\"name\":\"Yogurt Magro alle albicocche - Lattebusche shop online\",\"isPartOf\":{\"@id\":\"https:\/\/shop.lattebusche.com\/it\/#website\"},\"primaryImageOfPage\":{\"@id\":\"https:\/\/shop.lattebusche.com\/it\/prodotto\/yogurt-magro-alle-albicocche\/#primaryimage\"},\"image\":{\"@id\":\"https:\/\/shop.lattebusche.com\/it\/prodotto\/yogurt-magro-alle-albicocche\/#primaryimage\"},\"thumbnailUrl\":\"https:\/\/shop.lattebusche.com\/wp-content\/uploads\/2020\/04\/yogurt-magro-albicocca-1000x1000.jpg\",\"datePublished\":\"2020-04-10T05:53:02+00:00\",\"dateModified\":\"2026-03-09T08:03:43+00:00\",\"description\":\"Yogurt Magro alle albicocche Lattebusche: fresco e versatile, con meno grassi. Disponibile in pi\u00f9 gusti. Bont\u00e0 e qualit\u00e0 dalle Dolomiti. Acquista ora!\",\"breadcrumb\":{\"@id\":\"https:\/\/shop.lattebusche.com\/it\/prodotto\/yogurt-magro-alle-albicocche\/#breadcrumb\"},\"inLanguage\":\"it-IT\",\"potentialAction\":[{\"@type\":\"ReadAction\",\"target\":[\"https:\/\/shop.lattebusche.com\/it\/prodotto\/yogurt-magro-alle-albicocche\/\"]}]},{\"@type\":\"ImageObject\",\"inLanguage\":\"it-IT\",\"@id\":\"https:\/\/shop.lattebusche.com\/it\/prodotto\/yogurt-magro-alle-albicocche\/#primaryimage\",\"url\":\"https:\/\/shop.lattebusche.com\/wp-content\/uploads\/2020\/04\/yogurt-magro-albicocca-1000x1000.jpg\",\"contentUrl\":\"https:\/\/shop.lattebusche.com\/wp-content\/uploads\/2020\/04\/yogurt-magro-albicocca-1000x1000.jpg\",\"width\":1000,\"height\":1000},{\"@type\":\"BreadcrumbList\",\"@id\":\"https:\/\/shop.lattebusche.com\/it\/prodotto\/yogurt-magro-alle-albicocche\/#breadcrumb\",\"itemListElement\":[{\"@type\":\"ListItem\",\"position\":1,\"name\":\"Home\",\"item\":\"https:\/\/shop.lattebusche.com\/it\/\"},{\"@type\":\"ListItem\",\"position\":2,\"name\":\"Shop\",\"item\":\"https:\/\/shop.lattebusche.com\/it\/negozio\/\"},{\"@type\":\"ListItem\",\"position\":3,\"name\":\"Freschi\",\"item\":\"https:\/\/shop.lattebusche.com\/it\/categoria-prodotto\/freschi\/\"},{\"@type\":\"ListItem\",\"position\":4,\"name\":\"Yogurt Magro alle albicocche\"}]},{\"@type\":\"WebSite\",\"@id\":\"https:\/\/shop.lattebusche.com\/it\/#website\",\"url\":\"https:\/\/shop.lattebusche.com\/it\/\",\"name\":\"Lattebusche shop online\",\"description\":\"Latteria della Vallata Feltrina\",\"publisher\":{\"@id\":\"https:\/\/shop.lattebusche.com\/it\/#organization\"},\"potentialAction\":[{\"@type\":\"SearchAction\",\"target\":{\"@type\":\"EntryPoint\",\"urlTemplate\":\"https:\/\/shop.lattebusche.com\/it\/?s={search_term_string}\"},\"query-input\":{\"@type\":\"PropertyValueSpecification\",\"valueRequired\":true,\"valueName\":\"search_term_string\"}}],\"inLanguage\":\"it-IT\"},{\"@type\":\"Organization\",\"@id\":\"https:\/\/shop.lattebusche.com\/it\/#organization\",\"name\":\"Lattebusche\",\"url\":\"https:\/\/shop.lattebusche.com\/it\/\",\"logo\":{\"@type\":\"ImageObject\",\"inLanguage\":\"it-IT\",\"@id\":\"https:\/\/shop.lattebusche.com\/it\/#\/schema\/logo\/image\/\",\"url\":\"https:\/\/shop.lattebusche.com\/wp-content\/uploads\/2022\/06\/cropped-Logo_shop-online.jpg\",\"contentUrl\":\"https:\/\/shop.lattebusche.com\/wp-content\/uploads\/2022\/06\/cropped-Logo_shop-online.jpg\",\"width\":834,\"height\":306,\"caption\":\"Lattebusche\"},\"image\":{\"@id\":\"https:\/\/shop.lattebusche.com\/it\/#\/schema\/logo\/image\/\"}}]}<\/script>\n<!-- \/ Yoast SEO plugin. -->","yoast_head_json":{"title":"Yogurt Magro alle albicocche - Lattebusche shop online","description":"Yogurt Magro alle albicocche Lattebusche: fresco e versatile, con meno grassi. Disponibile in pi\u00f9 gusti. Bont\u00e0 e qualit\u00e0 dalle Dolomiti. Acquista ora!","robots":{"index":"index","follow":"follow","max-snippet":"max-snippet:-1","max-image-preview":"max-image-preview:large","max-video-preview":"max-video-preview:-1"},"canonical":"https:\/\/shop.lattebusche.com\/it\/prodotto\/yogurt-magro-alle-albicocche\/","og_locale":"it_IT","og_type":"article","og_title":"Yogurt Magro alle albicocche - Lattebusche shop online","og_description":"Yogurt Magro alle albicocche Lattebusche: fresco e versatile, con meno grassi. Disponibile in pi\u00f9 gusti. Bont\u00e0 e qualit\u00e0 dalle Dolomiti. Acquista ora!","og_url":"https:\/\/shop.lattebusche.com\/it\/prodotto\/yogurt-magro-alle-albicocche\/","og_site_name":"Lattebusche shop online","article_modified_time":"2026-03-09T08:03:43+00:00","og_image":[{"width":1000,"height":1000,"url":"https:\/\/shop.lattebusche.com\/wp-content\/uploads\/2020\/04\/yogurt-magro-albicocca-1000x1000.jpg","type":"image\/jpeg"}],"twitter_card":"summary_large_image","schema":{"@context":"https:\/\/schema.org","@graph":[{"@type":"WebPage","@id":"https:\/\/shop.lattebusche.com\/it\/prodotto\/yogurt-magro-alle-albicocche\/","url":"https:\/\/shop.lattebusche.com\/it\/prodotto\/yogurt-magro-alle-albicocche\/","name":"Yogurt Magro alle albicocche - Lattebusche shop online","isPartOf":{"@id":"https:\/\/shop.lattebusche.com\/it\/#website"},"primaryImageOfPage":{"@id":"https:\/\/shop.lattebusche.com\/it\/prodotto\/yogurt-magro-alle-albicocche\/#primaryimage"},"image":{"@id":"https:\/\/shop.lattebusche.com\/it\/prodotto\/yogurt-magro-alle-albicocche\/#primaryimage"},"thumbnailUrl":"https:\/\/shop.lattebusche.com\/wp-content\/uploads\/2020\/04\/yogurt-magro-albicocca-1000x1000.jpg","datePublished":"2020-04-10T05:53:02+00:00","dateModified":"2026-03-09T08:03:43+00:00","description":"Yogurt Magro alle albicocche Lattebusche: fresco e versatile, con meno grassi. Disponibile in pi\u00f9 gusti. Bont\u00e0 e qualit\u00e0 dalle Dolomiti. Acquista ora!","breadcrumb":{"@id":"https:\/\/shop.lattebusche.com\/it\/prodotto\/yogurt-magro-alle-albicocche\/#breadcrumb"},"inLanguage":"it-IT","potentialAction":[{"@type":"ReadAction","target":["https:\/\/shop.lattebusche.com\/it\/prodotto\/yogurt-magro-alle-albicocche\/"]}]},{"@type":"ImageObject","inLanguage":"it-IT","@id":"https:\/\/shop.lattebusche.com\/it\/prodotto\/yogurt-magro-alle-albicocche\/#primaryimage","url":"https:\/\/shop.lattebusche.com\/wp-content\/uploads\/2020\/04\/yogurt-magro-albicocca-1000x1000.jpg","contentUrl":"https:\/\/shop.lattebusche.com\/wp-content\/uploads\/2020\/04\/yogurt-magro-albicocca-1000x1000.jpg","width":1000,"height":1000},{"@type":"BreadcrumbList","@id":"https:\/\/shop.lattebusche.com\/it\/prodotto\/yogurt-magro-alle-albicocche\/#breadcrumb","itemListElement":[{"@type":"ListItem","position":1,"name":"Home","item":"https:\/\/shop.lattebusche.com\/it\/"},{"@type":"ListItem","position":2,"name":"Shop","item":"https:\/\/shop.lattebusche.com\/it\/negozio\/"},{"@type":"ListItem","position":3,"name":"Freschi","item":"https:\/\/shop.lattebusche.com\/it\/categoria-prodotto\/freschi\/"},{"@type":"ListItem","position":4,"name":"Yogurt Magro alle albicocche"}]},{"@type":"WebSite","@id":"https:\/\/shop.lattebusche.com\/it\/#website","url":"https:\/\/shop.lattebusche.com\/it\/","name":"Lattebusche shop online","description":"Latteria della Vallata Feltrina","publisher":{"@id":"https:\/\/shop.lattebusche.com\/it\/#organization"},"potentialAction":[{"@type":"SearchAction","target":{"@type":"EntryPoint","urlTemplate":"https:\/\/shop.lattebusche.com\/it\/?s={search_term_string}"},"query-input":{"@type":"PropertyValueSpecification","valueRequired":true,"valueName":"search_term_string"}}],"inLanguage":"it-IT"},{"@type":"Organization","@id":"https:\/\/shop.lattebusche.com\/it\/#organization","name":"Lattebusche","url":"https:\/\/shop.lattebusche.com\/it\/","logo":{"@type":"ImageObject","inLanguage":"it-IT","@id":"https:\/\/shop.lattebusche.com\/it\/#\/schema\/logo\/image\/","url":"https:\/\/shop.lattebusche.com\/wp-content\/uploads\/2022\/06\/cropped-Logo_shop-online.jpg","contentUrl":"https:\/\/shop.lattebusche.com\/wp-content\/uploads\/2022\/06\/cropped-Logo_shop-online.jpg","width":834,"height":306,"caption":"Lattebusche"},"image":{"@id":"https:\/\/shop.lattebusche.com\/it\/#\/schema\/logo\/image\/"}}]}},"featured_img":"https:\/\/shop.lattebusche.com\/wp-content\/uploads\/2020\/04\/yogurt-magro-albicocca-1000x1000.jpg","coauthors":[],"author_meta":{"author_link":"https:\/\/shop.lattebusche.com\/it\/author\/promoservice\/","display_name":"Promoservice"},"relative_dates":{"created":"Pubblicato 6 anni fa","modified":"Aggiornato 4 settimane fa"},"absolute_dates":{"created":"Pubblicato il 10 Aprile 2020","modified":"Aggiornato il 9 Marzo 2026"},"absolute_dates_time":{"created":"Pubblicato il 10 Aprile 2020 7:53","modified":"Aggiornato il 9 Marzo 2026 9:03"},"featured_img_caption":"","tax_additional":{"product_brand":{"linked":[],"unlinked":[],"slug":"product_brand","name":"Marchi"},"product_type":{"linked":["<a href=\"https:\/\/shop.lattebusche.com\/it\/?taxonomy=product_type&#038;term=simple\" class=\"advgb-post-tax-term\">simple<\/a>"],"unlinked":["<span class=\"advgb-post-tax-term\">simple<\/span>"],"slug":"product_type","name":"Tipo di prodotto"},"product_visibility":{"linked":[],"unlinked":[],"slug":"product_visibility","name":"Visibilit\u00e0 del prodotto"},"product_cat":{"linked":["<a href=\"https:\/\/shop.lattebusche.com\/it\/categoria-prodotto\/freschi\/\" class=\"advgb-post-tax-term\">Freschi<\/a>","<a href=\"https:\/\/shop.lattebusche.com\/it\/categoria-prodotto\/yogurt\/\" class=\"advgb-post-tax-term\">Yogurt<\/a>","<a href=\"https:\/\/shop.lattebusche.com\/it\/categoria-prodotto\/yogurt\/yogurt-magro\/\" class=\"advgb-post-tax-term\">Yogurt Magro<\/a>"],"unlinked":["<span class=\"advgb-post-tax-term\">Freschi<\/span>","<span class=\"advgb-post-tax-term\">Yogurt<\/span>","<span class=\"advgb-post-tax-term\">Yogurt Magro<\/span>"],"slug":"product_cat","name":"Categorie prodotto"},"product_tag":{"linked":[],"unlinked":[],"slug":"product_tag","name":"Tag prodotto"},"product_shipping_class":{"linked":[],"unlinked":[],"slug":"product_shipping_class","name":"Classi di spedizione prodotto"},"pa_brand":{"linked":[],"unlinked":[],"slug":"pa_brand","name":"Product Brand"},"pa_caratteristica":{"linked":["<a href=\"https:\/\/shop.lattebusche.com\/it\/caratteristica\/senza-glutine\/\" class=\"advgb-post-tax-term\">Senza glutine<\/a>"],"unlinked":["<span class=\"advgb-post-tax-term\">Senza glutine<\/span>"],"slug":"pa_caratteristica","name":"Product Caratteristica"},"pa_composizione_distinta_base":{"linked":["<a href=\"https:\/\/shop.lattebusche.com\/it\/composizione_distinta_base\/110303160256\/\" class=\"advgb-post-tax-term\">110303160256<\/a>"],"unlinked":["<span class=\"advgb-post-tax-term\">110303160256<\/span>"],"slug":"pa_composizione_distinta_base","name":"Product composizione_distinta_base"},"pa_cost":{"linked":[],"unlinked":[],"slug":"pa_cost","name":"Product Cost"},"pa_country_of_manufacture":{"linked":["<a href=\"https:\/\/shop.lattebusche.com\/it\/country_of_manufacture\/it\/\" class=\"advgb-post-tax-term\">IT<\/a>"],"unlinked":["<span class=\"advgb-post-tax-term\">IT<\/span>"],"slug":"pa_country_of_manufacture","name":"Product Country of Manufacture"},"pa_des_pezzatura":{"linked":[],"unlinked":[],"slug":"pa_des_pezzatura","name":"Product des_pezzatura"},"pa_descrizione_stampaa_ft":{"linked":["<a href=\"https:\/\/shop.lattebusche.com\/it\/descrizione_stampaa_ft\/84-yogurtmagroallealbicocche2\/\" class=\"advgb-post-tax-term\">Yogurt Magro alle Albicocche 2x125g 110303160256<\/a>"],"unlinked":["<span class=\"advgb-post-tax-term\">Yogurt Magro alle Albicocche 2x125g 110303160256<\/span>"],"slug":"pa_descrizione_stampaa_ft","name":"Product descrizione_stampa_ft"},"pa_gtin":{"linked":["<a href=\"https:\/\/shop.lattebusche.com\/it\/gtin\/8000212036196\/\" class=\"advgb-post-tax-term\">8000212036196<\/a>"],"unlinked":["<span class=\"advgb-post-tax-term\">8000212036196<\/span>"],"slug":"pa_gtin","name":"Product GTIN"},"pa_manufacturer":{"linked":[],"unlinked":[],"slug":"pa_manufacturer","name":"Product Manufacturer"},"pa_pack":{"linked":[],"unlinked":[],"slug":"pa_pack","name":"Product Confezione"},"pa_pezzatura":{"linked":[],"unlinked":[],"slug":"pa_pezzatura","name":"Product pezzatura"},"pa_recipient_code":{"linked":[],"unlinked":[],"slug":"pa_recipient_code","name":"Product Codice destinatario fattura elettronica"},"translation_priority":{"linked":["<a href=\"https:\/\/shop.lattebusche.com\/it\/?taxonomy=translation_priority&#038;term=opzionale\" class=\"advgb-post-tax-term\">Opzionale<\/a>"],"unlinked":["<span class=\"advgb-post-tax-term\">Opzionale<\/span>"],"slug":"translation_priority","name":"Priorit\u00e0 di Traduzione"},"berocket_brand":{"linked":[],"unlinked":[],"slug":"berocket_brand","name":"Brands"},"fb_product_set":{"linked":[],"unlinked":[],"slug":"fb_product_set","name":"Facebook Product Sets"}},"series_order":"","_links":{"self":[{"href":"https:\/\/shop.lattebusche.com\/it\/wp-json\/wp\/v2\/product\/18938","targetHints":{"allow":["GET"]}}],"collection":[{"href":"https:\/\/shop.lattebusche.com\/it\/wp-json\/wp\/v2\/product"}],"about":[{"href":"https:\/\/shop.lattebusche.com\/it\/wp-json\/wp\/v2\/types\/product"}],"wp:featuredmedia":[{"embeddable":true,"href":"https:\/\/shop.lattebusche.com\/it\/wp-json\/wp\/v2\/media\/18793"}],"wp:attachment":[{"href":"https:\/\/shop.lattebusche.com\/it\/wp-json\/wp\/v2\/media?parent=18938"}],"wp:term":[{"taxonomy":"product_brand","embeddable":true,"href":"https:\/\/shop.lattebusche.com\/it\/wp-json\/wp\/v2\/product_brand?post=18938"},{"taxonomy":"product_cat","embeddable":true,"href":"https:\/\/shop.lattebusche.com\/it\/wp-json\/wp\/v2\/product_cat?post=18938"},{"taxonomy":"product_tag","embeddable":true,"href":"https:\/\/shop.lattebusche.com\/it\/wp-json\/wp\/v2\/product_tag?post=18938"},{"taxonomy":"berocket_brand","embeddable":true,"href":"https:\/\/shop.lattebusche.com\/it\/wp-json\/wp\/v2\/berocket_brand?post=18938"}],"curies":[{"name":"wp","href":"https:\/\/api.w.org\/{rel}","templated":true}]}}