{"id":19401,"date":"2021-11-11T07:51:34","date_gmt":"2021-11-11T06:51:34","guid":{"rendered":"https:\/\/shop.lattebusche.com\/prodotto\/farina-per-polenta-di-mais-sponcio\/"},"modified":"2026-04-02T08:17:26","modified_gmt":"2026-04-02T06:17:26","slug":"farina-per-polenta-di-mais-sponcio","status":"publish","type":"product","link":"https:\/\/shop.lattebusche.com\/it\/prodotto\/farina-per-polenta-di-mais-sponcio\/","title":{"rendered":"Farina per polenta di Mais Sponcio 1Kg"},"content":{"rendered":"<p>Il Mais Sponcio \u00e8 un&#8217;antica variet\u00e0 coltivata nella Val Belluna. La pianta presenta spighe affusolate a tutolo bianco, \u00e8 alta e vigorosa e la sua maturazione \u00e8 medio-precoce con impollinazione libera. Tutte queste caratteristiche hanno fatto si che questa particolare pianta di mais si potesse perfettamente adattare alle difficili condizioni climatiche ed ambientali della provincia di Belluno. Le cariossidi (semi) sono a punta e al tatto pungono. Questa sua particolare caratteristica ha fatto si che il mais, in dialetto, venisse chiamato Sponcio, cio\u00e8 che punge. Oggi, in onore del nome dialettale, nei negozi troverete quindi il Mais Sponcio. La polenta che si ottiene dalla farina di mais sponcio \u00e8 la tradizionale polenta gialla di montagna: densa, soda, forte e profumata, con le caratteristiche pagliuzze marroni.<\/p>\n<p>Scopri la ricetta &#8220;Polenta e Schiz&#8221;:\u00a0<a href=\"https:\/\/ricette.lattebusche.com\/polenta-e-schiz\/\">https:\/\/ricette.lattebusche.com\/polenta-e-schiz\/<\/a><\/p>\n","protected":false},"excerpt":{"rendered":"<p>La polenta, prodotto tipico della tradizione dolomitica, \u00e8 un elemento immancabile dei pranzi domenicali bellunesi. La farina di mais Sponcio\u00a0della Cooperativa la Fiorita, ottenuta dalla macinatura a pietra dell&#8217;omonimo mais, \u00e8 l\u2019ingrediente base della tradizionale polenta gialla di montagna: densa, forte e profumata, con le caratteristiche pagliuzze marroni.<\/p>\n<p>Suggerimenti: per vivere un\u2019esperienza completa delle Dolomiti vi consigliamo polenta e schiz<\/p>\n<p>Disponibile in confezione da 1 kg<\/p>\n<p>Scopri la ricetta &#8220;Polenta e Schiz&#8221;:\u00a0<a href=\"https:\/\/ricette.lattebusche.com\/polenta-e-schiz\/\">https:\/\/ricette.lattebusche.com\/polenta-e-schiz\/<\/a><\/p>\n","protected":false},"author":2,"featured_media":19347,"template":"","meta":{"_acf_changed":false,"advgb_blocks_editor_width":"","advgb_blocks_columns_visual_guide":""},"product_brand":[],"product_cat":[419],"product_tag":[],"berocket_brand":[],"class_list":{"0":"post-19401","1":"product","2":"type-product","3":"status-publish","4":"has-post-thumbnail","6":"product_cat-prodotti-del-territorio","7":"pa_caratteristica-senza-glutine","8":"pa_composizione_distinta_base-23456788098b","9":"pa_country_of_manufacture-it","10":"pa_descrizione_stampaa_ft-1pz098b","11":"pa_pack-1kg","13":"first","14":"instock","15":"taxable","16":"shipping-taxable","17":"purchasable","18":"product-type-simple"},"acf":[],"yoast_head":"<!-- This site is optimized with the Yoast SEO plugin v25.3.1 - https:\/\/yoast.com\/wordpress\/plugins\/seo\/ -->\n<title>Farina per polenta di Mais Sponcio 1Kg - Lattebusche shop online<\/title>\n<meta name=\"robots\" content=\"index, follow, max-snippet:-1, max-image-preview:large, max-video-preview:-1\" \/>\n<link rel=\"canonical\" href=\"https:\/\/shop.lattebusche.com\/it\/prodotto\/farina-per-polenta-di-mais-sponcio\/\" \/>\n<meta property=\"og:locale\" content=\"it_IT\" \/>\n<meta property=\"og:type\" content=\"article\" \/>\n<meta property=\"og:title\" content=\"Farina per polenta di Mais Sponcio 1Kg - Lattebusche shop online\" \/>\n<meta property=\"og:description\" content=\"La polenta, prodotto tipico della tradizione dolomitica, \u00e8 un elemento immancabile dei pranzi domenicali bellunesi. La farina di mais Sponcio\u00a0della Cooperativa la Fiorita, ottenuta dalla macinatura a pietra dell&#039;omonimo mais, \u00e8 l\u2019ingrediente base della tradizionale polenta gialla di montagna: densa, forte e profumata, con le caratteristiche pagliuzze marroni.  Suggerimenti: per vivere un\u2019esperienza completa delle Dolomiti vi consigliamo polenta e schiz  Disponibile in confezione da 1 kg  Scopri la ricetta &quot;Polenta e Schiz&quot;:\u00a0https:\/\/ricette.lattebusche.com\/polenta-e-schiz\/\" \/>\n<meta property=\"og:url\" content=\"https:\/\/shop.lattebusche.com\/it\/prodotto\/farina-per-polenta-di-mais-sponcio\/\" \/>\n<meta property=\"og:site_name\" content=\"Lattebusche shop online\" \/>\n<meta property=\"article:modified_time\" content=\"2026-04-02T06:17:26+00:00\" \/>\n<meta property=\"og:image\" content=\"https:\/\/shop.lattebusche.com\/wp-content\/uploads\/2021\/11\/farina-per-polenta-di-mais-sponcio.jpg\" \/>\n\t<meta property=\"og:image:width\" content=\"1080\" \/>\n\t<meta property=\"og:image:height\" content=\"1080\" \/>\n\t<meta property=\"og:image:type\" content=\"image\/jpeg\" \/>\n<meta name=\"twitter:card\" content=\"summary_large_image\" \/>\n<meta name=\"twitter:label1\" content=\"Tempo di lettura stimato\" \/>\n\t<meta name=\"twitter:data1\" content=\"1 minuto\" \/>\n<script type=\"application\/ld+json\" class=\"yoast-schema-graph\">{\"@context\":\"https:\/\/schema.org\",\"@graph\":[{\"@type\":\"WebPage\",\"@id\":\"https:\/\/shop.lattebusche.com\/it\/prodotto\/farina-per-polenta-di-mais-sponcio\/\",\"url\":\"https:\/\/shop.lattebusche.com\/it\/prodotto\/farina-per-polenta-di-mais-sponcio\/\",\"name\":\"Farina per polenta di Mais Sponcio 1Kg - Lattebusche shop online\",\"isPartOf\":{\"@id\":\"https:\/\/shop.lattebusche.com\/it\/#website\"},\"primaryImageOfPage\":{\"@id\":\"https:\/\/shop.lattebusche.com\/it\/prodotto\/farina-per-polenta-di-mais-sponcio\/#primaryimage\"},\"image\":{\"@id\":\"https:\/\/shop.lattebusche.com\/it\/prodotto\/farina-per-polenta-di-mais-sponcio\/#primaryimage\"},\"thumbnailUrl\":\"https:\/\/shop.lattebusche.com\/wp-content\/uploads\/2021\/11\/farina-per-polenta-di-mais-sponcio.jpg\",\"datePublished\":\"2021-11-11T06:51:34+00:00\",\"dateModified\":\"2026-04-02T06:17:26+00:00\",\"breadcrumb\":{\"@id\":\"https:\/\/shop.lattebusche.com\/it\/prodotto\/farina-per-polenta-di-mais-sponcio\/#breadcrumb\"},\"inLanguage\":\"it-IT\",\"potentialAction\":[{\"@type\":\"ReadAction\",\"target\":[\"https:\/\/shop.lattebusche.com\/it\/prodotto\/farina-per-polenta-di-mais-sponcio\/\"]}]},{\"@type\":\"ImageObject\",\"inLanguage\":\"it-IT\",\"@id\":\"https:\/\/shop.lattebusche.com\/it\/prodotto\/farina-per-polenta-di-mais-sponcio\/#primaryimage\",\"url\":\"https:\/\/shop.lattebusche.com\/wp-content\/uploads\/2021\/11\/farina-per-polenta-di-mais-sponcio.jpg\",\"contentUrl\":\"https:\/\/shop.lattebusche.com\/wp-content\/uploads\/2021\/11\/farina-per-polenta-di-mais-sponcio.jpg\",\"width\":1080,\"height\":1080,\"caption\":\"Farina per polenta di mais sponcio-0\"},{\"@type\":\"BreadcrumbList\",\"@id\":\"https:\/\/shop.lattebusche.com\/it\/prodotto\/farina-per-polenta-di-mais-sponcio\/#breadcrumb\",\"itemListElement\":[{\"@type\":\"ListItem\",\"position\":1,\"name\":\"Home\",\"item\":\"https:\/\/shop.lattebusche.com\/it\/\"},{\"@type\":\"ListItem\",\"position\":2,\"name\":\"Shop\",\"item\":\"https:\/\/shop.lattebusche.com\/it\/negozio\/\"},{\"@type\":\"ListItem\",\"position\":3,\"name\":\"Selezioni Speciali\",\"item\":\"https:\/\/shop.lattebusche.com\/it\/categoria-prodotto\/selezioni-speciali\/\"},{\"@type\":\"ListItem\",\"position\":4,\"name\":\"Prodotti del territorio\",\"item\":\"https:\/\/shop.lattebusche.com\/it\/categoria-prodotto\/selezioni-speciali\/prodotti-del-territorio\/\"},{\"@type\":\"ListItem\",\"position\":5,\"name\":\"Farina per polenta di Mais Sponcio 1Kg\"}]},{\"@type\":\"WebSite\",\"@id\":\"https:\/\/shop.lattebusche.com\/it\/#website\",\"url\":\"https:\/\/shop.lattebusche.com\/it\/\",\"name\":\"Lattebusche shop online\",\"description\":\"Latteria della Vallata Feltrina\",\"publisher\":{\"@id\":\"https:\/\/shop.lattebusche.com\/it\/#organization\"},\"potentialAction\":[{\"@type\":\"SearchAction\",\"target\":{\"@type\":\"EntryPoint\",\"urlTemplate\":\"https:\/\/shop.lattebusche.com\/it\/?s={search_term_string}\"},\"query-input\":{\"@type\":\"PropertyValueSpecification\",\"valueRequired\":true,\"valueName\":\"search_term_string\"}}],\"inLanguage\":\"it-IT\"},{\"@type\":\"Organization\",\"@id\":\"https:\/\/shop.lattebusche.com\/it\/#organization\",\"name\":\"Lattebusche\",\"url\":\"https:\/\/shop.lattebusche.com\/it\/\",\"logo\":{\"@type\":\"ImageObject\",\"inLanguage\":\"it-IT\",\"@id\":\"https:\/\/shop.lattebusche.com\/it\/#\/schema\/logo\/image\/\",\"url\":\"https:\/\/shop.lattebusche.com\/wp-content\/uploads\/2022\/06\/cropped-Logo_shop-online.jpg\",\"contentUrl\":\"https:\/\/shop.lattebusche.com\/wp-content\/uploads\/2022\/06\/cropped-Logo_shop-online.jpg\",\"width\":834,\"height\":306,\"caption\":\"Lattebusche\"},\"image\":{\"@id\":\"https:\/\/shop.lattebusche.com\/it\/#\/schema\/logo\/image\/\"}}]}<\/script>\n<!-- \/ Yoast SEO plugin. -->","yoast_head_json":{"title":"Farina per polenta di Mais Sponcio 1Kg - Lattebusche shop online","robots":{"index":"index","follow":"follow","max-snippet":"max-snippet:-1","max-image-preview":"max-image-preview:large","max-video-preview":"max-video-preview:-1"},"canonical":"https:\/\/shop.lattebusche.com\/it\/prodotto\/farina-per-polenta-di-mais-sponcio\/","og_locale":"it_IT","og_type":"article","og_title":"Farina per polenta di Mais Sponcio 1Kg - Lattebusche shop online","og_description":"La polenta, prodotto tipico della tradizione dolomitica, \u00e8 un elemento immancabile dei pranzi domenicali bellunesi. La farina di mais Sponcio\u00a0della Cooperativa la Fiorita, ottenuta dalla macinatura a pietra dell'omonimo mais, \u00e8 l\u2019ingrediente base della tradizionale polenta gialla di montagna: densa, forte e profumata, con le caratteristiche pagliuzze marroni.  Suggerimenti: per vivere un\u2019esperienza completa delle Dolomiti vi consigliamo polenta e schiz  Disponibile in confezione da 1 kg  Scopri la ricetta \"Polenta e Schiz\":\u00a0https:\/\/ricette.lattebusche.com\/polenta-e-schiz\/","og_url":"https:\/\/shop.lattebusche.com\/it\/prodotto\/farina-per-polenta-di-mais-sponcio\/","og_site_name":"Lattebusche shop online","article_modified_time":"2026-04-02T06:17:26+00:00","og_image":[{"width":1080,"height":1080,"url":"https:\/\/shop.lattebusche.com\/wp-content\/uploads\/2021\/11\/farina-per-polenta-di-mais-sponcio.jpg","type":"image\/jpeg"}],"twitter_card":"summary_large_image","twitter_misc":{"Tempo di lettura stimato":"1 minuto"},"schema":{"@context":"https:\/\/schema.org","@graph":[{"@type":"WebPage","@id":"https:\/\/shop.lattebusche.com\/it\/prodotto\/farina-per-polenta-di-mais-sponcio\/","url":"https:\/\/shop.lattebusche.com\/it\/prodotto\/farina-per-polenta-di-mais-sponcio\/","name":"Farina per polenta di Mais Sponcio 1Kg - Lattebusche shop online","isPartOf":{"@id":"https:\/\/shop.lattebusche.com\/it\/#website"},"primaryImageOfPage":{"@id":"https:\/\/shop.lattebusche.com\/it\/prodotto\/farina-per-polenta-di-mais-sponcio\/#primaryimage"},"image":{"@id":"https:\/\/shop.lattebusche.com\/it\/prodotto\/farina-per-polenta-di-mais-sponcio\/#primaryimage"},"thumbnailUrl":"https:\/\/shop.lattebusche.com\/wp-content\/uploads\/2021\/11\/farina-per-polenta-di-mais-sponcio.jpg","datePublished":"2021-11-11T06:51:34+00:00","dateModified":"2026-04-02T06:17:26+00:00","breadcrumb":{"@id":"https:\/\/shop.lattebusche.com\/it\/prodotto\/farina-per-polenta-di-mais-sponcio\/#breadcrumb"},"inLanguage":"it-IT","potentialAction":[{"@type":"ReadAction","target":["https:\/\/shop.lattebusche.com\/it\/prodotto\/farina-per-polenta-di-mais-sponcio\/"]}]},{"@type":"ImageObject","inLanguage":"it-IT","@id":"https:\/\/shop.lattebusche.com\/it\/prodotto\/farina-per-polenta-di-mais-sponcio\/#primaryimage","url":"https:\/\/shop.lattebusche.com\/wp-content\/uploads\/2021\/11\/farina-per-polenta-di-mais-sponcio.jpg","contentUrl":"https:\/\/shop.lattebusche.com\/wp-content\/uploads\/2021\/11\/farina-per-polenta-di-mais-sponcio.jpg","width":1080,"height":1080,"caption":"Farina per polenta di mais sponcio-0"},{"@type":"BreadcrumbList","@id":"https:\/\/shop.lattebusche.com\/it\/prodotto\/farina-per-polenta-di-mais-sponcio\/#breadcrumb","itemListElement":[{"@type":"ListItem","position":1,"name":"Home","item":"https:\/\/shop.lattebusche.com\/it\/"},{"@type":"ListItem","position":2,"name":"Shop","item":"https:\/\/shop.lattebusche.com\/it\/negozio\/"},{"@type":"ListItem","position":3,"name":"Selezioni Speciali","item":"https:\/\/shop.lattebusche.com\/it\/categoria-prodotto\/selezioni-speciali\/"},{"@type":"ListItem","position":4,"name":"Prodotti del territorio","item":"https:\/\/shop.lattebusche.com\/it\/categoria-prodotto\/selezioni-speciali\/prodotti-del-territorio\/"},{"@type":"ListItem","position":5,"name":"Farina per polenta di Mais Sponcio 1Kg"}]},{"@type":"WebSite","@id":"https:\/\/shop.lattebusche.com\/it\/#website","url":"https:\/\/shop.lattebusche.com\/it\/","name":"Lattebusche shop online","description":"Latteria della Vallata Feltrina","publisher":{"@id":"https:\/\/shop.lattebusche.com\/it\/#organization"},"potentialAction":[{"@type":"SearchAction","target":{"@type":"EntryPoint","urlTemplate":"https:\/\/shop.lattebusche.com\/it\/?s={search_term_string}"},"query-input":{"@type":"PropertyValueSpecification","valueRequired":true,"valueName":"search_term_string"}}],"inLanguage":"it-IT"},{"@type":"Organization","@id":"https:\/\/shop.lattebusche.com\/it\/#organization","name":"Lattebusche","url":"https:\/\/shop.lattebusche.com\/it\/","logo":{"@type":"ImageObject","inLanguage":"it-IT","@id":"https:\/\/shop.lattebusche.com\/it\/#\/schema\/logo\/image\/","url":"https:\/\/shop.lattebusche.com\/wp-content\/uploads\/2022\/06\/cropped-Logo_shop-online.jpg","contentUrl":"https:\/\/shop.lattebusche.com\/wp-content\/uploads\/2022\/06\/cropped-Logo_shop-online.jpg","width":834,"height":306,"caption":"Lattebusche"},"image":{"@id":"https:\/\/shop.lattebusche.com\/it\/#\/schema\/logo\/image\/"}}]}},"featured_img":"https:\/\/shop.lattebusche.com\/wp-content\/uploads\/2021\/11\/farina-per-polenta-di-mais-sponcio.jpg","coauthors":[],"author_meta":{"author_link":"https:\/\/shop.lattebusche.com\/it\/author\/promoservice\/","display_name":"Promoservice"},"relative_dates":{"created":"Pubblicato 4 anni fa","modified":"Aggiornato 5 giorni fa"},"absolute_dates":{"created":"Pubblicato il 11 Novembre 2021","modified":"Aggiornato il 2 Aprile 2026"},"absolute_dates_time":{"created":"Pubblicato il 11 Novembre 2021 7:51","modified":"Aggiornato il 2 Aprile 2026 8:17"},"featured_img_caption":"","tax_additional":{"product_brand":{"linked":[],"unlinked":[],"slug":"product_brand","name":"Marchi"},"product_type":{"linked":["<a href=\"https:\/\/shop.lattebusche.com\/it\/?taxonomy=product_type&#038;term=simple\" class=\"advgb-post-tax-term\">simple<\/a>"],"unlinked":["<span class=\"advgb-post-tax-term\">simple<\/span>"],"slug":"product_type","name":"Tipo di prodotto"},"product_visibility":{"linked":[],"unlinked":[],"slug":"product_visibility","name":"Visibilit\u00e0 del prodotto"},"product_cat":{"linked":["<a href=\"https:\/\/shop.lattebusche.com\/it\/categoria-prodotto\/selezioni-speciali\/prodotti-del-territorio\/\" class=\"advgb-post-tax-term\">Prodotti del territorio<\/a>"],"unlinked":["<span class=\"advgb-post-tax-term\">Prodotti del territorio<\/span>"],"slug":"product_cat","name":"Categorie prodotto"},"product_tag":{"linked":[],"unlinked":[],"slug":"product_tag","name":"Tag prodotto"},"product_shipping_class":{"linked":[],"unlinked":[],"slug":"product_shipping_class","name":"Classi di spedizione prodotto"},"pa_brand":{"linked":[],"unlinked":[],"slug":"pa_brand","name":"Product Brand"},"pa_caratteristica":{"linked":["<a href=\"https:\/\/shop.lattebusche.com\/it\/caratteristica\/senza-glutine\/\" class=\"advgb-post-tax-term\">Senza glutine<\/a>"],"unlinked":["<span class=\"advgb-post-tax-term\">Senza glutine<\/span>"],"slug":"pa_caratteristica","name":"Product Caratteristica"},"pa_composizione_distinta_base":{"linked":["<a href=\"https:\/\/shop.lattebusche.com\/it\/composizione_distinta_base\/23456788098b\/\" class=\"advgb-post-tax-term\">23456788098B<\/a>"],"unlinked":["<span class=\"advgb-post-tax-term\">23456788098B<\/span>"],"slug":"pa_composizione_distinta_base","name":"Product composizione_distinta_base"},"pa_cost":{"linked":[],"unlinked":[],"slug":"pa_cost","name":"Product Cost"},"pa_country_of_manufacture":{"linked":["<a href=\"https:\/\/shop.lattebusche.com\/it\/country_of_manufacture\/it\/\" class=\"advgb-post-tax-term\">IT<\/a>"],"unlinked":["<span class=\"advgb-post-tax-term\">IT<\/span>"],"slug":"pa_country_of_manufacture","name":"Product Country of Manufacture"},"pa_des_pezzatura":{"linked":[],"unlinked":[],"slug":"pa_des_pezzatura","name":"Product des_pezzatura"},"pa_descrizione_stampaa_ft":{"linked":["<a href=\"https:\/\/shop.lattebusche.com\/it\/descrizione_stampaa_ft\/1pz098b\/\" class=\"advgb-post-tax-term\">1pz 098B<\/a>"],"unlinked":["<span class=\"advgb-post-tax-term\">1pz 098B<\/span>"],"slug":"pa_descrizione_stampaa_ft","name":"Product descrizione_stampa_ft"},"pa_gtin":{"linked":[],"unlinked":[],"slug":"pa_gtin","name":"Product GTIN"},"pa_manufacturer":{"linked":[],"unlinked":[],"slug":"pa_manufacturer","name":"Product Manufacturer"},"pa_pack":{"linked":["<a href=\"https:\/\/shop.lattebusche.com\/it\/pack\/1kg\/\" class=\"advgb-post-tax-term\">1KG<\/a>"],"unlinked":["<span class=\"advgb-post-tax-term\">1KG<\/span>"],"slug":"pa_pack","name":"Product Confezione"},"pa_pezzatura":{"linked":[],"unlinked":[],"slug":"pa_pezzatura","name":"Product pezzatura"},"pa_recipient_code":{"linked":[],"unlinked":[],"slug":"pa_recipient_code","name":"Product Codice destinatario fattura elettronica"},"translation_priority":{"linked":["<a href=\"https:\/\/shop.lattebusche.com\/it\/?taxonomy=translation_priority&#038;term=opzionale\" class=\"advgb-post-tax-term\">Opzionale<\/a>"],"unlinked":["<span class=\"advgb-post-tax-term\">Opzionale<\/span>"],"slug":"translation_priority","name":"Priorit\u00e0 di Traduzione"},"berocket_brand":{"linked":[],"unlinked":[],"slug":"berocket_brand","name":"Brands"},"fb_product_set":{"linked":[],"unlinked":[],"slug":"fb_product_set","name":"Facebook Product Sets"}},"series_order":"","_links":{"self":[{"href":"https:\/\/shop.lattebusche.com\/it\/wp-json\/wp\/v2\/product\/19401","targetHints":{"allow":["GET"]}}],"collection":[{"href":"https:\/\/shop.lattebusche.com\/it\/wp-json\/wp\/v2\/product"}],"about":[{"href":"https:\/\/shop.lattebusche.com\/it\/wp-json\/wp\/v2\/types\/product"}],"wp:featuredmedia":[{"embeddable":true,"href":"https:\/\/shop.lattebusche.com\/it\/wp-json\/wp\/v2\/media\/19347"}],"wp:attachment":[{"href":"https:\/\/shop.lattebusche.com\/it\/wp-json\/wp\/v2\/media?parent=19401"}],"wp:term":[{"taxonomy":"product_brand","embeddable":true,"href":"https:\/\/shop.lattebusche.com\/it\/wp-json\/wp\/v2\/product_brand?post=19401"},{"taxonomy":"product_cat","embeddable":true,"href":"https:\/\/shop.lattebusche.com\/it\/wp-json\/wp\/v2\/product_cat?post=19401"},{"taxonomy":"product_tag","embeddable":true,"href":"https:\/\/shop.lattebusche.com\/it\/wp-json\/wp\/v2\/product_tag?post=19401"},{"taxonomy":"berocket_brand","embeddable":true,"href":"https:\/\/shop.lattebusche.com\/it\/wp-json\/wp\/v2\/berocket_brand?post=19401"}],"curies":[{"name":"wp","href":"https:\/\/api.w.org\/{rel}","templated":true}]}}