{"id":19735,"date":"2022-04-28T10:59:59","date_gmt":"2022-04-28T08:59:59","guid":{"rendered":"https:\/\/shop.lattebusche.com\/?post_type=product&#038;p=19735"},"modified":"2026-03-23T08:33:04","modified_gmt":"2026-03-23T07:33:04","slug":"grana-padano-dop-16-mesi-300g-x-15pz","status":"publish","type":"product","link":"https:\/\/shop.lattebusche.com\/it\/prodotto\/grana-padano-dop-16-mesi-300g-x-15pz\/","title":{"rendered":"Grana Padano DOP 16 mesi 300g x 15pz"},"content":{"rendered":"<p>&nbsp;<\/p>\n<p><strong>Caratteristiche:<\/strong><\/p>\n<p>Ingredienti: <strong>latte<\/strong> vaccino, sale, caglio. Conservante: lisozima (proteina da <strong>uovo<\/strong>). Crosta non edibile.<\/p>\n<ul>\n<li><strong>Confezione<\/strong> sottovuoto<\/li>\n<li><strong>Peso: <\/strong>15 pezzi da 300g ciascuno<\/li>\n<li><strong>Stagionatura<\/strong> 16 mesi<\/li>\n<li><strong>Crosta<\/strong> liscia, regolare, color ocra intenso<\/li>\n<li><strong>Pasta<\/strong> granulosa e friabile, color bianco o paglierino<\/li>\n<li><strong>Occhiatura<\/strong> assente<\/li>\n<li><strong>Sapore<\/strong> intenso e fragrante<\/li>\n<\/ul>\n<p>Il Grana Padano DOP 16 mesi 15 pezzi da 300g ciascuno<strong>, \u00e8 naturalmente privo di lattosio<\/strong>, in quanto questo zucchero naturale del latte viene trasformato dai fermenti lattici, durante la stagionatura, in glucosio e galattosio.<\/p>\n","protected":false},"excerpt":{"rendered":"<h3><strong>Descrizione breve:<\/strong><\/h3>\n<p><strong>Grana Padano DOP 16 mesi 300g x 15pz<\/strong>. Il Grana Padano DOP \u00e8 uno dei formaggi a Denominazione di Origine Protetta pi\u00f9 conosciuti e apprezzati sia in Italia che all&#8217;estero.<\/p>\n<p><strong>Il Grana Padano DOP Lattebusche<\/strong> viene prodotto con latte vaccino ed \u00e8 un formaggio a pasta dura, cotta e a lenta maturazione. La pasta \u00e8 granulosa e friabile, di colore bianco o paglierino e ricoperta da una crosta dura di colore pi\u00f9 intenso. Il profumo ricorda il latte e il burro, il sapore \u00e8 intenso e fragrante. La lunga stagionatura e l\u2019elevato valore nutritivo rendono il Grana Padano DOP un alimento facilmente digeribile e indicato per una dieta equilibrata. Grazie al confezionamento sottovuoto, il sapore e le caratteristiche organolettiche rimangono inalterate per 12 mesi.<\/p>\n","protected":false},"author":2,"featured_media":20898,"template":"","meta":{"_acf_changed":false,"advgb_blocks_editor_width":"","advgb_blocks_columns_visual_guide":""},"product_brand":[],"product_cat":[39,409,425],"product_tag":[],"berocket_brand":[],"class_list":{"0":"post-19735","1":"product","2":"type-product","3":"status-publish","4":"has-post-thumbnail","6":"product_cat-formaggi","7":"product_cat-grana-padano-dop","8":"product_cat-offerte","9":"pa_gtin-438","11":"first","12":"instock","13":"sale","14":"taxable","15":"shipping-taxable","16":"purchasable","17":"product-type-simple"},"acf":[],"yoast_head":"<!-- This site is optimized with the Yoast SEO plugin v25.3.1 - https:\/\/yoast.com\/wordpress\/plugins\/seo\/ -->\n<title>Grana Padano DOP 16 mesi 300g x 15pz - Lattebusche shop online<\/title>\n<meta name=\"description\" content=\"Grana Padano DOP 16 mesi 300g x 15pz: tanta bont\u00e0 friabile dal sapore intenso e fragrante! Assaggialo, arriva a casa tua con trasporto refrigerato!\" \/>\n<meta name=\"robots\" content=\"index, follow, max-snippet:-1, max-image-preview:large, max-video-preview:-1\" \/>\n<link rel=\"canonical\" href=\"https:\/\/shop.lattebusche.com\/it\/prodotto\/grana-padano-dop-16-mesi-300g-x-15pz\/\" \/>\n<meta property=\"og:locale\" content=\"it_IT\" \/>\n<meta property=\"og:type\" content=\"article\" \/>\n<meta property=\"og:title\" content=\"Grana Padano DOP 16 mesi 300g x 15pz - Lattebusche shop online\" \/>\n<meta property=\"og:description\" content=\"Grana Padano DOP 16 mesi 300g x 15pz: tanta bont\u00e0 friabile dal sapore intenso e fragrante! Assaggialo, arriva a casa tua con trasporto refrigerato!\" \/>\n<meta property=\"og:url\" content=\"https:\/\/shop.lattebusche.com\/it\/prodotto\/grana-padano-dop-16-mesi-300g-x-15pz\/\" \/>\n<meta property=\"og:site_name\" content=\"Lattebusche shop online\" \/>\n<meta property=\"article:modified_time\" content=\"2026-03-23T07:33:04+00:00\" \/>\n<meta property=\"og:image\" content=\"https:\/\/shop.lattebusche.com\/wp-content\/uploads\/2022\/04\/Grana-Padano-DOP-16-Mesi-15x-300-gr.jpg\" \/>\n\t<meta property=\"og:image:width\" content=\"1000\" \/>\n\t<meta property=\"og:image:height\" content=\"1000\" \/>\n\t<meta property=\"og:image:type\" content=\"image\/jpeg\" \/>\n<meta name=\"twitter:card\" content=\"summary_large_image\" \/>\n<script type=\"application\/ld+json\" class=\"yoast-schema-graph\">{\"@context\":\"https:\/\/schema.org\",\"@graph\":[{\"@type\":\"WebPage\",\"@id\":\"https:\/\/shop.lattebusche.com\/it\/prodotto\/grana-padano-dop-16-mesi-300g-x-15pz\/\",\"url\":\"https:\/\/shop.lattebusche.com\/it\/prodotto\/grana-padano-dop-16-mesi-300g-x-15pz\/\",\"name\":\"Grana Padano DOP 16 mesi 300g x 15pz - Lattebusche shop online\",\"isPartOf\":{\"@id\":\"https:\/\/shop.lattebusche.com\/it\/#website\"},\"primaryImageOfPage\":{\"@id\":\"https:\/\/shop.lattebusche.com\/it\/prodotto\/grana-padano-dop-16-mesi-300g-x-15pz\/#primaryimage\"},\"image\":{\"@id\":\"https:\/\/shop.lattebusche.com\/it\/prodotto\/grana-padano-dop-16-mesi-300g-x-15pz\/#primaryimage\"},\"thumbnailUrl\":\"https:\/\/shop.lattebusche.com\/wp-content\/uploads\/2022\/04\/Grana-Padano-DOP-16-Mesi-15x-300-gr.jpg\",\"datePublished\":\"2022-04-28T08:59:59+00:00\",\"dateModified\":\"2026-03-23T07:33:04+00:00\",\"description\":\"Grana Padano DOP 16 mesi 300g x 15pz: tanta bont\u00e0 friabile dal sapore intenso e fragrante! Assaggialo, arriva a casa tua con trasporto refrigerato!\",\"breadcrumb\":{\"@id\":\"https:\/\/shop.lattebusche.com\/it\/prodotto\/grana-padano-dop-16-mesi-300g-x-15pz\/#breadcrumb\"},\"inLanguage\":\"it-IT\",\"potentialAction\":[{\"@type\":\"ReadAction\",\"target\":[\"https:\/\/shop.lattebusche.com\/it\/prodotto\/grana-padano-dop-16-mesi-300g-x-15pz\/\"]}]},{\"@type\":\"ImageObject\",\"inLanguage\":\"it-IT\",\"@id\":\"https:\/\/shop.lattebusche.com\/it\/prodotto\/grana-padano-dop-16-mesi-300g-x-15pz\/#primaryimage\",\"url\":\"https:\/\/shop.lattebusche.com\/wp-content\/uploads\/2022\/04\/Grana-Padano-DOP-16-Mesi-15x-300-gr.jpg\",\"contentUrl\":\"https:\/\/shop.lattebusche.com\/wp-content\/uploads\/2022\/04\/Grana-Padano-DOP-16-Mesi-15x-300-gr.jpg\",\"width\":1000,\"height\":1000},{\"@type\":\"BreadcrumbList\",\"@id\":\"https:\/\/shop.lattebusche.com\/it\/prodotto\/grana-padano-dop-16-mesi-300g-x-15pz\/#breadcrumb\",\"itemListElement\":[{\"@type\":\"ListItem\",\"position\":1,\"name\":\"Home\",\"item\":\"https:\/\/shop.lattebusche.com\/it\/\"},{\"@type\":\"ListItem\",\"position\":2,\"name\":\"Shop\",\"item\":\"https:\/\/shop.lattebusche.com\/it\/negozio\/\"},{\"@type\":\"ListItem\",\"position\":3,\"name\":\"Formaggi\",\"item\":\"https:\/\/shop.lattebusche.com\/it\/categoria-prodotto\/formaggi\/\"},{\"@type\":\"ListItem\",\"position\":4,\"name\":\"Grana Padano DOP 16 mesi 300g x 15pz\"}]},{\"@type\":\"WebSite\",\"@id\":\"https:\/\/shop.lattebusche.com\/it\/#website\",\"url\":\"https:\/\/shop.lattebusche.com\/it\/\",\"name\":\"Lattebusche shop online\",\"description\":\"Latteria della Vallata Feltrina\",\"publisher\":{\"@id\":\"https:\/\/shop.lattebusche.com\/it\/#organization\"},\"potentialAction\":[{\"@type\":\"SearchAction\",\"target\":{\"@type\":\"EntryPoint\",\"urlTemplate\":\"https:\/\/shop.lattebusche.com\/it\/?s={search_term_string}\"},\"query-input\":{\"@type\":\"PropertyValueSpecification\",\"valueRequired\":true,\"valueName\":\"search_term_string\"}}],\"inLanguage\":\"it-IT\"},{\"@type\":\"Organization\",\"@id\":\"https:\/\/shop.lattebusche.com\/it\/#organization\",\"name\":\"Lattebusche\",\"url\":\"https:\/\/shop.lattebusche.com\/it\/\",\"logo\":{\"@type\":\"ImageObject\",\"inLanguage\":\"it-IT\",\"@id\":\"https:\/\/shop.lattebusche.com\/it\/#\/schema\/logo\/image\/\",\"url\":\"https:\/\/shop.lattebusche.com\/wp-content\/uploads\/2022\/06\/cropped-Logo_shop-online.jpg\",\"contentUrl\":\"https:\/\/shop.lattebusche.com\/wp-content\/uploads\/2022\/06\/cropped-Logo_shop-online.jpg\",\"width\":834,\"height\":306,\"caption\":\"Lattebusche\"},\"image\":{\"@id\":\"https:\/\/shop.lattebusche.com\/it\/#\/schema\/logo\/image\/\"}}]}<\/script>\n<!-- \/ Yoast SEO plugin. -->","yoast_head_json":{"title":"Grana Padano DOP 16 mesi 300g x 15pz - Lattebusche shop online","description":"Grana Padano DOP 16 mesi 300g x 15pz: tanta bont\u00e0 friabile dal sapore intenso e fragrante! Assaggialo, arriva a casa tua con trasporto refrigerato!","robots":{"index":"index","follow":"follow","max-snippet":"max-snippet:-1","max-image-preview":"max-image-preview:large","max-video-preview":"max-video-preview:-1"},"canonical":"https:\/\/shop.lattebusche.com\/it\/prodotto\/grana-padano-dop-16-mesi-300g-x-15pz\/","og_locale":"it_IT","og_type":"article","og_title":"Grana Padano DOP 16 mesi 300g x 15pz - Lattebusche shop online","og_description":"Grana Padano DOP 16 mesi 300g x 15pz: tanta bont\u00e0 friabile dal sapore intenso e fragrante! Assaggialo, arriva a casa tua con trasporto refrigerato!","og_url":"https:\/\/shop.lattebusche.com\/it\/prodotto\/grana-padano-dop-16-mesi-300g-x-15pz\/","og_site_name":"Lattebusche shop online","article_modified_time":"2026-03-23T07:33:04+00:00","og_image":[{"width":1000,"height":1000,"url":"https:\/\/shop.lattebusche.com\/wp-content\/uploads\/2022\/04\/Grana-Padano-DOP-16-Mesi-15x-300-gr.jpg","type":"image\/jpeg"}],"twitter_card":"summary_large_image","schema":{"@context":"https:\/\/schema.org","@graph":[{"@type":"WebPage","@id":"https:\/\/shop.lattebusche.com\/it\/prodotto\/grana-padano-dop-16-mesi-300g-x-15pz\/","url":"https:\/\/shop.lattebusche.com\/it\/prodotto\/grana-padano-dop-16-mesi-300g-x-15pz\/","name":"Grana Padano DOP 16 mesi 300g x 15pz - Lattebusche shop online","isPartOf":{"@id":"https:\/\/shop.lattebusche.com\/it\/#website"},"primaryImageOfPage":{"@id":"https:\/\/shop.lattebusche.com\/it\/prodotto\/grana-padano-dop-16-mesi-300g-x-15pz\/#primaryimage"},"image":{"@id":"https:\/\/shop.lattebusche.com\/it\/prodotto\/grana-padano-dop-16-mesi-300g-x-15pz\/#primaryimage"},"thumbnailUrl":"https:\/\/shop.lattebusche.com\/wp-content\/uploads\/2022\/04\/Grana-Padano-DOP-16-Mesi-15x-300-gr.jpg","datePublished":"2022-04-28T08:59:59+00:00","dateModified":"2026-03-23T07:33:04+00:00","description":"Grana Padano DOP 16 mesi 300g x 15pz: tanta bont\u00e0 friabile dal sapore intenso e fragrante! Assaggialo, arriva a casa tua con trasporto refrigerato!","breadcrumb":{"@id":"https:\/\/shop.lattebusche.com\/it\/prodotto\/grana-padano-dop-16-mesi-300g-x-15pz\/#breadcrumb"},"inLanguage":"it-IT","potentialAction":[{"@type":"ReadAction","target":["https:\/\/shop.lattebusche.com\/it\/prodotto\/grana-padano-dop-16-mesi-300g-x-15pz\/"]}]},{"@type":"ImageObject","inLanguage":"it-IT","@id":"https:\/\/shop.lattebusche.com\/it\/prodotto\/grana-padano-dop-16-mesi-300g-x-15pz\/#primaryimage","url":"https:\/\/shop.lattebusche.com\/wp-content\/uploads\/2022\/04\/Grana-Padano-DOP-16-Mesi-15x-300-gr.jpg","contentUrl":"https:\/\/shop.lattebusche.com\/wp-content\/uploads\/2022\/04\/Grana-Padano-DOP-16-Mesi-15x-300-gr.jpg","width":1000,"height":1000},{"@type":"BreadcrumbList","@id":"https:\/\/shop.lattebusche.com\/it\/prodotto\/grana-padano-dop-16-mesi-300g-x-15pz\/#breadcrumb","itemListElement":[{"@type":"ListItem","position":1,"name":"Home","item":"https:\/\/shop.lattebusche.com\/it\/"},{"@type":"ListItem","position":2,"name":"Shop","item":"https:\/\/shop.lattebusche.com\/it\/negozio\/"},{"@type":"ListItem","position":3,"name":"Formaggi","item":"https:\/\/shop.lattebusche.com\/it\/categoria-prodotto\/formaggi\/"},{"@type":"ListItem","position":4,"name":"Grana Padano DOP 16 mesi 300g x 15pz"}]},{"@type":"WebSite","@id":"https:\/\/shop.lattebusche.com\/it\/#website","url":"https:\/\/shop.lattebusche.com\/it\/","name":"Lattebusche shop online","description":"Latteria della Vallata Feltrina","publisher":{"@id":"https:\/\/shop.lattebusche.com\/it\/#organization"},"potentialAction":[{"@type":"SearchAction","target":{"@type":"EntryPoint","urlTemplate":"https:\/\/shop.lattebusche.com\/it\/?s={search_term_string}"},"query-input":{"@type":"PropertyValueSpecification","valueRequired":true,"valueName":"search_term_string"}}],"inLanguage":"it-IT"},{"@type":"Organization","@id":"https:\/\/shop.lattebusche.com\/it\/#organization","name":"Lattebusche","url":"https:\/\/shop.lattebusche.com\/it\/","logo":{"@type":"ImageObject","inLanguage":"it-IT","@id":"https:\/\/shop.lattebusche.com\/it\/#\/schema\/logo\/image\/","url":"https:\/\/shop.lattebusche.com\/wp-content\/uploads\/2022\/06\/cropped-Logo_shop-online.jpg","contentUrl":"https:\/\/shop.lattebusche.com\/wp-content\/uploads\/2022\/06\/cropped-Logo_shop-online.jpg","width":834,"height":306,"caption":"Lattebusche"},"image":{"@id":"https:\/\/shop.lattebusche.com\/it\/#\/schema\/logo\/image\/"}}]}},"featured_img":"https:\/\/shop.lattebusche.com\/wp-content\/uploads\/2022\/04\/Grana-Padano-DOP-16-Mesi-15x-300-gr.jpg","coauthors":[],"author_meta":{"author_link":"https:\/\/shop.lattebusche.com\/it\/author\/promoservice\/","display_name":"Promoservice"},"relative_dates":{"created":"Pubblicato 4 anni fa","modified":"Aggiornato 2 settimane fa"},"absolute_dates":{"created":"Pubblicato il 28 Aprile 2022","modified":"Aggiornato il 23 Marzo 2026"},"absolute_dates_time":{"created":"Pubblicato il 28 Aprile 2022 10:59","modified":"Aggiornato il 23 Marzo 2026 8:33"},"featured_img_caption":"","tax_additional":{"product_brand":{"linked":[],"unlinked":[],"slug":"product_brand","name":"Marchi"},"product_type":{"linked":["<a href=\"https:\/\/shop.lattebusche.com\/it\/?taxonomy=product_type&#038;term=simple\" class=\"advgb-post-tax-term\">simple<\/a>"],"unlinked":["<span class=\"advgb-post-tax-term\">simple<\/span>"],"slug":"product_type","name":"Tipo di prodotto"},"product_visibility":{"linked":[],"unlinked":[],"slug":"product_visibility","name":"Visibilit\u00e0 del prodotto"},"product_cat":{"linked":["<a href=\"https:\/\/shop.lattebusche.com\/it\/categoria-prodotto\/formaggi\/\" class=\"advgb-post-tax-term\">Formaggi<\/a>","<a href=\"https:\/\/shop.lattebusche.com\/it\/categoria-prodotto\/formaggi\/grana-padano-dop\/\" class=\"advgb-post-tax-term\">Grana Padano DOP<\/a>","<a href=\"https:\/\/shop.lattebusche.com\/it\/categoria-prodotto\/offerte\/\" class=\"advgb-post-tax-term\">Offerte<\/a>"],"unlinked":["<span class=\"advgb-post-tax-term\">Formaggi<\/span>","<span class=\"advgb-post-tax-term\">Grana Padano DOP<\/span>","<span class=\"advgb-post-tax-term\">Offerte<\/span>"],"slug":"product_cat","name":"Categorie prodotto"},"product_tag":{"linked":[],"unlinked":[],"slug":"product_tag","name":"Tag prodotto"},"product_shipping_class":{"linked":[],"unlinked":[],"slug":"product_shipping_class","name":"Classi di spedizione prodotto"},"pa_brand":{"linked":[],"unlinked":[],"slug":"pa_brand","name":"Product Brand"},"pa_caratteristica":{"linked":[],"unlinked":[],"slug":"pa_caratteristica","name":"Product Caratteristica"},"pa_composizione_distinta_base":{"linked":[],"unlinked":[],"slug":"pa_composizione_distinta_base","name":"Product composizione_distinta_base"},"pa_cost":{"linked":[],"unlinked":[],"slug":"pa_cost","name":"Product Cost"},"pa_country_of_manufacture":{"linked":[],"unlinked":[],"slug":"pa_country_of_manufacture","name":"Product Country of Manufacture"},"pa_des_pezzatura":{"linked":[],"unlinked":[],"slug":"pa_des_pezzatura","name":"Product des_pezzatura"},"pa_descrizione_stampaa_ft":{"linked":[],"unlinked":[],"slug":"pa_descrizione_stampaa_ft","name":"Product descrizione_stampa_ft"},"pa_gtin":{"linked":["<a href=\"https:\/\/shop.lattebusche.com\/it\/gtin\/2205923\/\" class=\"advgb-post-tax-term\">2205923<\/a>"],"unlinked":["<span class=\"advgb-post-tax-term\">2205923<\/span>"],"slug":"pa_gtin","name":"Product GTIN"},"pa_manufacturer":{"linked":[],"unlinked":[],"slug":"pa_manufacturer","name":"Product Manufacturer"},"pa_pack":{"linked":[],"unlinked":[],"slug":"pa_pack","name":"Product Confezione"},"pa_pezzatura":{"linked":[],"unlinked":[],"slug":"pa_pezzatura","name":"Product pezzatura"},"pa_recipient_code":{"linked":[],"unlinked":[],"slug":"pa_recipient_code","name":"Product Codice destinatario fattura elettronica"},"translation_priority":{"linked":["<a href=\"https:\/\/shop.lattebusche.com\/it\/?taxonomy=translation_priority&#038;term=opzionale\" class=\"advgb-post-tax-term\">Opzionale<\/a>"],"unlinked":["<span class=\"advgb-post-tax-term\">Opzionale<\/span>"],"slug":"translation_priority","name":"Priorit\u00e0 di Traduzione"},"berocket_brand":{"linked":[],"unlinked":[],"slug":"berocket_brand","name":"Brands"},"fb_product_set":{"linked":[],"unlinked":[],"slug":"fb_product_set","name":"Facebook Product Sets"}},"series_order":"","_links":{"self":[{"href":"https:\/\/shop.lattebusche.com\/it\/wp-json\/wp\/v2\/product\/19735","targetHints":{"allow":["GET"]}}],"collection":[{"href":"https:\/\/shop.lattebusche.com\/it\/wp-json\/wp\/v2\/product"}],"about":[{"href":"https:\/\/shop.lattebusche.com\/it\/wp-json\/wp\/v2\/types\/product"}],"wp:featuredmedia":[{"embeddable":true,"href":"https:\/\/shop.lattebusche.com\/it\/wp-json\/wp\/v2\/media\/20898"}],"wp:attachment":[{"href":"https:\/\/shop.lattebusche.com\/it\/wp-json\/wp\/v2\/media?parent=19735"}],"wp:term":[{"taxonomy":"product_brand","embeddable":true,"href":"https:\/\/shop.lattebusche.com\/it\/wp-json\/wp\/v2\/product_brand?post=19735"},{"taxonomy":"product_cat","embeddable":true,"href":"https:\/\/shop.lattebusche.com\/it\/wp-json\/wp\/v2\/product_cat?post=19735"},{"taxonomy":"product_tag","embeddable":true,"href":"https:\/\/shop.lattebusche.com\/it\/wp-json\/wp\/v2\/product_tag?post=19735"},{"taxonomy":"berocket_brand","embeddable":true,"href":"https:\/\/shop.lattebusche.com\/it\/wp-json\/wp\/v2\/berocket_brand?post=19735"}],"curies":[{"name":"wp","href":"https:\/\/api.w.org\/{rel}","templated":true}]}}