{"id":19778,"date":"2022-05-02T15:26:19","date_gmt":"2022-05-02T13:26:19","guid":{"rendered":"https:\/\/shop.lattebusche.com\/?post_type=product&#038;p=19778"},"modified":"2026-04-02T08:20:37","modified_gmt":"2026-04-02T06:20:37","slug":"frico-morbido-ai-funghi","status":"publish","type":"product","link":"https:\/\/shop.lattebusche.com\/it\/prodotto\/frico-morbido-ai-funghi\/","title":{"rendered":"Frico morbido ai Funghi"},"content":{"rendered":"<p>Una miscela selezionata di formaggi Lattebusche stagionati, viene cotta assieme alle patate fino a formare un tortino pronto all\u2019uso come dalle pi\u00f9 antiche tradizioni friulane.\u00a0<strong>In questa variante<\/strong><strong>\u00a0vengono aggiunti alla ricetta un mix di\u00a0funghi\u00a0che lo rende pi\u00f9 gustoso.<\/strong><\/p>\n<p>\u00c8 gi\u00e0 cotto, soltanto da riscaldare!<\/p>\n<p><strong>Riscaldalo\u00a0in padella:<\/strong><\/p>\n<ol>\n<li>Apri la confezione sottovuoto<\/li>\n<li>Ponilo in una padella\u00a0antiaderente\u00a0e riscaldalo circa 5 minuti\u00a0 senza aggiungere olio fino ad ottenere una doratura da entrambi i lati.<\/li>\n<\/ol>\n<p><strong>Nel forno convenzionale:<\/strong><\/p>\n<ol>\n<li>Apri la confezione sottovuoto<\/li>\n<li>Riscalda il forno a 200\u00b0 Ponilo in una teglia antiaderente o sulla carta da forno per qualche minuto fino ad ottenere la doratura desiderata.<\/li>\n<\/ol>\n<p><strong>Preparazione speedy nel forno a microonde:<\/strong><\/p>\n<ol>\n<li>Apri la confezione sottovuoto (puoi anche lasciarlo nella confezione facendo un taglio sopra ad essa )<\/li>\n<li>Riscaldalo per circa 2 minuti a 750W<\/li>\n<\/ol>\n","protected":false},"excerpt":{"rendered":"<p>Una miscela selezionata di formaggi Lattebusche stagionati, viene cotta assieme alle patate fino a formare un tortino pronto all\u2019uso come dalle pi\u00f9 antiche tradizioni friulane. <b>In questa variante vengono aggiunti alla ricetta un mix di funghi che lo rende pi\u00f9 gustoso.<\/b><\/p>\n<p>\u00c8 gi\u00e0 cotto, soltanto da riscaldare!<\/p>\n","protected":false},"author":2,"featured_media":19779,"template":"","meta":{"_acf_changed":false,"advgb_blocks_editor_width":"","advgb_blocks_columns_visual_guide":""},"product_brand":[],"product_cat":[419],"product_tag":[],"berocket_brand":[],"class_list":{"0":"post-19778","1":"product","2":"type-product","3":"status-publish","4":"has-post-thumbnail","6":"product_cat-prodotti-del-territorio","7":"pa_caratteristica-senza-glutine","9":"first","10":"instock","11":"taxable","12":"shipping-taxable","13":"purchasable","14":"product-type-simple"},"acf":[],"yoast_head":"<!-- This site is optimized with the Yoast SEO plugin v25.3.1 - https:\/\/yoast.com\/wordpress\/plugins\/seo\/ -->\n<title>Frico morbido ai Funghi - Lattebusche shop online<\/title>\n<meta name=\"robots\" content=\"index, follow, max-snippet:-1, max-image-preview:large, max-video-preview:-1\" \/>\n<link rel=\"canonical\" href=\"https:\/\/shop.lattebusche.com\/it\/prodotto\/frico-morbido-ai-funghi\/\" \/>\n<meta property=\"og:locale\" content=\"it_IT\" \/>\n<meta property=\"og:type\" content=\"article\" \/>\n<meta property=\"og:title\" content=\"Frico morbido ai Funghi - Lattebusche shop online\" \/>\n<meta property=\"og:description\" content=\"Una miscela selezionata di formaggi Lattebusche stagionati, viene cotta assieme alle patate fino a formare un tortino pronto all\u2019uso come dalle pi\u00f9 antiche tradizioni friulane. In questa variante vengono aggiunti alla ricetta un mix di funghi che lo rende pi\u00f9 gustoso.  \u00c8 gi\u00e0 cotto, soltanto da riscaldare!\" \/>\n<meta property=\"og:url\" content=\"https:\/\/shop.lattebusche.com\/it\/prodotto\/frico-morbido-ai-funghi\/\" \/>\n<meta property=\"og:site_name\" content=\"Lattebusche shop online\" \/>\n<meta property=\"article:modified_time\" content=\"2026-04-02T06:20:37+00:00\" \/>\n<meta property=\"og:image\" content=\"https:\/\/shop.lattebusche.com\/wp-content\/uploads\/2022\/05\/funghi_singolo_new-600x601-1.png\" \/>\n\t<meta property=\"og:image:width\" content=\"600\" \/>\n\t<meta property=\"og:image:height\" content=\"601\" \/>\n\t<meta property=\"og:image:type\" content=\"image\/png\" \/>\n<meta name=\"twitter:card\" content=\"summary_large_image\" \/>\n<meta name=\"twitter:label1\" content=\"Tempo di lettura stimato\" \/>\n\t<meta name=\"twitter:data1\" content=\"1 minuto\" \/>\n<script type=\"application\/ld+json\" class=\"yoast-schema-graph\">{\"@context\":\"https:\/\/schema.org\",\"@graph\":[{\"@type\":\"WebPage\",\"@id\":\"https:\/\/shop.lattebusche.com\/it\/prodotto\/frico-morbido-ai-funghi\/\",\"url\":\"https:\/\/shop.lattebusche.com\/it\/prodotto\/frico-morbido-ai-funghi\/\",\"name\":\"Frico morbido ai Funghi - Lattebusche shop online\",\"isPartOf\":{\"@id\":\"https:\/\/shop.lattebusche.com\/it\/#website\"},\"primaryImageOfPage\":{\"@id\":\"https:\/\/shop.lattebusche.com\/it\/prodotto\/frico-morbido-ai-funghi\/#primaryimage\"},\"image\":{\"@id\":\"https:\/\/shop.lattebusche.com\/it\/prodotto\/frico-morbido-ai-funghi\/#primaryimage\"},\"thumbnailUrl\":\"https:\/\/shop.lattebusche.com\/wp-content\/uploads\/2022\/05\/funghi_singolo_new-600x601-1.png\",\"datePublished\":\"2022-05-02T13:26:19+00:00\",\"dateModified\":\"2026-04-02T06:20:37+00:00\",\"breadcrumb\":{\"@id\":\"https:\/\/shop.lattebusche.com\/it\/prodotto\/frico-morbido-ai-funghi\/#breadcrumb\"},\"inLanguage\":\"it-IT\",\"potentialAction\":[{\"@type\":\"ReadAction\",\"target\":[\"https:\/\/shop.lattebusche.com\/it\/prodotto\/frico-morbido-ai-funghi\/\"]}]},{\"@type\":\"ImageObject\",\"inLanguage\":\"it-IT\",\"@id\":\"https:\/\/shop.lattebusche.com\/it\/prodotto\/frico-morbido-ai-funghi\/#primaryimage\",\"url\":\"https:\/\/shop.lattebusche.com\/wp-content\/uploads\/2022\/05\/funghi_singolo_new-600x601-1.png\",\"contentUrl\":\"https:\/\/shop.lattebusche.com\/wp-content\/uploads\/2022\/05\/funghi_singolo_new-600x601-1.png\",\"width\":600,\"height\":601},{\"@type\":\"BreadcrumbList\",\"@id\":\"https:\/\/shop.lattebusche.com\/it\/prodotto\/frico-morbido-ai-funghi\/#breadcrumb\",\"itemListElement\":[{\"@type\":\"ListItem\",\"position\":1,\"name\":\"Home\",\"item\":\"https:\/\/shop.lattebusche.com\/it\/\"},{\"@type\":\"ListItem\",\"position\":2,\"name\":\"Shop\",\"item\":\"https:\/\/shop.lattebusche.com\/it\/negozio\/\"},{\"@type\":\"ListItem\",\"position\":3,\"name\":\"Selezioni Speciali\",\"item\":\"https:\/\/shop.lattebusche.com\/it\/categoria-prodotto\/selezioni-speciali\/\"},{\"@type\":\"ListItem\",\"position\":4,\"name\":\"Prodotti del territorio\",\"item\":\"https:\/\/shop.lattebusche.com\/it\/categoria-prodotto\/selezioni-speciali\/prodotti-del-territorio\/\"},{\"@type\":\"ListItem\",\"position\":5,\"name\":\"Frico morbido ai Funghi\"}]},{\"@type\":\"WebSite\",\"@id\":\"https:\/\/shop.lattebusche.com\/it\/#website\",\"url\":\"https:\/\/shop.lattebusche.com\/it\/\",\"name\":\"Lattebusche shop online\",\"description\":\"Latteria della Vallata Feltrina\",\"publisher\":{\"@id\":\"https:\/\/shop.lattebusche.com\/it\/#organization\"},\"potentialAction\":[{\"@type\":\"SearchAction\",\"target\":{\"@type\":\"EntryPoint\",\"urlTemplate\":\"https:\/\/shop.lattebusche.com\/it\/?s={search_term_string}\"},\"query-input\":{\"@type\":\"PropertyValueSpecification\",\"valueRequired\":true,\"valueName\":\"search_term_string\"}}],\"inLanguage\":\"it-IT\"},{\"@type\":\"Organization\",\"@id\":\"https:\/\/shop.lattebusche.com\/it\/#organization\",\"name\":\"Lattebusche\",\"url\":\"https:\/\/shop.lattebusche.com\/it\/\",\"logo\":{\"@type\":\"ImageObject\",\"inLanguage\":\"it-IT\",\"@id\":\"https:\/\/shop.lattebusche.com\/it\/#\/schema\/logo\/image\/\",\"url\":\"https:\/\/shop.lattebusche.com\/wp-content\/uploads\/2022\/06\/cropped-Logo_shop-online.jpg\",\"contentUrl\":\"https:\/\/shop.lattebusche.com\/wp-content\/uploads\/2022\/06\/cropped-Logo_shop-online.jpg\",\"width\":834,\"height\":306,\"caption\":\"Lattebusche\"},\"image\":{\"@id\":\"https:\/\/shop.lattebusche.com\/it\/#\/schema\/logo\/image\/\"}}]}<\/script>\n<!-- \/ Yoast SEO plugin. -->","yoast_head_json":{"title":"Frico morbido ai Funghi - Lattebusche shop online","robots":{"index":"index","follow":"follow","max-snippet":"max-snippet:-1","max-image-preview":"max-image-preview:large","max-video-preview":"max-video-preview:-1"},"canonical":"https:\/\/shop.lattebusche.com\/it\/prodotto\/frico-morbido-ai-funghi\/","og_locale":"it_IT","og_type":"article","og_title":"Frico morbido ai Funghi - Lattebusche shop online","og_description":"Una miscela selezionata di formaggi Lattebusche stagionati, viene cotta assieme alle patate fino a formare un tortino pronto all\u2019uso come dalle pi\u00f9 antiche tradizioni friulane. In questa variante vengono aggiunti alla ricetta un mix di funghi che lo rende pi\u00f9 gustoso.  \u00c8 gi\u00e0 cotto, soltanto da riscaldare!","og_url":"https:\/\/shop.lattebusche.com\/it\/prodotto\/frico-morbido-ai-funghi\/","og_site_name":"Lattebusche shop online","article_modified_time":"2026-04-02T06:20:37+00:00","og_image":[{"width":600,"height":601,"url":"https:\/\/shop.lattebusche.com\/wp-content\/uploads\/2022\/05\/funghi_singolo_new-600x601-1.png","type":"image\/png"}],"twitter_card":"summary_large_image","twitter_misc":{"Tempo di lettura stimato":"1 minuto"},"schema":{"@context":"https:\/\/schema.org","@graph":[{"@type":"WebPage","@id":"https:\/\/shop.lattebusche.com\/it\/prodotto\/frico-morbido-ai-funghi\/","url":"https:\/\/shop.lattebusche.com\/it\/prodotto\/frico-morbido-ai-funghi\/","name":"Frico morbido ai Funghi - Lattebusche shop online","isPartOf":{"@id":"https:\/\/shop.lattebusche.com\/it\/#website"},"primaryImageOfPage":{"@id":"https:\/\/shop.lattebusche.com\/it\/prodotto\/frico-morbido-ai-funghi\/#primaryimage"},"image":{"@id":"https:\/\/shop.lattebusche.com\/it\/prodotto\/frico-morbido-ai-funghi\/#primaryimage"},"thumbnailUrl":"https:\/\/shop.lattebusche.com\/wp-content\/uploads\/2022\/05\/funghi_singolo_new-600x601-1.png","datePublished":"2022-05-02T13:26:19+00:00","dateModified":"2026-04-02T06:20:37+00:00","breadcrumb":{"@id":"https:\/\/shop.lattebusche.com\/it\/prodotto\/frico-morbido-ai-funghi\/#breadcrumb"},"inLanguage":"it-IT","potentialAction":[{"@type":"ReadAction","target":["https:\/\/shop.lattebusche.com\/it\/prodotto\/frico-morbido-ai-funghi\/"]}]},{"@type":"ImageObject","inLanguage":"it-IT","@id":"https:\/\/shop.lattebusche.com\/it\/prodotto\/frico-morbido-ai-funghi\/#primaryimage","url":"https:\/\/shop.lattebusche.com\/wp-content\/uploads\/2022\/05\/funghi_singolo_new-600x601-1.png","contentUrl":"https:\/\/shop.lattebusche.com\/wp-content\/uploads\/2022\/05\/funghi_singolo_new-600x601-1.png","width":600,"height":601},{"@type":"BreadcrumbList","@id":"https:\/\/shop.lattebusche.com\/it\/prodotto\/frico-morbido-ai-funghi\/#breadcrumb","itemListElement":[{"@type":"ListItem","position":1,"name":"Home","item":"https:\/\/shop.lattebusche.com\/it\/"},{"@type":"ListItem","position":2,"name":"Shop","item":"https:\/\/shop.lattebusche.com\/it\/negozio\/"},{"@type":"ListItem","position":3,"name":"Selezioni Speciali","item":"https:\/\/shop.lattebusche.com\/it\/categoria-prodotto\/selezioni-speciali\/"},{"@type":"ListItem","position":4,"name":"Prodotti del territorio","item":"https:\/\/shop.lattebusche.com\/it\/categoria-prodotto\/selezioni-speciali\/prodotti-del-territorio\/"},{"@type":"ListItem","position":5,"name":"Frico morbido ai Funghi"}]},{"@type":"WebSite","@id":"https:\/\/shop.lattebusche.com\/it\/#website","url":"https:\/\/shop.lattebusche.com\/it\/","name":"Lattebusche shop online","description":"Latteria della Vallata Feltrina","publisher":{"@id":"https:\/\/shop.lattebusche.com\/it\/#organization"},"potentialAction":[{"@type":"SearchAction","target":{"@type":"EntryPoint","urlTemplate":"https:\/\/shop.lattebusche.com\/it\/?s={search_term_string}"},"query-input":{"@type":"PropertyValueSpecification","valueRequired":true,"valueName":"search_term_string"}}],"inLanguage":"it-IT"},{"@type":"Organization","@id":"https:\/\/shop.lattebusche.com\/it\/#organization","name":"Lattebusche","url":"https:\/\/shop.lattebusche.com\/it\/","logo":{"@type":"ImageObject","inLanguage":"it-IT","@id":"https:\/\/shop.lattebusche.com\/it\/#\/schema\/logo\/image\/","url":"https:\/\/shop.lattebusche.com\/wp-content\/uploads\/2022\/06\/cropped-Logo_shop-online.jpg","contentUrl":"https:\/\/shop.lattebusche.com\/wp-content\/uploads\/2022\/06\/cropped-Logo_shop-online.jpg","width":834,"height":306,"caption":"Lattebusche"},"image":{"@id":"https:\/\/shop.lattebusche.com\/it\/#\/schema\/logo\/image\/"}}]}},"featured_img":"https:\/\/shop.lattebusche.com\/wp-content\/uploads\/2022\/05\/funghi_singolo_new-600x601-1.png","coauthors":[],"author_meta":{"author_link":"https:\/\/shop.lattebusche.com\/it\/author\/promoservice\/","display_name":"Promoservice"},"relative_dates":{"created":"Pubblicato 4 anni fa","modified":"Aggiornato 3 settimane fa"},"absolute_dates":{"created":"Pubblicato il 2 Maggio 2022","modified":"Aggiornato il 2 Aprile 2026"},"absolute_dates_time":{"created":"Pubblicato il 2 Maggio 2022 15:26","modified":"Aggiornato il 2 Aprile 2026 8:20"},"featured_img_caption":"","tax_additional":{"product_brand":{"linked":[],"unlinked":[],"slug":"product_brand","name":"Marchi"},"product_type":{"linked":["<a href=\"https:\/\/shop.lattebusche.com\/it\/?taxonomy=product_type&#038;term=simple\" class=\"advgb-post-tax-term\">simple<\/a>"],"unlinked":["<span class=\"advgb-post-tax-term\">simple<\/span>"],"slug":"product_type","name":"Tipo di prodotto"},"product_visibility":{"linked":[],"unlinked":[],"slug":"product_visibility","name":"Visibilit\u00e0 del prodotto"},"product_cat":{"linked":["<a href=\"https:\/\/shop.lattebusche.com\/it\/categoria-prodotto\/selezioni-speciali\/prodotti-del-territorio\/\" class=\"advgb-post-tax-term\">Prodotti del territorio<\/a>"],"unlinked":["<span class=\"advgb-post-tax-term\">Prodotti del territorio<\/span>"],"slug":"product_cat","name":"Categorie prodotto"},"product_tag":{"linked":[],"unlinked":[],"slug":"product_tag","name":"Tag prodotto"},"product_shipping_class":{"linked":[],"unlinked":[],"slug":"product_shipping_class","name":"Classi di spedizione prodotto"},"pa_brand":{"linked":[],"unlinked":[],"slug":"pa_brand","name":"Product Brand"},"pa_caratteristica":{"linked":["<a href=\"https:\/\/shop.lattebusche.com\/it\/caratteristica\/senza-glutine\/\" class=\"advgb-post-tax-term\">Senza glutine<\/a>"],"unlinked":["<span class=\"advgb-post-tax-term\">Senza glutine<\/span>"],"slug":"pa_caratteristica","name":"Product Caratteristica"},"pa_composizione_distinta_base":{"linked":[],"unlinked":[],"slug":"pa_composizione_distinta_base","name":"Product composizione_distinta_base"},"pa_cost":{"linked":[],"unlinked":[],"slug":"pa_cost","name":"Product Cost"},"pa_country_of_manufacture":{"linked":[],"unlinked":[],"slug":"pa_country_of_manufacture","name":"Product Country of Manufacture"},"pa_des_pezzatura":{"linked":[],"unlinked":[],"slug":"pa_des_pezzatura","name":"Product des_pezzatura"},"pa_descrizione_stampaa_ft":{"linked":[],"unlinked":[],"slug":"pa_descrizione_stampaa_ft","name":"Product descrizione_stampa_ft"},"pa_gtin":{"linked":[],"unlinked":[],"slug":"pa_gtin","name":"Product GTIN"},"pa_manufacturer":{"linked":[],"unlinked":[],"slug":"pa_manufacturer","name":"Product Manufacturer"},"pa_pack":{"linked":[],"unlinked":[],"slug":"pa_pack","name":"Product Confezione"},"pa_pezzatura":{"linked":[],"unlinked":[],"slug":"pa_pezzatura","name":"Product pezzatura"},"pa_recipient_code":{"linked":[],"unlinked":[],"slug":"pa_recipient_code","name":"Product Codice destinatario fattura elettronica"},"translation_priority":{"linked":["<a href=\"https:\/\/shop.lattebusche.com\/it\/?taxonomy=translation_priority&#038;term=opzionale\" class=\"advgb-post-tax-term\">Opzionale<\/a>"],"unlinked":["<span class=\"advgb-post-tax-term\">Opzionale<\/span>"],"slug":"translation_priority","name":"Priorit\u00e0 di Traduzione"},"berocket_brand":{"linked":[],"unlinked":[],"slug":"berocket_brand","name":"Brands"},"fb_product_set":{"linked":[],"unlinked":[],"slug":"fb_product_set","name":"Facebook Product Sets"}},"series_order":"","_links":{"self":[{"href":"https:\/\/shop.lattebusche.com\/it\/wp-json\/wp\/v2\/product\/19778","targetHints":{"allow":["GET"]}}],"collection":[{"href":"https:\/\/shop.lattebusche.com\/it\/wp-json\/wp\/v2\/product"}],"about":[{"href":"https:\/\/shop.lattebusche.com\/it\/wp-json\/wp\/v2\/types\/product"}],"wp:featuredmedia":[{"embeddable":true,"href":"https:\/\/shop.lattebusche.com\/it\/wp-json\/wp\/v2\/media\/19779"}],"wp:attachment":[{"href":"https:\/\/shop.lattebusche.com\/it\/wp-json\/wp\/v2\/media?parent=19778"}],"wp:term":[{"taxonomy":"product_brand","embeddable":true,"href":"https:\/\/shop.lattebusche.com\/it\/wp-json\/wp\/v2\/product_brand?post=19778"},{"taxonomy":"product_cat","embeddable":true,"href":"https:\/\/shop.lattebusche.com\/it\/wp-json\/wp\/v2\/product_cat?post=19778"},{"taxonomy":"product_tag","embeddable":true,"href":"https:\/\/shop.lattebusche.com\/it\/wp-json\/wp\/v2\/product_tag?post=19778"},{"taxonomy":"berocket_brand","embeddable":true,"href":"https:\/\/shop.lattebusche.com\/it\/wp-json\/wp\/v2\/berocket_brand?post=19778"}],"curies":[{"name":"wp","href":"https:\/\/api.w.org\/{rel}","templated":true}]}}