{"id":26718,"date":"2023-11-09T16:46:35","date_gmt":"2023-11-09T15:46:35","guid":{"rendered":"https:\/\/shop.lattebusche.com\/?post_type=product&#038;p=26718"},"modified":"2026-02-04T11:30:04","modified_gmt":"2026-02-04T10:30:04","slug":"lo-scrigno-dei-tipici","status":"publish","type":"product","link":"https:\/\/shop.lattebusche.com\/it\/prodotto\/lo-scrigno-dei-tipici\/","title":{"rendered":"Lo Scrigno dei Tipici"},"content":{"rendered":"<p><strong style=\"color: #383634; font-size: 24px;\">Caratteristiche:<\/strong><\/p>\n<ul>\n<li>Il <strong>Cas\u00e8l Lattebusche<\/strong> \u00e8 un tipico formaggio fresco Bellunese: il sapore \u00e8 particolarmente delicato e profumo intenso.<\/li>\n<li>Il <strong>Nostr\u00e0n Lattebusche<\/strong> \u00e8 un formaggio a pasta cotta, semiduro e a media stagionatura: il sapore \u00e8 intenso, dovuto alla stagionatura minima di almeno tre mesi.<\/li>\n<li>Il <strong>Gerla Lattebusche<\/strong> \u00e8 un formaggio a pasta cotta, duro e stagionato: il sapore \u00e8 corposo e deciso, con un retrogusto lievemente piccante, che ricorda i formaggi di una volta.<\/li>\n<li><strong>Scatola Dolomitica decorata Lattebusche<\/strong><\/li>\n<\/ul>\n<p><strong>Garantiamo per tutti e tre i formaggi un peso minimo di 450g.<\/strong><\/p>\n<p>&nbsp;<\/p>\n","protected":false},"excerpt":{"rendered":"<h3><strong>Descrizione breve:\u00a0<\/strong><\/h3>\n<p><strong>Lo Scrigno dei Tipici. <\/strong>Un\u2019unica confezione che racchiude tutto il buon gusto della montagna Bellunese: <strong>Cas\u00e8l, Nostr\u00e0n <\/strong>e<strong> Gerla. <\/strong>Assapora le qualit\u00e0 casearie tipiche del territorio. Lo Scrigno dei Tipici accontenta ogni palato e ti accompagna in un viaggio tra i pascoli delle Dolomiti. Il tutto \u00e8 racchiuso in un&#8217;elegante scatola a tema Dolomiti.<\/p>\n","protected":false},"author":7,"featured_media":26719,"template":"","meta":{"_acf_changed":false,"advgb_blocks_editor_width":"","advgb_blocks_columns_visual_guide":""},"product_brand":[],"product_cat":[39,408,420,403],"product_tag":[495,494,503],"berocket_brand":[],"class_list":{"0":"post-26718","1":"product","2":"type-product","3":"status-publish","4":"has-post-thumbnail","6":"product_cat-formaggi","7":"product_cat-formaggi-tipici","8":"product_cat-idee-regalo","9":"product_cat-selezioni-speciali","10":"product_tag-casel","11":"product_tag-gerla","12":"product_tag-nostran","13":"pa_caratteristica-senza-glutine","15":"first","16":"instock","17":"taxable","18":"shipping-taxable","19":"purchasable","20":"product-type-simple"},"acf":[],"yoast_head":"<!-- This site is optimized with the Yoast SEO plugin v25.3.1 - https:\/\/yoast.com\/wordpress\/plugins\/seo\/ -->\n<title>Lo Scrigno dei Tipici - Lattebusche shop online<\/title>\n<meta name=\"description\" content=\"Lo Scrigno dei Tipici: Cas\u00e8l, Nostr\u00e0n e Gerla. Assapora a casa tua le qualit\u00e0 casearie tipiche del territorio bellunese. Acquista ora, trasporto refrigerato\" \/>\n<meta name=\"robots\" content=\"index, follow, max-snippet:-1, max-image-preview:large, max-video-preview:-1\" \/>\n<link rel=\"canonical\" href=\"https:\/\/shop.lattebusche.com\/it\/prodotto\/lo-scrigno-dei-tipici\/\" \/>\n<meta property=\"og:locale\" content=\"it_IT\" \/>\n<meta property=\"og:type\" content=\"article\" \/>\n<meta property=\"og:title\" content=\"Lo Scrigno dei Tipici - Lattebusche shop online\" \/>\n<meta property=\"og:description\" content=\"Lo Scrigno dei Tipici: Cas\u00e8l, Nostr\u00e0n e Gerla. Assapora a casa tua le qualit\u00e0 casearie tipiche del territorio bellunese. Acquista ora, trasporto refrigerato\" \/>\n<meta property=\"og:url\" content=\"https:\/\/shop.lattebusche.com\/it\/prodotto\/lo-scrigno-dei-tipici\/\" \/>\n<meta property=\"og:site_name\" content=\"Lattebusche shop online\" \/>\n<meta property=\"article:modified_time\" content=\"2026-02-04T10:30:04+00:00\" \/>\n<meta property=\"og:image\" content=\"https:\/\/shop.lattebusche.com\/wp-content\/uploads\/2023\/11\/097L-lo-scrigno-dei-tipici.jpg\" \/>\n\t<meta property=\"og:image:width\" content=\"1080\" \/>\n\t<meta property=\"og:image:height\" content=\"1080\" \/>\n\t<meta property=\"og:image:type\" content=\"image\/jpeg\" \/>\n<meta name=\"twitter:card\" content=\"summary_large_image\" \/>\n<script type=\"application\/ld+json\" class=\"yoast-schema-graph\">{\"@context\":\"https:\/\/schema.org\",\"@graph\":[{\"@type\":\"WebPage\",\"@id\":\"https:\/\/shop.lattebusche.com\/it\/prodotto\/lo-scrigno-dei-tipici\/\",\"url\":\"https:\/\/shop.lattebusche.com\/it\/prodotto\/lo-scrigno-dei-tipici\/\",\"name\":\"Lo Scrigno dei Tipici - Lattebusche shop online\",\"isPartOf\":{\"@id\":\"https:\/\/shop.lattebusche.com\/it\/#website\"},\"primaryImageOfPage\":{\"@id\":\"https:\/\/shop.lattebusche.com\/it\/prodotto\/lo-scrigno-dei-tipici\/#primaryimage\"},\"image\":{\"@id\":\"https:\/\/shop.lattebusche.com\/it\/prodotto\/lo-scrigno-dei-tipici\/#primaryimage\"},\"thumbnailUrl\":\"https:\/\/shop.lattebusche.com\/wp-content\/uploads\/2023\/11\/097L-lo-scrigno-dei-tipici.jpg\",\"datePublished\":\"2023-11-09T15:46:35+00:00\",\"dateModified\":\"2026-02-04T10:30:04+00:00\",\"description\":\"Lo Scrigno dei Tipici: Cas\u00e8l, Nostr\u00e0n e Gerla. Assapora a casa tua le qualit\u00e0 casearie tipiche del territorio bellunese. Acquista ora, trasporto refrigerato\",\"breadcrumb\":{\"@id\":\"https:\/\/shop.lattebusche.com\/it\/prodotto\/lo-scrigno-dei-tipici\/#breadcrumb\"},\"inLanguage\":\"it-IT\",\"potentialAction\":[{\"@type\":\"ReadAction\",\"target\":[\"https:\/\/shop.lattebusche.com\/it\/prodotto\/lo-scrigno-dei-tipici\/\"]}]},{\"@type\":\"ImageObject\",\"inLanguage\":\"it-IT\",\"@id\":\"https:\/\/shop.lattebusche.com\/it\/prodotto\/lo-scrigno-dei-tipici\/#primaryimage\",\"url\":\"https:\/\/shop.lattebusche.com\/wp-content\/uploads\/2023\/11\/097L-lo-scrigno-dei-tipici.jpg\",\"contentUrl\":\"https:\/\/shop.lattebusche.com\/wp-content\/uploads\/2023\/11\/097L-lo-scrigno-dei-tipici.jpg\",\"width\":1080,\"height\":1080},{\"@type\":\"BreadcrumbList\",\"@id\":\"https:\/\/shop.lattebusche.com\/it\/prodotto\/lo-scrigno-dei-tipici\/#breadcrumb\",\"itemListElement\":[{\"@type\":\"ListItem\",\"position\":1,\"name\":\"Home\",\"item\":\"https:\/\/shop.lattebusche.com\/it\/\"},{\"@type\":\"ListItem\",\"position\":2,\"name\":\"Shop\",\"item\":\"https:\/\/shop.lattebusche.com\/it\/negozio\/\"},{\"@type\":\"ListItem\",\"position\":3,\"name\":\"Formaggi\",\"item\":\"https:\/\/shop.lattebusche.com\/it\/categoria-prodotto\/formaggi\/\"},{\"@type\":\"ListItem\",\"position\":4,\"name\":\"Lo Scrigno dei Tipici\"}]},{\"@type\":\"WebSite\",\"@id\":\"https:\/\/shop.lattebusche.com\/it\/#website\",\"url\":\"https:\/\/shop.lattebusche.com\/it\/\",\"name\":\"Lattebusche shop online\",\"description\":\"Latteria della Vallata Feltrina\",\"publisher\":{\"@id\":\"https:\/\/shop.lattebusche.com\/it\/#organization\"},\"potentialAction\":[{\"@type\":\"SearchAction\",\"target\":{\"@type\":\"EntryPoint\",\"urlTemplate\":\"https:\/\/shop.lattebusche.com\/it\/?s={search_term_string}\"},\"query-input\":{\"@type\":\"PropertyValueSpecification\",\"valueRequired\":true,\"valueName\":\"search_term_string\"}}],\"inLanguage\":\"it-IT\"},{\"@type\":\"Organization\",\"@id\":\"https:\/\/shop.lattebusche.com\/it\/#organization\",\"name\":\"Lattebusche\",\"url\":\"https:\/\/shop.lattebusche.com\/it\/\",\"logo\":{\"@type\":\"ImageObject\",\"inLanguage\":\"it-IT\",\"@id\":\"https:\/\/shop.lattebusche.com\/it\/#\/schema\/logo\/image\/\",\"url\":\"https:\/\/shop.lattebusche.com\/wp-content\/uploads\/2022\/06\/cropped-Logo_shop-online.jpg\",\"contentUrl\":\"https:\/\/shop.lattebusche.com\/wp-content\/uploads\/2022\/06\/cropped-Logo_shop-online.jpg\",\"width\":834,\"height\":306,\"caption\":\"Lattebusche\"},\"image\":{\"@id\":\"https:\/\/shop.lattebusche.com\/it\/#\/schema\/logo\/image\/\"}}]}<\/script>\n<!-- \/ Yoast SEO plugin. -->","yoast_head_json":{"title":"Lo Scrigno dei Tipici - Lattebusche shop online","description":"Lo Scrigno dei Tipici: Cas\u00e8l, Nostr\u00e0n e Gerla. Assapora a casa tua le qualit\u00e0 casearie tipiche del territorio bellunese. Acquista ora, trasporto refrigerato","robots":{"index":"index","follow":"follow","max-snippet":"max-snippet:-1","max-image-preview":"max-image-preview:large","max-video-preview":"max-video-preview:-1"},"canonical":"https:\/\/shop.lattebusche.com\/it\/prodotto\/lo-scrigno-dei-tipici\/","og_locale":"it_IT","og_type":"article","og_title":"Lo Scrigno dei Tipici - Lattebusche shop online","og_description":"Lo Scrigno dei Tipici: Cas\u00e8l, Nostr\u00e0n e Gerla. Assapora a casa tua le qualit\u00e0 casearie tipiche del territorio bellunese. Acquista ora, trasporto refrigerato","og_url":"https:\/\/shop.lattebusche.com\/it\/prodotto\/lo-scrigno-dei-tipici\/","og_site_name":"Lattebusche shop online","article_modified_time":"2026-02-04T10:30:04+00:00","og_image":[{"width":1080,"height":1080,"url":"https:\/\/shop.lattebusche.com\/wp-content\/uploads\/2023\/11\/097L-lo-scrigno-dei-tipici.jpg","type":"image\/jpeg"}],"twitter_card":"summary_large_image","schema":{"@context":"https:\/\/schema.org","@graph":[{"@type":"WebPage","@id":"https:\/\/shop.lattebusche.com\/it\/prodotto\/lo-scrigno-dei-tipici\/","url":"https:\/\/shop.lattebusche.com\/it\/prodotto\/lo-scrigno-dei-tipici\/","name":"Lo Scrigno dei Tipici - Lattebusche shop online","isPartOf":{"@id":"https:\/\/shop.lattebusche.com\/it\/#website"},"primaryImageOfPage":{"@id":"https:\/\/shop.lattebusche.com\/it\/prodotto\/lo-scrigno-dei-tipici\/#primaryimage"},"image":{"@id":"https:\/\/shop.lattebusche.com\/it\/prodotto\/lo-scrigno-dei-tipici\/#primaryimage"},"thumbnailUrl":"https:\/\/shop.lattebusche.com\/wp-content\/uploads\/2023\/11\/097L-lo-scrigno-dei-tipici.jpg","datePublished":"2023-11-09T15:46:35+00:00","dateModified":"2026-02-04T10:30:04+00:00","description":"Lo Scrigno dei Tipici: Cas\u00e8l, Nostr\u00e0n e Gerla. Assapora a casa tua le qualit\u00e0 casearie tipiche del territorio bellunese. Acquista ora, trasporto refrigerato","breadcrumb":{"@id":"https:\/\/shop.lattebusche.com\/it\/prodotto\/lo-scrigno-dei-tipici\/#breadcrumb"},"inLanguage":"it-IT","potentialAction":[{"@type":"ReadAction","target":["https:\/\/shop.lattebusche.com\/it\/prodotto\/lo-scrigno-dei-tipici\/"]}]},{"@type":"ImageObject","inLanguage":"it-IT","@id":"https:\/\/shop.lattebusche.com\/it\/prodotto\/lo-scrigno-dei-tipici\/#primaryimage","url":"https:\/\/shop.lattebusche.com\/wp-content\/uploads\/2023\/11\/097L-lo-scrigno-dei-tipici.jpg","contentUrl":"https:\/\/shop.lattebusche.com\/wp-content\/uploads\/2023\/11\/097L-lo-scrigno-dei-tipici.jpg","width":1080,"height":1080},{"@type":"BreadcrumbList","@id":"https:\/\/shop.lattebusche.com\/it\/prodotto\/lo-scrigno-dei-tipici\/#breadcrumb","itemListElement":[{"@type":"ListItem","position":1,"name":"Home","item":"https:\/\/shop.lattebusche.com\/it\/"},{"@type":"ListItem","position":2,"name":"Shop","item":"https:\/\/shop.lattebusche.com\/it\/negozio\/"},{"@type":"ListItem","position":3,"name":"Formaggi","item":"https:\/\/shop.lattebusche.com\/it\/categoria-prodotto\/formaggi\/"},{"@type":"ListItem","position":4,"name":"Lo Scrigno dei Tipici"}]},{"@type":"WebSite","@id":"https:\/\/shop.lattebusche.com\/it\/#website","url":"https:\/\/shop.lattebusche.com\/it\/","name":"Lattebusche shop online","description":"Latteria della Vallata Feltrina","publisher":{"@id":"https:\/\/shop.lattebusche.com\/it\/#organization"},"potentialAction":[{"@type":"SearchAction","target":{"@type":"EntryPoint","urlTemplate":"https:\/\/shop.lattebusche.com\/it\/?s={search_term_string}"},"query-input":{"@type":"PropertyValueSpecification","valueRequired":true,"valueName":"search_term_string"}}],"inLanguage":"it-IT"},{"@type":"Organization","@id":"https:\/\/shop.lattebusche.com\/it\/#organization","name":"Lattebusche","url":"https:\/\/shop.lattebusche.com\/it\/","logo":{"@type":"ImageObject","inLanguage":"it-IT","@id":"https:\/\/shop.lattebusche.com\/it\/#\/schema\/logo\/image\/","url":"https:\/\/shop.lattebusche.com\/wp-content\/uploads\/2022\/06\/cropped-Logo_shop-online.jpg","contentUrl":"https:\/\/shop.lattebusche.com\/wp-content\/uploads\/2022\/06\/cropped-Logo_shop-online.jpg","width":834,"height":306,"caption":"Lattebusche"},"image":{"@id":"https:\/\/shop.lattebusche.com\/it\/#\/schema\/logo\/image\/"}}]}},"featured_img":"https:\/\/shop.lattebusche.com\/wp-content\/uploads\/2023\/11\/097L-lo-scrigno-dei-tipici.jpg","coauthors":[],"author_meta":{"author_link":"https:\/\/shop.lattebusche.com\/it\/author\/gianfrancogiacomel\/","display_name":"Nicola Vello"},"relative_dates":{"created":"Pubblicato 2 anni fa","modified":"Aggiornato 2 mesi fa"},"absolute_dates":{"created":"Pubblicato il 9 Novembre 2023","modified":"Aggiornato il 4 Febbraio 2026"},"absolute_dates_time":{"created":"Pubblicato il 9 Novembre 2023 16:46","modified":"Aggiornato il 4 Febbraio 2026 11:30"},"featured_img_caption":"","tax_additional":{"product_brand":{"linked":[],"unlinked":[],"slug":"product_brand","name":"Marchi"},"product_type":{"linked":["<a href=\"https:\/\/shop.lattebusche.com\/it\/?taxonomy=product_type&#038;term=simple\" class=\"advgb-post-tax-term\">simple<\/a>"],"unlinked":["<span class=\"advgb-post-tax-term\">simple<\/span>"],"slug":"product_type","name":"Tipo di prodotto"},"product_visibility":{"linked":[],"unlinked":[],"slug":"product_visibility","name":"Visibilit\u00e0 del prodotto"},"product_cat":{"linked":["<a href=\"https:\/\/shop.lattebusche.com\/it\/categoria-prodotto\/formaggi\/\" class=\"advgb-post-tax-term\">Formaggi<\/a>","<a href=\"https:\/\/shop.lattebusche.com\/it\/categoria-prodotto\/formaggi\/formaggi-tipici\/\" class=\"advgb-post-tax-term\">Formaggi tipici<\/a>","<a href=\"https:\/\/shop.lattebusche.com\/it\/categoria-prodotto\/selezioni-speciali\/idee-regalo\/\" class=\"advgb-post-tax-term\">Idee regalo<\/a>","<a href=\"https:\/\/shop.lattebusche.com\/it\/categoria-prodotto\/selezioni-speciali\/\" class=\"advgb-post-tax-term\">Selezioni Speciali<\/a>"],"unlinked":["<span class=\"advgb-post-tax-term\">Formaggi<\/span>","<span class=\"advgb-post-tax-term\">Formaggi tipici<\/span>","<span class=\"advgb-post-tax-term\">Idee regalo<\/span>","<span class=\"advgb-post-tax-term\">Selezioni Speciali<\/span>"],"slug":"product_cat","name":"Categorie prodotto"},"product_tag":{"linked":["<a href=\"https:\/\/shop.lattebusche.com\/it\/tag-prodotto\/casel\/\" class=\"advgb-post-tax-term\">Cas\u00e8l<\/a>","<a href=\"https:\/\/shop.lattebusche.com\/it\/tag-prodotto\/gerla\/\" class=\"advgb-post-tax-term\">gerla<\/a>","<a href=\"https:\/\/shop.lattebusche.com\/it\/tag-prodotto\/nostran\/\" class=\"advgb-post-tax-term\">nostran<\/a>"],"unlinked":["<span class=\"advgb-post-tax-term\">Cas\u00e8l<\/span>","<span class=\"advgb-post-tax-term\">gerla<\/span>","<span class=\"advgb-post-tax-term\">nostran<\/span>"],"slug":"product_tag","name":"Tag prodotto"},"product_shipping_class":{"linked":[],"unlinked":[],"slug":"product_shipping_class","name":"Classi di spedizione prodotto"},"pa_brand":{"linked":[],"unlinked":[],"slug":"pa_brand","name":"Product Brand"},"pa_caratteristica":{"linked":["<a href=\"https:\/\/shop.lattebusche.com\/it\/caratteristica\/senza-glutine\/\" class=\"advgb-post-tax-term\">Senza glutine<\/a>"],"unlinked":["<span class=\"advgb-post-tax-term\">Senza glutine<\/span>"],"slug":"pa_caratteristica","name":"Product Caratteristica"},"pa_composizione_distinta_base":{"linked":[],"unlinked":[],"slug":"pa_composizione_distinta_base","name":"Product composizione_distinta_base"},"pa_cost":{"linked":[],"unlinked":[],"slug":"pa_cost","name":"Product Cost"},"pa_country_of_manufacture":{"linked":[],"unlinked":[],"slug":"pa_country_of_manufacture","name":"Product Country of Manufacture"},"pa_des_pezzatura":{"linked":[],"unlinked":[],"slug":"pa_des_pezzatura","name":"Product des_pezzatura"},"pa_descrizione_stampaa_ft":{"linked":[],"unlinked":[],"slug":"pa_descrizione_stampaa_ft","name":"Product descrizione_stampa_ft"},"pa_gtin":{"linked":[],"unlinked":[],"slug":"pa_gtin","name":"Product GTIN"},"pa_manufacturer":{"linked":[],"unlinked":[],"slug":"pa_manufacturer","name":"Product Manufacturer"},"pa_pack":{"linked":[],"unlinked":[],"slug":"pa_pack","name":"Product Confezione"},"pa_pezzatura":{"linked":[],"unlinked":[],"slug":"pa_pezzatura","name":"Product pezzatura"},"pa_recipient_code":{"linked":[],"unlinked":[],"slug":"pa_recipient_code","name":"Product Codice destinatario fattura elettronica"},"translation_priority":{"linked":["<a href=\"https:\/\/shop.lattebusche.com\/it\/?taxonomy=translation_priority&#038;term=opzionale\" class=\"advgb-post-tax-term\">Opzionale<\/a>"],"unlinked":["<span class=\"advgb-post-tax-term\">Opzionale<\/span>"],"slug":"translation_priority","name":"Priorit\u00e0 di Traduzione"},"berocket_brand":{"linked":[],"unlinked":[],"slug":"berocket_brand","name":"Brands"},"fb_product_set":{"linked":[],"unlinked":[],"slug":"fb_product_set","name":"Facebook Product Sets"}},"series_order":"","_links":{"self":[{"href":"https:\/\/shop.lattebusche.com\/it\/wp-json\/wp\/v2\/product\/26718","targetHints":{"allow":["GET"]}}],"collection":[{"href":"https:\/\/shop.lattebusche.com\/it\/wp-json\/wp\/v2\/product"}],"about":[{"href":"https:\/\/shop.lattebusche.com\/it\/wp-json\/wp\/v2\/types\/product"}],"wp:featuredmedia":[{"embeddable":true,"href":"https:\/\/shop.lattebusche.com\/it\/wp-json\/wp\/v2\/media\/26719"}],"wp:attachment":[{"href":"https:\/\/shop.lattebusche.com\/it\/wp-json\/wp\/v2\/media?parent=26718"}],"wp:term":[{"taxonomy":"product_brand","embeddable":true,"href":"https:\/\/shop.lattebusche.com\/it\/wp-json\/wp\/v2\/product_brand?post=26718"},{"taxonomy":"product_cat","embeddable":true,"href":"https:\/\/shop.lattebusche.com\/it\/wp-json\/wp\/v2\/product_cat?post=26718"},{"taxonomy":"product_tag","embeddable":true,"href":"https:\/\/shop.lattebusche.com\/it\/wp-json\/wp\/v2\/product_tag?post=26718"},{"taxonomy":"berocket_brand","embeddable":true,"href":"https:\/\/shop.lattebusche.com\/it\/wp-json\/wp\/v2\/berocket_brand?post=26718"}],"curies":[{"name":"wp","href":"https:\/\/api.w.org\/{rel}","templated":true}]}}