{"id":26726,"date":"2023-11-09T17:16:03","date_gmt":"2023-11-09T16:16:03","guid":{"rendered":"https:\/\/shop.lattebusche.com\/?post_type=product&#038;p=26726"},"modified":"2026-02-02T08:44:24","modified_gmt":"2026-02-02T07:44:24","slug":"lo-scrigno-del-campon","status":"publish","type":"product","link":"https:\/\/shop.lattebusche.com\/it\/prodotto\/lo-scrigno-del-campon\/","title":{"rendered":"Lo Scrigno del Campon"},"content":{"rendered":"<h3><strong>Caratteristiche:<\/strong><\/h3>\n<p>Ingredienti:<strong> latte <\/strong>vaccino, sale, caglio. Crosta non edibile.<\/p>\n<ul>\n<li><strong>Peso <\/strong>forma intera da 1,8kg<\/li>\n<li><strong>Stagionatura<\/strong> minima 16 giorni<\/li>\n<li><strong>Crosta<\/strong> morbida e regolare<\/li>\n<li><strong>Pasta <\/strong>bianco avorio, elastica, gentile al palato, delizia ma non sovrasta<\/li>\n<li><strong><strong>Occhiatura <\/strong><\/strong>piccola e irregolare<\/li>\n<li><strong>Sapore <\/strong>dolce con aromi lattici e di yogurt, morbido e delicato; il profumo \u00e8 gradevole di latte<\/li>\n<li><strong>Suggerimenti <\/strong>si presta a essere gustato sia da solo, per un ottimo snack, oppure inserito in ricette e preparazioni pi\u00f9 elaborate.<\/li>\n<\/ul>\n","protected":false},"excerpt":{"rendered":"<p><strong>Lo Scrigno del Campon. <\/strong>Il Campon Lattebusche \u00e8 un ottimo formaggio da tavola morbido, semplice e genuino, prodotto ancora oggi secondo le antiche regole dell&#8217;arte casearia. La pasta \u00e8 elastica e ricorda la caciotta. La sua occhiatura \u00e8 piccola e irregolare, il profumo \u00e8 gradevole di latte ed il sapore \u00e8 dolce, con aromi lattici e di yogurt. Si presta a essere gustato sia da solo, per un ottimo snack, oppure inserito in ricette e preparazioni pi\u00f9 elaborate. La stagionatura giovane mantiene inalterato il profumo e il sapore inconfondibili del latte di montagna, rigorosamente prodotto dai nostri soci allevatori. La pasta, gentile al palato, delizia ma non sovrasta e ne fa un ottimo ingrediente per sfiziosi abbinamenti. Il giusto compromesso che unisce delicatezza e sapore, senza mai stancare.<\/p>\n<p><strong>Tutta questa bont\u00e0 \u00e8 racchiusa nella scatola Dolomitica decorata Lattebusche.<\/strong><\/p>\n","protected":false},"author":7,"featured_media":26728,"template":"","meta":{"_acf_changed":false,"advgb_blocks_editor_width":"","advgb_blocks_columns_visual_guide":""},"product_brand":[],"product_cat":[39,408,420,403],"product_tag":[],"berocket_brand":[],"class_list":{"0":"post-26726","1":"product","2":"type-product","3":"status-publish","4":"has-post-thumbnail","6":"product_cat-formaggi","7":"product_cat-formaggi-tipici","8":"product_cat-idee-regalo","9":"product_cat-selezioni-speciali","10":"pa_caratteristica-senza-glutine","11":"pa_pack-confezionespeciale","13":"first","14":"instock","15":"taxable","16":"shipping-taxable","17":"purchasable","18":"product-type-simple"},"acf":[],"yoast_head":"<!-- This site is optimized with the Yoast SEO plugin v25.3.1 - https:\/\/yoast.com\/wordpress\/plugins\/seo\/ -->\n<title>Lo Scrigno del Campon - Lattebusche shop online<\/title>\n<meta name=\"description\" content=\"Lo Scrigno del Campon: formaggio a pasta molle dal sapore dolce con aromi lattici e di yogurt. A casa tua con trasporto refrigerato. Acquistalo ora.\" \/>\n<meta name=\"robots\" content=\"index, follow, max-snippet:-1, max-image-preview:large, max-video-preview:-1\" \/>\n<link rel=\"canonical\" href=\"https:\/\/shop.lattebusche.com\/it\/prodotto\/lo-scrigno-del-campon\/\" \/>\n<meta property=\"og:locale\" content=\"it_IT\" \/>\n<meta property=\"og:type\" content=\"article\" \/>\n<meta property=\"og:title\" content=\"Lo Scrigno del Campon - Lattebusche shop online\" \/>\n<meta property=\"og:description\" content=\"Lo Scrigno del Campon: formaggio a pasta molle dal sapore dolce con aromi lattici e di yogurt. A casa tua con trasporto refrigerato. Acquistalo ora.\" \/>\n<meta property=\"og:url\" content=\"https:\/\/shop.lattebusche.com\/it\/prodotto\/lo-scrigno-del-campon\/\" \/>\n<meta property=\"og:site_name\" content=\"Lattebusche shop online\" \/>\n<meta property=\"article:modified_time\" content=\"2026-02-02T07:44:24+00:00\" \/>\n<meta property=\"og:image\" content=\"https:\/\/shop.lattebusche.com\/wp-content\/uploads\/2023\/11\/097K-Scrigno-del-Campon.jpg\" \/>\n\t<meta property=\"og:image:width\" content=\"1080\" \/>\n\t<meta property=\"og:image:height\" content=\"1080\" \/>\n\t<meta property=\"og:image:type\" content=\"image\/jpeg\" \/>\n<meta name=\"twitter:card\" content=\"summary_large_image\" \/>\n<script type=\"application\/ld+json\" class=\"yoast-schema-graph\">{\"@context\":\"https:\/\/schema.org\",\"@graph\":[{\"@type\":\"WebPage\",\"@id\":\"https:\/\/shop.lattebusche.com\/it\/prodotto\/lo-scrigno-del-campon\/\",\"url\":\"https:\/\/shop.lattebusche.com\/it\/prodotto\/lo-scrigno-del-campon\/\",\"name\":\"Lo Scrigno del Campon - Lattebusche shop online\",\"isPartOf\":{\"@id\":\"https:\/\/shop.lattebusche.com\/it\/#website\"},\"primaryImageOfPage\":{\"@id\":\"https:\/\/shop.lattebusche.com\/it\/prodotto\/lo-scrigno-del-campon\/#primaryimage\"},\"image\":{\"@id\":\"https:\/\/shop.lattebusche.com\/it\/prodotto\/lo-scrigno-del-campon\/#primaryimage\"},\"thumbnailUrl\":\"https:\/\/shop.lattebusche.com\/wp-content\/uploads\/2023\/11\/097K-Scrigno-del-Campon.jpg\",\"datePublished\":\"2023-11-09T16:16:03+00:00\",\"dateModified\":\"2026-02-02T07:44:24+00:00\",\"description\":\"Lo Scrigno del Campon: formaggio a pasta molle dal sapore dolce con aromi lattici e di yogurt. A casa tua con trasporto refrigerato. Acquistalo ora.\",\"breadcrumb\":{\"@id\":\"https:\/\/shop.lattebusche.com\/it\/prodotto\/lo-scrigno-del-campon\/#breadcrumb\"},\"inLanguage\":\"it-IT\",\"potentialAction\":[{\"@type\":\"ReadAction\",\"target\":[\"https:\/\/shop.lattebusche.com\/it\/prodotto\/lo-scrigno-del-campon\/\"]}]},{\"@type\":\"ImageObject\",\"inLanguage\":\"it-IT\",\"@id\":\"https:\/\/shop.lattebusche.com\/it\/prodotto\/lo-scrigno-del-campon\/#primaryimage\",\"url\":\"https:\/\/shop.lattebusche.com\/wp-content\/uploads\/2023\/11\/097K-Scrigno-del-Campon.jpg\",\"contentUrl\":\"https:\/\/shop.lattebusche.com\/wp-content\/uploads\/2023\/11\/097K-Scrigno-del-Campon.jpg\",\"width\":1080,\"height\":1080},{\"@type\":\"BreadcrumbList\",\"@id\":\"https:\/\/shop.lattebusche.com\/it\/prodotto\/lo-scrigno-del-campon\/#breadcrumb\",\"itemListElement\":[{\"@type\":\"ListItem\",\"position\":1,\"name\":\"Home\",\"item\":\"https:\/\/shop.lattebusche.com\/it\/\"},{\"@type\":\"ListItem\",\"position\":2,\"name\":\"Shop\",\"item\":\"https:\/\/shop.lattebusche.com\/it\/negozio\/\"},{\"@type\":\"ListItem\",\"position\":3,\"name\":\"Formaggi\",\"item\":\"https:\/\/shop.lattebusche.com\/it\/categoria-prodotto\/formaggi\/\"},{\"@type\":\"ListItem\",\"position\":4,\"name\":\"Lo Scrigno del Campon\"}]},{\"@type\":\"WebSite\",\"@id\":\"https:\/\/shop.lattebusche.com\/it\/#website\",\"url\":\"https:\/\/shop.lattebusche.com\/it\/\",\"name\":\"Lattebusche shop online\",\"description\":\"Latteria della Vallata Feltrina\",\"publisher\":{\"@id\":\"https:\/\/shop.lattebusche.com\/it\/#organization\"},\"potentialAction\":[{\"@type\":\"SearchAction\",\"target\":{\"@type\":\"EntryPoint\",\"urlTemplate\":\"https:\/\/shop.lattebusche.com\/it\/?s={search_term_string}\"},\"query-input\":{\"@type\":\"PropertyValueSpecification\",\"valueRequired\":true,\"valueName\":\"search_term_string\"}}],\"inLanguage\":\"it-IT\"},{\"@type\":\"Organization\",\"@id\":\"https:\/\/shop.lattebusche.com\/it\/#organization\",\"name\":\"Lattebusche\",\"url\":\"https:\/\/shop.lattebusche.com\/it\/\",\"logo\":{\"@type\":\"ImageObject\",\"inLanguage\":\"it-IT\",\"@id\":\"https:\/\/shop.lattebusche.com\/it\/#\/schema\/logo\/image\/\",\"url\":\"https:\/\/shop.lattebusche.com\/wp-content\/uploads\/2022\/06\/cropped-Logo_shop-online.jpg\",\"contentUrl\":\"https:\/\/shop.lattebusche.com\/wp-content\/uploads\/2022\/06\/cropped-Logo_shop-online.jpg\",\"width\":834,\"height\":306,\"caption\":\"Lattebusche\"},\"image\":{\"@id\":\"https:\/\/shop.lattebusche.com\/it\/#\/schema\/logo\/image\/\"}}]}<\/script>\n<!-- \/ Yoast SEO plugin. -->","yoast_head_json":{"title":"Lo Scrigno del Campon - Lattebusche shop online","description":"Lo Scrigno del Campon: formaggio a pasta molle dal sapore dolce con aromi lattici e di yogurt. A casa tua con trasporto refrigerato. Acquistalo ora.","robots":{"index":"index","follow":"follow","max-snippet":"max-snippet:-1","max-image-preview":"max-image-preview:large","max-video-preview":"max-video-preview:-1"},"canonical":"https:\/\/shop.lattebusche.com\/it\/prodotto\/lo-scrigno-del-campon\/","og_locale":"it_IT","og_type":"article","og_title":"Lo Scrigno del Campon - Lattebusche shop online","og_description":"Lo Scrigno del Campon: formaggio a pasta molle dal sapore dolce con aromi lattici e di yogurt. A casa tua con trasporto refrigerato. Acquistalo ora.","og_url":"https:\/\/shop.lattebusche.com\/it\/prodotto\/lo-scrigno-del-campon\/","og_site_name":"Lattebusche shop online","article_modified_time":"2026-02-02T07:44:24+00:00","og_image":[{"width":1080,"height":1080,"url":"https:\/\/shop.lattebusche.com\/wp-content\/uploads\/2023\/11\/097K-Scrigno-del-Campon.jpg","type":"image\/jpeg"}],"twitter_card":"summary_large_image","schema":{"@context":"https:\/\/schema.org","@graph":[{"@type":"WebPage","@id":"https:\/\/shop.lattebusche.com\/it\/prodotto\/lo-scrigno-del-campon\/","url":"https:\/\/shop.lattebusche.com\/it\/prodotto\/lo-scrigno-del-campon\/","name":"Lo Scrigno del Campon - Lattebusche shop online","isPartOf":{"@id":"https:\/\/shop.lattebusche.com\/it\/#website"},"primaryImageOfPage":{"@id":"https:\/\/shop.lattebusche.com\/it\/prodotto\/lo-scrigno-del-campon\/#primaryimage"},"image":{"@id":"https:\/\/shop.lattebusche.com\/it\/prodotto\/lo-scrigno-del-campon\/#primaryimage"},"thumbnailUrl":"https:\/\/shop.lattebusche.com\/wp-content\/uploads\/2023\/11\/097K-Scrigno-del-Campon.jpg","datePublished":"2023-11-09T16:16:03+00:00","dateModified":"2026-02-02T07:44:24+00:00","description":"Lo Scrigno del Campon: formaggio a pasta molle dal sapore dolce con aromi lattici e di yogurt. A casa tua con trasporto refrigerato. Acquistalo ora.","breadcrumb":{"@id":"https:\/\/shop.lattebusche.com\/it\/prodotto\/lo-scrigno-del-campon\/#breadcrumb"},"inLanguage":"it-IT","potentialAction":[{"@type":"ReadAction","target":["https:\/\/shop.lattebusche.com\/it\/prodotto\/lo-scrigno-del-campon\/"]}]},{"@type":"ImageObject","inLanguage":"it-IT","@id":"https:\/\/shop.lattebusche.com\/it\/prodotto\/lo-scrigno-del-campon\/#primaryimage","url":"https:\/\/shop.lattebusche.com\/wp-content\/uploads\/2023\/11\/097K-Scrigno-del-Campon.jpg","contentUrl":"https:\/\/shop.lattebusche.com\/wp-content\/uploads\/2023\/11\/097K-Scrigno-del-Campon.jpg","width":1080,"height":1080},{"@type":"BreadcrumbList","@id":"https:\/\/shop.lattebusche.com\/it\/prodotto\/lo-scrigno-del-campon\/#breadcrumb","itemListElement":[{"@type":"ListItem","position":1,"name":"Home","item":"https:\/\/shop.lattebusche.com\/it\/"},{"@type":"ListItem","position":2,"name":"Shop","item":"https:\/\/shop.lattebusche.com\/it\/negozio\/"},{"@type":"ListItem","position":3,"name":"Formaggi","item":"https:\/\/shop.lattebusche.com\/it\/categoria-prodotto\/formaggi\/"},{"@type":"ListItem","position":4,"name":"Lo Scrigno del Campon"}]},{"@type":"WebSite","@id":"https:\/\/shop.lattebusche.com\/it\/#website","url":"https:\/\/shop.lattebusche.com\/it\/","name":"Lattebusche shop online","description":"Latteria della Vallata Feltrina","publisher":{"@id":"https:\/\/shop.lattebusche.com\/it\/#organization"},"potentialAction":[{"@type":"SearchAction","target":{"@type":"EntryPoint","urlTemplate":"https:\/\/shop.lattebusche.com\/it\/?s={search_term_string}"},"query-input":{"@type":"PropertyValueSpecification","valueRequired":true,"valueName":"search_term_string"}}],"inLanguage":"it-IT"},{"@type":"Organization","@id":"https:\/\/shop.lattebusche.com\/it\/#organization","name":"Lattebusche","url":"https:\/\/shop.lattebusche.com\/it\/","logo":{"@type":"ImageObject","inLanguage":"it-IT","@id":"https:\/\/shop.lattebusche.com\/it\/#\/schema\/logo\/image\/","url":"https:\/\/shop.lattebusche.com\/wp-content\/uploads\/2022\/06\/cropped-Logo_shop-online.jpg","contentUrl":"https:\/\/shop.lattebusche.com\/wp-content\/uploads\/2022\/06\/cropped-Logo_shop-online.jpg","width":834,"height":306,"caption":"Lattebusche"},"image":{"@id":"https:\/\/shop.lattebusche.com\/it\/#\/schema\/logo\/image\/"}}]}},"featured_img":"https:\/\/shop.lattebusche.com\/wp-content\/uploads\/2023\/11\/097K-Scrigno-del-Campon.jpg","coauthors":[],"author_meta":{"author_link":"https:\/\/shop.lattebusche.com\/it\/author\/gianfrancogiacomel\/","display_name":"Nicola Vello"},"relative_dates":{"created":"Pubblicato 2 anni fa","modified":"Aggiornato 2 mesi fa"},"absolute_dates":{"created":"Pubblicato il 9 Novembre 2023","modified":"Aggiornato il 2 Febbraio 2026"},"absolute_dates_time":{"created":"Pubblicato il 9 Novembre 2023 17:16","modified":"Aggiornato il 2 Febbraio 2026 8:44"},"featured_img_caption":"","tax_additional":{"product_brand":{"linked":[],"unlinked":[],"slug":"product_brand","name":"Marchi"},"product_type":{"linked":["<a href=\"https:\/\/shop.lattebusche.com\/it\/?taxonomy=product_type&#038;term=simple\" class=\"advgb-post-tax-term\">simple<\/a>"],"unlinked":["<span class=\"advgb-post-tax-term\">simple<\/span>"],"slug":"product_type","name":"Tipo di prodotto"},"product_visibility":{"linked":[],"unlinked":[],"slug":"product_visibility","name":"Visibilit\u00e0 del prodotto"},"product_cat":{"linked":["<a href=\"https:\/\/shop.lattebusche.com\/it\/categoria-prodotto\/formaggi\/\" class=\"advgb-post-tax-term\">Formaggi<\/a>","<a href=\"https:\/\/shop.lattebusche.com\/it\/categoria-prodotto\/formaggi\/formaggi-tipici\/\" class=\"advgb-post-tax-term\">Formaggi tipici<\/a>","<a href=\"https:\/\/shop.lattebusche.com\/it\/categoria-prodotto\/selezioni-speciali\/idee-regalo\/\" class=\"advgb-post-tax-term\">Idee regalo<\/a>","<a href=\"https:\/\/shop.lattebusche.com\/it\/categoria-prodotto\/selezioni-speciali\/\" class=\"advgb-post-tax-term\">Selezioni Speciali<\/a>"],"unlinked":["<span class=\"advgb-post-tax-term\">Formaggi<\/span>","<span class=\"advgb-post-tax-term\">Formaggi tipici<\/span>","<span class=\"advgb-post-tax-term\">Idee regalo<\/span>","<span class=\"advgb-post-tax-term\">Selezioni Speciali<\/span>"],"slug":"product_cat","name":"Categorie prodotto"},"product_tag":{"linked":[],"unlinked":[],"slug":"product_tag","name":"Tag prodotto"},"product_shipping_class":{"linked":[],"unlinked":[],"slug":"product_shipping_class","name":"Classi di spedizione prodotto"},"pa_brand":{"linked":[],"unlinked":[],"slug":"pa_brand","name":"Product Brand"},"pa_caratteristica":{"linked":["<a href=\"https:\/\/shop.lattebusche.com\/it\/caratteristica\/senza-glutine\/\" class=\"advgb-post-tax-term\">Senza glutine<\/a>"],"unlinked":["<span class=\"advgb-post-tax-term\">Senza glutine<\/span>"],"slug":"pa_caratteristica","name":"Product Caratteristica"},"pa_composizione_distinta_base":{"linked":[],"unlinked":[],"slug":"pa_composizione_distinta_base","name":"Product composizione_distinta_base"},"pa_cost":{"linked":[],"unlinked":[],"slug":"pa_cost","name":"Product Cost"},"pa_country_of_manufacture":{"linked":[],"unlinked":[],"slug":"pa_country_of_manufacture","name":"Product Country of Manufacture"},"pa_des_pezzatura":{"linked":[],"unlinked":[],"slug":"pa_des_pezzatura","name":"Product des_pezzatura"},"pa_descrizione_stampaa_ft":{"linked":[],"unlinked":[],"slug":"pa_descrizione_stampaa_ft","name":"Product descrizione_stampa_ft"},"pa_gtin":{"linked":[],"unlinked":[],"slug":"pa_gtin","name":"Product GTIN"},"pa_manufacturer":{"linked":[],"unlinked":[],"slug":"pa_manufacturer","name":"Product Manufacturer"},"pa_pack":{"linked":["<a href=\"https:\/\/shop.lattebusche.com\/it\/pack\/confezionespeciale\/\" class=\"advgb-post-tax-term\">Confezione speciale<\/a>"],"unlinked":["<span class=\"advgb-post-tax-term\">Confezione speciale<\/span>"],"slug":"pa_pack","name":"Product Confezione"},"pa_pezzatura":{"linked":[],"unlinked":[],"slug":"pa_pezzatura","name":"Product pezzatura"},"pa_recipient_code":{"linked":[],"unlinked":[],"slug":"pa_recipient_code","name":"Product Codice destinatario fattura elettronica"},"translation_priority":{"linked":["<a href=\"https:\/\/shop.lattebusche.com\/it\/?taxonomy=translation_priority&#038;term=opzionale\" class=\"advgb-post-tax-term\">Opzionale<\/a>"],"unlinked":["<span class=\"advgb-post-tax-term\">Opzionale<\/span>"],"slug":"translation_priority","name":"Priorit\u00e0 di Traduzione"},"berocket_brand":{"linked":[],"unlinked":[],"slug":"berocket_brand","name":"Brands"},"fb_product_set":{"linked":[],"unlinked":[],"slug":"fb_product_set","name":"Facebook Product Sets"}},"series_order":"","_links":{"self":[{"href":"https:\/\/shop.lattebusche.com\/it\/wp-json\/wp\/v2\/product\/26726","targetHints":{"allow":["GET"]}}],"collection":[{"href":"https:\/\/shop.lattebusche.com\/it\/wp-json\/wp\/v2\/product"}],"about":[{"href":"https:\/\/shop.lattebusche.com\/it\/wp-json\/wp\/v2\/types\/product"}],"wp:featuredmedia":[{"embeddable":true,"href":"https:\/\/shop.lattebusche.com\/it\/wp-json\/wp\/v2\/media\/26728"}],"wp:attachment":[{"href":"https:\/\/shop.lattebusche.com\/it\/wp-json\/wp\/v2\/media?parent=26726"}],"wp:term":[{"taxonomy":"product_brand","embeddable":true,"href":"https:\/\/shop.lattebusche.com\/it\/wp-json\/wp\/v2\/product_brand?post=26726"},{"taxonomy":"product_cat","embeddable":true,"href":"https:\/\/shop.lattebusche.com\/it\/wp-json\/wp\/v2\/product_cat?post=26726"},{"taxonomy":"product_tag","embeddable":true,"href":"https:\/\/shop.lattebusche.com\/it\/wp-json\/wp\/v2\/product_tag?post=26726"},{"taxonomy":"berocket_brand","embeddable":true,"href":"https:\/\/shop.lattebusche.com\/it\/wp-json\/wp\/v2\/berocket_brand?post=26726"}],"curies":[{"name":"wp","href":"https:\/\/api.w.org\/{rel}","templated":true}]}}