{"id":36310,"date":"2025-05-09T09:29:38","date_gmt":"2025-05-09T07:29:38","guid":{"rendered":"https:\/\/shop.lattebusche.com\/?post_type=product&#038;p=36310"},"modified":"2026-04-07T08:23:52","modified_gmt":"2026-04-07T06:23:52","slug":"formaggio-casel-forma-intera","status":"publish","type":"product","link":"https:\/\/shop.lattebusche.com\/it\/prodotto\/formaggio-casel-forma-intera\/","title":{"rendered":"Cas\u00e8l forma intera 6,5kg ca"},"content":{"rendered":"<h3><strong>Caratteristiche:<\/strong><\/h3>\n<p>Ingredienti:<strong> latte<\/strong> vaccino, sale, caglio. Crosta non edibile.<\/p>\n<ul>\n<li><strong>Confezione <\/strong>sottovuoto<\/li>\n<li><strong>Peso <\/strong>6,5kg ca<\/li>\n<li><strong>Stagionatura<\/strong> minima 20 giorni<\/li>\n<li><strong>Crosta<\/strong> sottile, quasi inesistente<\/li>\n<li><strong>Pasta <\/strong>color giallo paglierino chiaro<\/li>\n<li><strong>Occhiatura<\/strong> piccola e diffusa<\/li>\n<li><strong>Sapore <\/strong>particolarmente delicato e un profumo intenso<\/li>\n<\/ul>\n","protected":false},"excerpt":{"rendered":"<h3><strong>Descrizione breve:\u00a0<\/strong><\/h3>\n<p><strong>Cas\u00e8l forma intera. <\/strong>Il Cas\u00e8l \u00e8 un tipico formaggio Bellunese, frutto della tradizione casearia delle latterie turnarie di un tempo, dove il latte, conferito dai piccoli allevatori del paese, veniva lavorato a turno per ricavare un particolare formaggio fresco identificato come \u201cil latteria \u201d. Prodotto oggi nello stabilimento di Busche, si caratterizza per una pasta di colore giallo paglierino chiaro, con occhiatura piccola e diffusa, e una crosta sottile, quasi inesistente. Presenta un sapore particolarmente delicato e un profumo intenso.<\/p>\n","protected":false},"author":7,"featured_media":21924,"template":"","meta":{"_acf_changed":false,"advgb_blocks_editor_width":"","advgb_blocks_columns_visual_guide":""},"product_brand":[],"product_cat":[39,408,425,407],"product_tag":[495],"berocket_brand":[],"class_list":{"0":"post-36310","1":"product","2":"type-product","3":"status-publish","4":"has-post-thumbnail","6":"product_cat-formaggi","7":"product_cat-formaggi-tipici","8":"product_cat-offerte","9":"product_cat-formati-grande-risparmio","10":"product_tag-casel","11":"pa_caratteristica-senza-glutine","13":"first","14":"instock","15":"sale","16":"taxable","17":"shipping-taxable","18":"purchasable","19":"product-type-simple"},"acf":[],"yoast_head":"<!-- This site is optimized with the Yoast SEO plugin v25.3.1 - https:\/\/yoast.com\/wordpress\/plugins\/seo\/ -->\n<title>Cas\u00e8l forma intera 6,5kg ca - Lattebusche shop online<\/title>\n<meta name=\"description\" content=\"Formaggio Cas\u00e8l forma intera, bont\u00e0 morbida, sapore delicato e profumo intenso: direttamente a casa tua con trasporto a temperatura controllata. Assaggialo!\" \/>\n<meta name=\"robots\" content=\"index, follow, max-snippet:-1, max-image-preview:large, max-video-preview:-1\" \/>\n<link rel=\"canonical\" href=\"https:\/\/shop.lattebusche.com\/it\/prodotto\/formaggio-casel-forma-intera\/\" \/>\n<meta property=\"og:locale\" content=\"it_IT\" \/>\n<meta property=\"og:type\" content=\"article\" \/>\n<meta property=\"og:title\" content=\"Cas\u00e8l forma intera 6,5kg ca - Lattebusche shop online\" \/>\n<meta property=\"og:description\" content=\"Formaggio Cas\u00e8l forma intera, bont\u00e0 morbida, sapore delicato e profumo intenso: direttamente a casa tua con trasporto a temperatura controllata. Assaggialo!\" \/>\n<meta property=\"og:url\" content=\"https:\/\/shop.lattebusche.com\/it\/prodotto\/formaggio-casel-forma-intera\/\" \/>\n<meta property=\"og:site_name\" content=\"Lattebusche shop online\" \/>\n<meta property=\"article:modified_time\" content=\"2026-04-07T06:23:52+00:00\" \/>\n<meta property=\"og:image\" content=\"https:\/\/shop.lattebusche.com\/wp-content\/uploads\/2022\/11\/Casel-forma-intera.jpg\" \/>\n\t<meta property=\"og:image:width\" content=\"1000\" \/>\n\t<meta property=\"og:image:height\" content=\"1000\" \/>\n\t<meta property=\"og:image:type\" content=\"image\/jpeg\" \/>\n<meta name=\"twitter:card\" content=\"summary_large_image\" \/>\n<script type=\"application\/ld+json\" class=\"yoast-schema-graph\">{\"@context\":\"https:\/\/schema.org\",\"@graph\":[{\"@type\":\"WebPage\",\"@id\":\"https:\/\/shop.lattebusche.com\/it\/prodotto\/formaggio-casel-forma-intera\/\",\"url\":\"https:\/\/shop.lattebusche.com\/it\/prodotto\/formaggio-casel-forma-intera\/\",\"name\":\"Cas\u00e8l forma intera 6,5kg ca - Lattebusche shop online\",\"isPartOf\":{\"@id\":\"https:\/\/shop.lattebusche.com\/it\/#website\"},\"primaryImageOfPage\":{\"@id\":\"https:\/\/shop.lattebusche.com\/it\/prodotto\/formaggio-casel-forma-intera\/#primaryimage\"},\"image\":{\"@id\":\"https:\/\/shop.lattebusche.com\/it\/prodotto\/formaggio-casel-forma-intera\/#primaryimage\"},\"thumbnailUrl\":\"https:\/\/shop.lattebusche.com\/wp-content\/uploads\/2022\/11\/Casel-forma-intera.jpg\",\"datePublished\":\"2025-05-09T07:29:38+00:00\",\"dateModified\":\"2026-04-07T06:23:52+00:00\",\"description\":\"Formaggio Cas\u00e8l forma intera, bont\u00e0 morbida, sapore delicato e profumo intenso: direttamente a casa tua con trasporto a temperatura controllata. Assaggialo!\",\"breadcrumb\":{\"@id\":\"https:\/\/shop.lattebusche.com\/it\/prodotto\/formaggio-casel-forma-intera\/#breadcrumb\"},\"inLanguage\":\"it-IT\",\"potentialAction\":[{\"@type\":\"ReadAction\",\"target\":[\"https:\/\/shop.lattebusche.com\/it\/prodotto\/formaggio-casel-forma-intera\/\"]}]},{\"@type\":\"ImageObject\",\"inLanguage\":\"it-IT\",\"@id\":\"https:\/\/shop.lattebusche.com\/it\/prodotto\/formaggio-casel-forma-intera\/#primaryimage\",\"url\":\"https:\/\/shop.lattebusche.com\/wp-content\/uploads\/2022\/11\/Casel-forma-intera.jpg\",\"contentUrl\":\"https:\/\/shop.lattebusche.com\/wp-content\/uploads\/2022\/11\/Casel-forma-intera.jpg\",\"width\":1000,\"height\":1000},{\"@type\":\"BreadcrumbList\",\"@id\":\"https:\/\/shop.lattebusche.com\/it\/prodotto\/formaggio-casel-forma-intera\/#breadcrumb\",\"itemListElement\":[{\"@type\":\"ListItem\",\"position\":1,\"name\":\"Home\",\"item\":\"https:\/\/shop.lattebusche.com\/it\/\"},{\"@type\":\"ListItem\",\"position\":2,\"name\":\"Shop\",\"item\":\"https:\/\/shop.lattebusche.com\/it\/negozio\/\"},{\"@type\":\"ListItem\",\"position\":3,\"name\":\"Formaggi\",\"item\":\"https:\/\/shop.lattebusche.com\/it\/categoria-prodotto\/formaggi\/\"},{\"@type\":\"ListItem\",\"position\":4,\"name\":\"Formaggi tipici\",\"item\":\"https:\/\/shop.lattebusche.com\/it\/categoria-prodotto\/formaggi\/formaggi-tipici\/\"},{\"@type\":\"ListItem\",\"position\":5,\"name\":\"Cas\u00e8l forma intera 6,5kg ca\"}]},{\"@type\":\"WebSite\",\"@id\":\"https:\/\/shop.lattebusche.com\/it\/#website\",\"url\":\"https:\/\/shop.lattebusche.com\/it\/\",\"name\":\"Lattebusche shop online\",\"description\":\"Latteria della Vallata Feltrina\",\"publisher\":{\"@id\":\"https:\/\/shop.lattebusche.com\/it\/#organization\"},\"potentialAction\":[{\"@type\":\"SearchAction\",\"target\":{\"@type\":\"EntryPoint\",\"urlTemplate\":\"https:\/\/shop.lattebusche.com\/it\/?s={search_term_string}\"},\"query-input\":{\"@type\":\"PropertyValueSpecification\",\"valueRequired\":true,\"valueName\":\"search_term_string\"}}],\"inLanguage\":\"it-IT\"},{\"@type\":\"Organization\",\"@id\":\"https:\/\/shop.lattebusche.com\/it\/#organization\",\"name\":\"Lattebusche\",\"url\":\"https:\/\/shop.lattebusche.com\/it\/\",\"logo\":{\"@type\":\"ImageObject\",\"inLanguage\":\"it-IT\",\"@id\":\"https:\/\/shop.lattebusche.com\/it\/#\/schema\/logo\/image\/\",\"url\":\"https:\/\/shop.lattebusche.com\/wp-content\/uploads\/2022\/06\/cropped-Logo_shop-online.jpg\",\"contentUrl\":\"https:\/\/shop.lattebusche.com\/wp-content\/uploads\/2022\/06\/cropped-Logo_shop-online.jpg\",\"width\":834,\"height\":306,\"caption\":\"Lattebusche\"},\"image\":{\"@id\":\"https:\/\/shop.lattebusche.com\/it\/#\/schema\/logo\/image\/\"}}]}<\/script>\n<!-- \/ Yoast SEO plugin. -->","yoast_head_json":{"title":"Cas\u00e8l forma intera 6,5kg ca - Lattebusche shop online","description":"Formaggio Cas\u00e8l forma intera, bont\u00e0 morbida, sapore delicato e profumo intenso: direttamente a casa tua con trasporto a temperatura controllata. Assaggialo!","robots":{"index":"index","follow":"follow","max-snippet":"max-snippet:-1","max-image-preview":"max-image-preview:large","max-video-preview":"max-video-preview:-1"},"canonical":"https:\/\/shop.lattebusche.com\/it\/prodotto\/formaggio-casel-forma-intera\/","og_locale":"it_IT","og_type":"article","og_title":"Cas\u00e8l forma intera 6,5kg ca - Lattebusche shop online","og_description":"Formaggio Cas\u00e8l forma intera, bont\u00e0 morbida, sapore delicato e profumo intenso: direttamente a casa tua con trasporto a temperatura controllata. Assaggialo!","og_url":"https:\/\/shop.lattebusche.com\/it\/prodotto\/formaggio-casel-forma-intera\/","og_site_name":"Lattebusche shop online","article_modified_time":"2026-04-07T06:23:52+00:00","og_image":[{"width":1000,"height":1000,"url":"https:\/\/shop.lattebusche.com\/wp-content\/uploads\/2022\/11\/Casel-forma-intera.jpg","type":"image\/jpeg"}],"twitter_card":"summary_large_image","schema":{"@context":"https:\/\/schema.org","@graph":[{"@type":"WebPage","@id":"https:\/\/shop.lattebusche.com\/it\/prodotto\/formaggio-casel-forma-intera\/","url":"https:\/\/shop.lattebusche.com\/it\/prodotto\/formaggio-casel-forma-intera\/","name":"Cas\u00e8l forma intera 6,5kg ca - Lattebusche shop online","isPartOf":{"@id":"https:\/\/shop.lattebusche.com\/it\/#website"},"primaryImageOfPage":{"@id":"https:\/\/shop.lattebusche.com\/it\/prodotto\/formaggio-casel-forma-intera\/#primaryimage"},"image":{"@id":"https:\/\/shop.lattebusche.com\/it\/prodotto\/formaggio-casel-forma-intera\/#primaryimage"},"thumbnailUrl":"https:\/\/shop.lattebusche.com\/wp-content\/uploads\/2022\/11\/Casel-forma-intera.jpg","datePublished":"2025-05-09T07:29:38+00:00","dateModified":"2026-04-07T06:23:52+00:00","description":"Formaggio Cas\u00e8l forma intera, bont\u00e0 morbida, sapore delicato e profumo intenso: direttamente a casa tua con trasporto a temperatura controllata. Assaggialo!","breadcrumb":{"@id":"https:\/\/shop.lattebusche.com\/it\/prodotto\/formaggio-casel-forma-intera\/#breadcrumb"},"inLanguage":"it-IT","potentialAction":[{"@type":"ReadAction","target":["https:\/\/shop.lattebusche.com\/it\/prodotto\/formaggio-casel-forma-intera\/"]}]},{"@type":"ImageObject","inLanguage":"it-IT","@id":"https:\/\/shop.lattebusche.com\/it\/prodotto\/formaggio-casel-forma-intera\/#primaryimage","url":"https:\/\/shop.lattebusche.com\/wp-content\/uploads\/2022\/11\/Casel-forma-intera.jpg","contentUrl":"https:\/\/shop.lattebusche.com\/wp-content\/uploads\/2022\/11\/Casel-forma-intera.jpg","width":1000,"height":1000},{"@type":"BreadcrumbList","@id":"https:\/\/shop.lattebusche.com\/it\/prodotto\/formaggio-casel-forma-intera\/#breadcrumb","itemListElement":[{"@type":"ListItem","position":1,"name":"Home","item":"https:\/\/shop.lattebusche.com\/it\/"},{"@type":"ListItem","position":2,"name":"Shop","item":"https:\/\/shop.lattebusche.com\/it\/negozio\/"},{"@type":"ListItem","position":3,"name":"Formaggi","item":"https:\/\/shop.lattebusche.com\/it\/categoria-prodotto\/formaggi\/"},{"@type":"ListItem","position":4,"name":"Formaggi tipici","item":"https:\/\/shop.lattebusche.com\/it\/categoria-prodotto\/formaggi\/formaggi-tipici\/"},{"@type":"ListItem","position":5,"name":"Cas\u00e8l forma intera 6,5kg ca"}]},{"@type":"WebSite","@id":"https:\/\/shop.lattebusche.com\/it\/#website","url":"https:\/\/shop.lattebusche.com\/it\/","name":"Lattebusche shop online","description":"Latteria della Vallata Feltrina","publisher":{"@id":"https:\/\/shop.lattebusche.com\/it\/#organization"},"potentialAction":[{"@type":"SearchAction","target":{"@type":"EntryPoint","urlTemplate":"https:\/\/shop.lattebusche.com\/it\/?s={search_term_string}"},"query-input":{"@type":"PropertyValueSpecification","valueRequired":true,"valueName":"search_term_string"}}],"inLanguage":"it-IT"},{"@type":"Organization","@id":"https:\/\/shop.lattebusche.com\/it\/#organization","name":"Lattebusche","url":"https:\/\/shop.lattebusche.com\/it\/","logo":{"@type":"ImageObject","inLanguage":"it-IT","@id":"https:\/\/shop.lattebusche.com\/it\/#\/schema\/logo\/image\/","url":"https:\/\/shop.lattebusche.com\/wp-content\/uploads\/2022\/06\/cropped-Logo_shop-online.jpg","contentUrl":"https:\/\/shop.lattebusche.com\/wp-content\/uploads\/2022\/06\/cropped-Logo_shop-online.jpg","width":834,"height":306,"caption":"Lattebusche"},"image":{"@id":"https:\/\/shop.lattebusche.com\/it\/#\/schema\/logo\/image\/"}}]}},"featured_img":"https:\/\/shop.lattebusche.com\/wp-content\/uploads\/2022\/11\/Casel-forma-intera.jpg","coauthors":[],"author_meta":{"author_link":"https:\/\/shop.lattebusche.com\/it\/author\/gianfrancogiacomel\/","display_name":"Nicola Vello"},"relative_dates":{"created":"Pubblicato 11 mesi fa","modified":"Aggiornato 5 giorni fa"},"absolute_dates":{"created":"Pubblicato il 9 Maggio 2025","modified":"Aggiornato il 7 Aprile 2026"},"absolute_dates_time":{"created":"Pubblicato il 9 Maggio 2025 9:29","modified":"Aggiornato il 7 Aprile 2026 8:23"},"featured_img_caption":"","tax_additional":{"product_brand":{"linked":[],"unlinked":[],"slug":"product_brand","name":"Marchi"},"product_type":{"linked":["<a href=\"https:\/\/shop.lattebusche.com\/it\/?taxonomy=product_type&#038;term=simple\" class=\"advgb-post-tax-term\">simple<\/a>"],"unlinked":["<span class=\"advgb-post-tax-term\">simple<\/span>"],"slug":"product_type","name":"Tipo di prodotto"},"product_visibility":{"linked":[],"unlinked":[],"slug":"product_visibility","name":"Visibilit\u00e0 del prodotto"},"product_cat":{"linked":["<a href=\"https:\/\/shop.lattebusche.com\/it\/categoria-prodotto\/formaggi\/\" class=\"advgb-post-tax-term\">Formaggi<\/a>","<a href=\"https:\/\/shop.lattebusche.com\/it\/categoria-prodotto\/formaggi\/formaggi-tipici\/\" class=\"advgb-post-tax-term\">Formaggi tipici<\/a>","<a href=\"https:\/\/shop.lattebusche.com\/it\/categoria-prodotto\/offerte\/\" class=\"advgb-post-tax-term\">Offerte<\/a>","<a href=\"https:\/\/shop.lattebusche.com\/it\/categoria-prodotto\/formaggi\/formati-grande-risparmio\/\" class=\"advgb-post-tax-term\">\ud83d\uded2 Formati Grande Risparmio<\/a>"],"unlinked":["<span class=\"advgb-post-tax-term\">Formaggi<\/span>","<span class=\"advgb-post-tax-term\">Formaggi tipici<\/span>","<span class=\"advgb-post-tax-term\">Offerte<\/span>","<span class=\"advgb-post-tax-term\">\ud83d\uded2 Formati Grande Risparmio<\/span>"],"slug":"product_cat","name":"Categorie prodotto"},"product_tag":{"linked":["<a href=\"https:\/\/shop.lattebusche.com\/it\/tag-prodotto\/casel\/\" class=\"advgb-post-tax-term\">Cas\u00e8l<\/a>"],"unlinked":["<span class=\"advgb-post-tax-term\">Cas\u00e8l<\/span>"],"slug":"product_tag","name":"Tag prodotto"},"product_shipping_class":{"linked":[],"unlinked":[],"slug":"product_shipping_class","name":"Classi di spedizione prodotto"},"pa_brand":{"linked":[],"unlinked":[],"slug":"pa_brand","name":"Product Brand"},"pa_caratteristica":{"linked":["<a href=\"https:\/\/shop.lattebusche.com\/it\/caratteristica\/senza-glutine\/\" class=\"advgb-post-tax-term\">Senza glutine<\/a>"],"unlinked":["<span class=\"advgb-post-tax-term\">Senza glutine<\/span>"],"slug":"pa_caratteristica","name":"Product Caratteristica"},"pa_composizione_distinta_base":{"linked":[],"unlinked":[],"slug":"pa_composizione_distinta_base","name":"Product composizione_distinta_base"},"pa_cost":{"linked":[],"unlinked":[],"slug":"pa_cost","name":"Product Cost"},"pa_country_of_manufacture":{"linked":[],"unlinked":[],"slug":"pa_country_of_manufacture","name":"Product Country of Manufacture"},"pa_des_pezzatura":{"linked":[],"unlinked":[],"slug":"pa_des_pezzatura","name":"Product des_pezzatura"},"pa_descrizione_stampaa_ft":{"linked":[],"unlinked":[],"slug":"pa_descrizione_stampaa_ft","name":"Product descrizione_stampa_ft"},"pa_gtin":{"linked":[],"unlinked":[],"slug":"pa_gtin","name":"Product GTIN"},"pa_manufacturer":{"linked":[],"unlinked":[],"slug":"pa_manufacturer","name":"Product Manufacturer"},"pa_pack":{"linked":[],"unlinked":[],"slug":"pa_pack","name":"Product Confezione"},"pa_pezzatura":{"linked":[],"unlinked":[],"slug":"pa_pezzatura","name":"Product pezzatura"},"pa_recipient_code":{"linked":[],"unlinked":[],"slug":"pa_recipient_code","name":"Product Codice destinatario fattura elettronica"},"translation_priority":{"linked":["<a href=\"https:\/\/shop.lattebusche.com\/it\/?taxonomy=translation_priority&#038;term=opzionale\" class=\"advgb-post-tax-term\">Opzionale<\/a>"],"unlinked":["<span class=\"advgb-post-tax-term\">Opzionale<\/span>"],"slug":"translation_priority","name":"Priorit\u00e0 di Traduzione"},"berocket_brand":{"linked":[],"unlinked":[],"slug":"berocket_brand","name":"Brands"},"fb_product_set":{"linked":[],"unlinked":[],"slug":"fb_product_set","name":"Facebook Product Sets"}},"series_order":"","_links":{"self":[{"href":"https:\/\/shop.lattebusche.com\/it\/wp-json\/wp\/v2\/product\/36310","targetHints":{"allow":["GET"]}}],"collection":[{"href":"https:\/\/shop.lattebusche.com\/it\/wp-json\/wp\/v2\/product"}],"about":[{"href":"https:\/\/shop.lattebusche.com\/it\/wp-json\/wp\/v2\/types\/product"}],"wp:featuredmedia":[{"embeddable":true,"href":"https:\/\/shop.lattebusche.com\/it\/wp-json\/wp\/v2\/media\/21924"}],"wp:attachment":[{"href":"https:\/\/shop.lattebusche.com\/it\/wp-json\/wp\/v2\/media?parent=36310"}],"wp:term":[{"taxonomy":"product_brand","embeddable":true,"href":"https:\/\/shop.lattebusche.com\/it\/wp-json\/wp\/v2\/product_brand?post=36310"},{"taxonomy":"product_cat","embeddable":true,"href":"https:\/\/shop.lattebusche.com\/it\/wp-json\/wp\/v2\/product_cat?post=36310"},{"taxonomy":"product_tag","embeddable":true,"href":"https:\/\/shop.lattebusche.com\/it\/wp-json\/wp\/v2\/product_tag?post=36310"},{"taxonomy":"berocket_brand","embeddable":true,"href":"https:\/\/shop.lattebusche.com\/it\/wp-json\/wp\/v2\/berocket_brand?post=36310"}],"curies":[{"name":"wp","href":"https:\/\/api.w.org\/{rel}","templated":true}]}}